{"id":21,"date":"2019-08-28T18:05:41","date_gmt":"2019-08-28T16:05:41","guid":{"rendered":"https:\/\/www.futbolclubs.es\/academiafar\/?page_id=21"},"modified":"2019-08-28T23:08:43","modified_gmt":"2019-08-28T21:08:43","slug":"history","status":"publish","type":"page","link":"https:\/\/www.futbolclubs.es\/academiafar\/history\/","title":{"rendered":"Historia"},"content":{"rendered":"<p>El triunfo no es una casualidad, sino fruto de trabajo, disciplina y esfuerzo. Desde 2016, Futbol Alt Rendiment ha sido fundado para\u00a0desarrollar el talento hasta su madurez con el entrenamiento adecuado y verdadera pasi\u00f3n por el f\u00fatbol, focalizado siempre al alto rendimiento tanto a nivel humano y personal como a nivel deportivo.\u00a0Si hay algo que define a F.A.R, es el trabajo\u00a0y el esp\u00edritu deportivo.<br \/>\nF.A.R. dispone de los mejores servicios profesionales para crear una proyecci\u00f3n futbol\u00edstica individual. La Tecnificaci\u00f3n, la Escuela de Futbol F.A.R, la Escuela de porteros F.A.R y\u00a0 el F.A.R Stage para equipos extranjeros son ejemplos de ello.<\/p>\n","protected":false},"excerpt":{"rendered":"<p>El triunfo no es una casualidad, sino fruto de trabajo, disciplina y esfuerzo. Desde 2016, Futbol Alt Rendiment ha sido fundado para\u00a0desarrollar el talento hasta su madurez con el entrenamiento adecuado y verdadera pasi\u00f3n por el f\u00fatbol, focalizado siempre al alto rendimiento tanto a nivel humano y personal como a nivel deportivo.\u00a0Si hay algo que [&hellip;]<\/p>\n","protected":false},"author":1292,"featured_media":0,"parent":0,"menu_order":0,"comment_status":"closed","ping_status":"closed","template":"page-templates\/page-history.php","meta":{"footnotes":""},"class_list":["post-21","page","type-page","status-publish","hentry"],"_links":{"self":[{"href":"https:\/\/www.futbolclubs.es\/academiafar\/wp-json\/wp\/v2\/pages\/21","targetHints":{"allow":["GET"]}}],"collection":[{"href":"https:\/\/www.futbolclubs.es\/academiafar\/wp-json\/wp\/v2\/pages"}],"about":[{"href":"https:\/\/www.futbolclubs.es\/academiafar\/wp-json\/wp\/v2\/types\/page"}],"author":[{"embeddable":true,"href":"https:\/\/www.futbolclubs.es\/academiafar\/wp-json\/wp\/v2\/users\/1292"}],"replies":[{"embeddable":true,"href":"https:\/\/www.futbolclubs.es\/academiafar\/wp-json\/wp\/v2\/comments?post=21"}],"version-history":[{"count":3,"href":"https:\/\/www.futbolclubs.es\/academiafar\/wp-json\/wp\/v2\/pages\/21\/revisions"}],"predecessor-version":[{"id":93,"href":"https:\/\/www.futbolclubs.es\/academiafar\/wp-json\/wp\/v2\/pages\/21\/revisions\/93"}],"wp:attachment":[{"href":"https:\/\/www.futbolclubs.es\/academiafar\/wp-json\/wp\/v2\/media?parent=21"}],"curies":[{"name":"wp","href":"https:\/\/api.w.org\/{rel}","templated":true}]}}