{"id":25,"date":"2019-08-28T23:18:24","date_gmt":"2019-08-28T21:18:24","guid":{"rendered":"https:\/\/www.futbolclubs.es\/academiafar\/?page_id=25"},"modified":"2020-02-26T14:56:30","modified_gmt":"2020-02-26T12:56:30","slug":"referees","status":"publish","type":"page","link":"https:\/\/www.futbolclubs.es\/academiafar\/referees\/","title":{"rendered":"FAR Escola"},"content":{"rendered":"<p>FAR Escuela nace para ayudar a recuperar el futbol de calle, creando equipos des de los mas peque\u00f1os (Minis) hasta alevines para desarrollar la metodolog\u00eda propia de la academia en el sistema de futbol 7.<\/p>\n<p>Ven a competir al m\u00e1ximo nivel en el Consell Esportiu de L&#8217;Hospitalet, conoce a tus compa\u00f1eros de equipo y disfruta de este maravilloso deporte!<\/p>\n<p><strong>FAR Escola de porters<\/strong><\/p>\n<p>La academia tambi\u00e9n cuenta con una escuela de porteros \u00fanica, en la cual se trabaja los fundamentos espec\u00edficos y b\u00e1sicos de la porter\u00eda, con el objetivo de progresar y pulir los conceptos de un buen guardameta.<\/p>\n<p>Para mas informaci\u00f3n escriba un correo a: academiafar@gmail.com\/ o llame al 688226045.<\/p>\n","protected":false},"excerpt":{"rendered":"<p>FAR Escuela nace para ayudar a recuperar el futbol de calle, creando equipos des de los mas peque\u00f1os (Minis) hasta alevines para desarrollar la metodolog\u00eda propia de la academia en el sistema de futbol 7. Ven a competir al m\u00e1ximo nivel en el Consell Esportiu de L&#8217;Hospitalet, conoce a tus compa\u00f1eros de equipo y disfruta [&hellip;]<\/p>\n","protected":false},"author":1292,"featured_media":0,"parent":0,"menu_order":0,"comment_status":"closed","ping_status":"closed","template":"page-templates\/page-referees.php","meta":{"footnotes":""},"class_list":["post-25","page","type-page","status-publish","hentry"],"_links":{"self":[{"href":"https:\/\/www.futbolclubs.es\/academiafar\/wp-json\/wp\/v2\/pages\/25","targetHints":{"allow":["GET"]}}],"collection":[{"href":"https:\/\/www.futbolclubs.es\/academiafar\/wp-json\/wp\/v2\/pages"}],"about":[{"href":"https:\/\/www.futbolclubs.es\/academiafar\/wp-json\/wp\/v2\/types\/page"}],"author":[{"embeddable":true,"href":"https:\/\/www.futbolclubs.es\/academiafar\/wp-json\/wp\/v2\/users\/1292"}],"replies":[{"embeddable":true,"href":"https:\/\/www.futbolclubs.es\/academiafar\/wp-json\/wp\/v2\/comments?post=25"}],"version-history":[{"count":5,"href":"https:\/\/www.futbolclubs.es\/academiafar\/wp-json\/wp\/v2\/pages\/25\/revisions"}],"predecessor-version":[{"id":151,"href":"https:\/\/www.futbolclubs.es\/academiafar\/wp-json\/wp\/v2\/pages\/25\/revisions\/151"}],"wp:attachment":[{"href":"https:\/\/www.futbolclubs.es\/academiafar\/wp-json\/wp\/v2\/media?parent=25"}],"curies":[{"name":"wp","href":"https:\/\/api.w.org\/{rel}","templated":true}]}}