{"id":26,"date":"2019-08-28T20:27:37","date_gmt":"2019-08-28T18:27:37","guid":{"rendered":"https:\/\/www.futbolclubs.es\/academiafar\/?page_id=26"},"modified":"2019-10-25T21:19:30","modified_gmt":"2019-10-25T19:19:30","slug":"practices","status":"publish","type":"page","link":"https:\/\/www.futbolclubs.es\/academiafar\/practices\/","title":{"rendered":"Entrenamientos"},"content":{"rendered":"<p>Academia\u00a0 FAR cuenta con los servicios de Tecnificaci\u00f3n (Individual) en el cual se basa \u00fanica y exclusivamente en la mejora del rendimiento del futbolista. Este entrenamiento espec\u00edfico se adapta al horario del futbolista as\u00ed como el d\u00eda y la hora.<\/p>\n<p>Los entrenamientos de la Escuela de futbol, enfocados a la cohesi\u00f3n de grupo como la transmisi\u00f3n de los valores del futbolista, y la mejora del rendimiento del equipo.<\/p>\n","protected":false},"excerpt":{"rendered":"<p>Academia\u00a0 FAR cuenta con los servicios de Tecnificaci\u00f3n (Individual) en el cual se basa \u00fanica y exclusivamente en la mejora del rendimiento del futbolista. Este entrenamiento espec\u00edfico se adapta al horario del futbolista as\u00ed como el d\u00eda y la hora. Los entrenamientos de la Escuela de futbol, enfocados a la cohesi\u00f3n de grupo como la [&hellip;]<\/p>\n","protected":false},"author":1292,"featured_media":0,"parent":0,"menu_order":0,"comment_status":"closed","ping_status":"closed","template":"page-templates\/page-practices.php","meta":{"footnotes":""},"class_list":["post-26","page","type-page","status-publish","hentry"],"_links":{"self":[{"href":"https:\/\/www.futbolclubs.es\/academiafar\/wp-json\/wp\/v2\/pages\/26","targetHints":{"allow":["GET"]}}],"collection":[{"href":"https:\/\/www.futbolclubs.es\/academiafar\/wp-json\/wp\/v2\/pages"}],"about":[{"href":"https:\/\/www.futbolclubs.es\/academiafar\/wp-json\/wp\/v2\/types\/page"}],"author":[{"embeddable":true,"href":"https:\/\/www.futbolclubs.es\/academiafar\/wp-json\/wp\/v2\/users\/1292"}],"replies":[{"embeddable":true,"href":"https:\/\/www.futbolclubs.es\/academiafar\/wp-json\/wp\/v2\/comments?post=26"}],"version-history":[{"count":8,"href":"https:\/\/www.futbolclubs.es\/academiafar\/wp-json\/wp\/v2\/pages\/26\/revisions"}],"predecessor-version":[{"id":133,"href":"https:\/\/www.futbolclubs.es\/academiafar\/wp-json\/wp\/v2\/pages\/26\/revisions\/133"}],"wp:attachment":[{"href":"https:\/\/www.futbolclubs.es\/academiafar\/wp-json\/wp\/v2\/media?parent=26"}],"curies":[{"name":"wp","href":"https:\/\/api.w.org\/{rel}","templated":true}]}}