{"id":28,"date":"2019-08-29T14:50:01","date_gmt":"2019-08-29T12:50:01","guid":{"rendered":"https:\/\/www.futbolclubs.es\/academiafar\/?page_id=28"},"modified":"2023-11-26T20:36:30","modified_gmt":"2023-11-26T18:36:30","slug":"the-club-1","status":"publish","type":"page","link":"https:\/\/www.futbolclubs.es\/academiafar\/the-club-1\/","title":{"rendered":"FAR Tecnificaci\u00f3"},"content":{"rendered":"<p>La Academia ofrece un servicio de Tecnificaci\u00f3n para futbolistas en formaci\u00f3n (hasta juveniles).<\/p>\n<p><strong>Objetivos:\u00a0<\/strong>Mejora del cuadro de rendimiento del futbolista. Hacer un futbolista competitivo y completo en ataque como en defensa.<\/p>\n<p><strong>Cuadro de rendimiento del futbolista:<\/strong><\/p>\n<p>El cuadro de rendimiento del futbolista es el cuadro que marca el nivel competitivo del jugador. Este cuadro se compone de cuatro \u00edtems: la t\u00e9cnica, la t\u00e1ctica, el f\u00edsico y la actitud mental. Para que un jugador sea completo y profesional necesita que los cuatro \u00edtems sean \u00e9lite. En este caso lo que buscamos es la mejora del jugador en su nivel de formaci\u00f3n para llegar a ser un buen jugador de futbol.<\/p>\n<p><em>Cuadro T\u00e9cnico<\/em>: Mejora de la t\u00e9cnica individual del futbolista. Trabajo de la concentraci\u00f3n de la pelota y t\u00e9cnica. Mejora de la creatividad. T\u00e9cnica ofensiva y fundamentos defensivos. (arco de entrada, anticipaci\u00f3n, interceptaci\u00f3n y entrada directa).<\/p>\n<p><em>Cuadro T\u00e1ctico<\/em>: Toma de decisiones en la fase ofensiva y defensiva. Lectura de la posici\u00f3n t\u00e1ctica neutra de ataque y defensa. Mejora del posicionamiento en cada zona del campo (zona uno, zona dos o zona tres).<\/p>\n<p><em>Cuadro F\u00edsico<\/em>: Mejora de la condici\u00f3n f\u00edsica (adaptado a la edad correspondiente del jugador). Seguir una buena alimentaci\u00f3n<\/p>\n<p><em>Cuadro Mental<\/em>: Potenciar la actitud mental. Superaci\u00f3n de adversidades. Charlas individuales y grupales. Sesiones de coaching. Psicolog\u00eda de alto rendimiento y asesoramiento.<\/p>\n<p>&nbsp;<\/p>\n<p><strong>Entrenamiento: <\/strong>Una vez por semana (Martes de 19:20h a 20:20h).\u00a0 Horario\u00a0 adaptable al futbolista tanto por log\u00edstica como disponibilidad. Se entrena por grupos.<\/p>\n<p><strong> Precio:<\/strong>\u00a050 euros mensuales.<\/p>\n<p><strong>Metodolog\u00eda:<\/strong> Propia de la Academia. Se basa en el futbol de calle y se compone de diversos ejercicios: toques, pelota uni\u00f3n-jugador, circuitos t\u00e9cnicos, control y pase con lectura, tempo y velocidad de juego, definici\u00f3n a porter\u00eda, fundamentos defensivos y ofensivos, partidos reducidos con variaci\u00f3n de toques y ejercicios de psicomotricidad entre otros.<\/p>\n<p><strong>Seguimiento del futbolista:<\/strong> Se har\u00e1 un seguimiento mensual al jugador, analizando sus partidos para realizar feedbacks y as\u00ed mejorar su rendimiento.<\/p>\n<p>&nbsp;<\/p>\n<p>&nbsp;<\/p>\n","protected":false},"excerpt":{"rendered":"<p>La Academia ofrece un servicio de Tecnificaci\u00f3n para futbolistas en formaci\u00f3n (hasta juveniles). Objetivos:\u00a0Mejora del cuadro de rendimiento del futbolista. Hacer un futbolista competitivo y completo en ataque como en defensa. Cuadro de rendimiento del futbolista: El cuadro de rendimiento del futbolista es el cuadro que marca el nivel competitivo del jugador. Este cuadro se [&hellip;]<\/p>\n","protected":false},"author":1292,"featured_media":0,"parent":0,"menu_order":0,"comment_status":"closed","ping_status":"closed","template":"page-templates\/page-free.php","meta":{"footnotes":""},"class_list":["post-28","page","type-page","status-publish","hentry"],"_links":{"self":[{"href":"https:\/\/www.futbolclubs.es\/academiafar\/wp-json\/wp\/v2\/pages\/28","targetHints":{"allow":["GET"]}}],"collection":[{"href":"https:\/\/www.futbolclubs.es\/academiafar\/wp-json\/wp\/v2\/pages"}],"about":[{"href":"https:\/\/www.futbolclubs.es\/academiafar\/wp-json\/wp\/v2\/types\/page"}],"author":[{"embeddable":true,"href":"https:\/\/www.futbolclubs.es\/academiafar\/wp-json\/wp\/v2\/users\/1292"}],"replies":[{"embeddable":true,"href":"https:\/\/www.futbolclubs.es\/academiafar\/wp-json\/wp\/v2\/comments?post=28"}],"version-history":[{"count":7,"href":"https:\/\/www.futbolclubs.es\/academiafar\/wp-json\/wp\/v2\/pages\/28\/revisions"}],"predecessor-version":[{"id":203,"href":"https:\/\/www.futbolclubs.es\/academiafar\/wp-json\/wp\/v2\/pages\/28\/revisions\/203"}],"wp:attachment":[{"href":"https:\/\/www.futbolclubs.es\/academiafar\/wp-json\/wp\/v2\/media?parent=28"}],"curies":[{"name":"wp","href":"https:\/\/api.w.org\/{rel}","templated":true}]}}