{"id":29,"date":"2019-08-29T17:07:27","date_gmt":"2019-08-29T15:07:27","guid":{"rendered":"https:\/\/www.futbolclubs.es\/academiafar\/?page_id=29"},"modified":"2019-08-29T17:07:27","modified_gmt":"2019-08-29T15:07:27","slug":"the-club-2","status":"publish","type":"page","link":"https:\/\/www.futbolclubs.es\/academiafar\/the-club-2\/","title":{"rendered":"FAR Alt Rendiment"},"content":{"rendered":"<p>La academia ofrece un servicio de tecnificaci\u00f3n para futbolistas que quieran dar el salto al futbol semi profesional o a la \u00e9lite del deporte.<\/p>\n<p>&nbsp;<\/p>\n<p><strong>Objetivos:\u00a0<\/strong>Mejora del cuadro de rendimiento del futbolista. Hacer un futbolista competitivo y completo en ataque como en defensa.<\/p>\n<p><strong>Cuadro de rendimiento del futbolista:<\/strong><\/p>\n<p>El cuadro de rendimiento del futbolista es el cuadro que marca el nivel competitivo del jugador. Este cuadro se compone de cuatro \u00edtems: la t\u00e9cnica, la t\u00e1ctica, el f\u00edsico y la actitud mental. Para que un jugador sea completo y profesional necesita que los cuatro \u00edtems sean \u00e9lite.<\/p>\n<p><em>Cuadro T\u00e9cnico<\/em>: Mejora de la t\u00e9cnica individual del futbolista. Trabajo de la concentraci\u00f3n de la pelota y t\u00e9cnica. Mejora de la creatividad. T\u00e9cnica ofensiva y fundamentos defensivos. (arco de entrada, anticipaci\u00f3n, interceptaci\u00f3n y entrada directa).<\/p>\n<p><em>Cuadro T\u00e1ctico<\/em>: Toma de decisiones en la fase ofensiva y defensiva. Lectura de la posici\u00f3n t\u00e1ctica neutra de ataque y defensa. Mejora del posicionamiento en cada zona del campo (zona uno, zona dos o zona tres).<\/p>\n<p><em>Cuadro F\u00edsico<\/em>: Mejora del cuadro f\u00edsico. Adaptaci\u00f3n de dietas. Circuitos f\u00edsicos.<\/p>\n<p><em>Cuadro Mental<\/em>: Potenciar la actitud mental. Superaci\u00f3n de adversidades. Charlas individuales y grupales. Sesiones de coaching. Psicolog\u00eda de alto rendimiento y asesoramiento.<\/p>\n<p><strong>Horario de entreno:\u00a0<\/strong>Una vez a la semana. Totalmente adaptado al futbolista a nivel de log\u00edstica y disponibilidad.<\/p>\n<p><strong>Precio:\u00a0<\/strong>80 euros mensuales.<\/p>\n","protected":false},"excerpt":{"rendered":"<p>La academia ofrece un servicio de tecnificaci\u00f3n para futbolistas que quieran dar el salto al futbol semi profesional o a la \u00e9lite del deporte. &nbsp; Objetivos:\u00a0Mejora del cuadro de rendimiento del futbolista. Hacer un futbolista competitivo y completo en ataque como en defensa. Cuadro de rendimiento del futbolista: El cuadro de rendimiento del futbolista es [&hellip;]<\/p>\n","protected":false},"author":1292,"featured_media":0,"parent":0,"menu_order":0,"comment_status":"closed","ping_status":"closed","template":"page-templates\/page-free.php","meta":{"footnotes":""},"class_list":["post-29","page","type-page","status-publish","hentry"],"_links":{"self":[{"href":"https:\/\/www.futbolclubs.es\/academiafar\/wp-json\/wp\/v2\/pages\/29","targetHints":{"allow":["GET"]}}],"collection":[{"href":"https:\/\/www.futbolclubs.es\/academiafar\/wp-json\/wp\/v2\/pages"}],"about":[{"href":"https:\/\/www.futbolclubs.es\/academiafar\/wp-json\/wp\/v2\/types\/page"}],"author":[{"embeddable":true,"href":"https:\/\/www.futbolclubs.es\/academiafar\/wp-json\/wp\/v2\/users\/1292"}],"replies":[{"embeddable":true,"href":"https:\/\/www.futbolclubs.es\/academiafar\/wp-json\/wp\/v2\/comments?post=29"}],"version-history":[{"count":2,"href":"https:\/\/www.futbolclubs.es\/academiafar\/wp-json\/wp\/v2\/pages\/29\/revisions"}],"predecessor-version":[{"id":115,"href":"https:\/\/www.futbolclubs.es\/academiafar\/wp-json\/wp\/v2\/pages\/29\/revisions\/115"}],"wp:attachment":[{"href":"https:\/\/www.futbolclubs.es\/academiafar\/wp-json\/wp\/v2\/media?parent=29"}],"curies":[{"name":"wp","href":"https:\/\/api.w.org\/{rel}","templated":true}]}}