{"id":28,"date":"2020-06-30T10:43:50","date_gmt":"2020-06-30T08:43:50","guid":{"rendered":"https:\/\/www.futbolclubs.es\/adef\/?page_id=28"},"modified":"2020-10-08T00:41:44","modified_gmt":"2020-10-07T22:41:44","slug":"the-club-1","status":"publish","type":"page","link":"https:\/\/www.futbolclubs.es\/adef\/the-club-1\/","title":{"rendered":"Nuevos Equipos de F\u00fatbol 7"},"content":{"rendered":"<p><strong>Spartac ADEF<\/strong>: Jugar\u00e1 la <em>Liga Fulanita de Tal<\/em> en Primera Divisi\u00f3n. Domingos por la tarde en Madrid R\u00edo.<\/p>\n<p><strong>ADEF<\/strong>: Jugar\u00e1 la <em>Liga Fulanita de Tal<\/em> en Segunda Divisi\u00f3n. Domingos por la tarde en las instalaciones de Manoteras.<\/p>\n","protected":false},"excerpt":{"rendered":"<p>Spartac ADEF: Jugar\u00e1 la Liga Fulanita de Tal en Primera Divisi\u00f3n. Domingos por la tarde en Madrid R\u00edo. ADEF: Jugar\u00e1 la Liga Fulanita de Tal en Segunda Divisi\u00f3n. Domingos por la tarde en las instalaciones de Manoteras.<\/p>\n","protected":false},"author":1497,"featured_media":0,"parent":0,"menu_order":0,"comment_status":"closed","ping_status":"closed","template":"page-templates\/page-free.php","meta":{"footnotes":""},"class_list":["post-28","page","type-page","status-publish","hentry"],"_links":{"self":[{"href":"https:\/\/www.futbolclubs.es\/adef\/wp-json\/wp\/v2\/pages\/28","targetHints":{"allow":["GET"]}}],"collection":[{"href":"https:\/\/www.futbolclubs.es\/adef\/wp-json\/wp\/v2\/pages"}],"about":[{"href":"https:\/\/www.futbolclubs.es\/adef\/wp-json\/wp\/v2\/types\/page"}],"author":[{"embeddable":true,"href":"https:\/\/www.futbolclubs.es\/adef\/wp-json\/wp\/v2\/users\/1497"}],"replies":[{"embeddable":true,"href":"https:\/\/www.futbolclubs.es\/adef\/wp-json\/wp\/v2\/comments?post=28"}],"version-history":[{"count":6,"href":"https:\/\/www.futbolclubs.es\/adef\/wp-json\/wp\/v2\/pages\/28\/revisions"}],"predecessor-version":[{"id":248,"href":"https:\/\/www.futbolclubs.es\/adef\/wp-json\/wp\/v2\/pages\/28\/revisions\/248"}],"wp:attachment":[{"href":"https:\/\/www.futbolclubs.es\/adef\/wp-json\/wp\/v2\/media?parent=28"}],"curies":[{"name":"wp","href":"https:\/\/api.w.org\/{rel}","templated":true}]}}