{"id":29,"date":"2020-06-30T14:23:24","date_gmt":"2020-06-30T12:23:24","guid":{"rendered":"https:\/\/www.futbolclubs.es\/adef\/?page_id=29"},"modified":"2020-10-07T18:16:56","modified_gmt":"2020-10-07T16:16:56","slug":"the-club-2","status":"publish","type":"page","link":"https:\/\/www.futbolclubs.es\/adef\/the-club-2\/","title":{"rendered":"Procedimiento Covid &#8211; 19"},"content":{"rendered":"<p>Entrenamientos planificados y adaptados para cumplir con todas las premisas impuestas por y para nuestra seguridad:<\/p>\n<ul>\n<li>Mascarilla obligatoria durante toda la sesi\u00f3n y partidos.<\/li>\n<li>Gel hidroalcoh\u00f3lico a disposici\u00f3n de las Jugadoras.<\/li>\n<li>Limpieza con spray de alcohol de todo el material antes y despu\u00e9s de cada sesi\u00f3n.<\/li>\n<li>Formulario de control y seguimiento de cada jugadora.<\/li>\n<\/ul>\n","protected":false},"excerpt":{"rendered":"<p>Entrenamientos planificados y adaptados para cumplir con todas las premisas impuestas por y para nuestra seguridad: Mascarilla obligatoria durante toda la sesi\u00f3n y partidos. Gel hidroalcoh\u00f3lico a disposici\u00f3n de las Jugadoras. Limpieza con spray de alcohol de todo el material antes y despu\u00e9s de cada sesi\u00f3n. Formulario de control y seguimiento de cada jugadora.<\/p>\n","protected":false},"author":1497,"featured_media":0,"parent":0,"menu_order":0,"comment_status":"closed","ping_status":"closed","template":"page-templates\/page-free.php","meta":{"footnotes":""},"class_list":["post-29","page","type-page","status-publish","hentry"],"_links":{"self":[{"href":"https:\/\/www.futbolclubs.es\/adef\/wp-json\/wp\/v2\/pages\/29","targetHints":{"allow":["GET"]}}],"collection":[{"href":"https:\/\/www.futbolclubs.es\/adef\/wp-json\/wp\/v2\/pages"}],"about":[{"href":"https:\/\/www.futbolclubs.es\/adef\/wp-json\/wp\/v2\/types\/page"}],"author":[{"embeddable":true,"href":"https:\/\/www.futbolclubs.es\/adef\/wp-json\/wp\/v2\/users\/1497"}],"replies":[{"embeddable":true,"href":"https:\/\/www.futbolclubs.es\/adef\/wp-json\/wp\/v2\/comments?post=29"}],"version-history":[{"count":7,"href":"https:\/\/www.futbolclubs.es\/adef\/wp-json\/wp\/v2\/pages\/29\/revisions"}],"predecessor-version":[{"id":245,"href":"https:\/\/www.futbolclubs.es\/adef\/wp-json\/wp\/v2\/pages\/29\/revisions\/245"}],"wp:attachment":[{"href":"https:\/\/www.futbolclubs.es\/adef\/wp-json\/wp\/v2\/media?parent=29"}],"curies":[{"name":"wp","href":"https:\/\/api.w.org\/{rel}","templated":true}]}}