{"id":30,"date":"2020-06-30T15:45:56","date_gmt":"2020-06-30T13:45:56","guid":{"rendered":"https:\/\/www.futbolclubs.es\/adef\/?page_id=30"},"modified":"2020-10-08T00:57:36","modified_gmt":"2020-10-07T22:57:36","slug":"the-club-3","status":"publish","type":"page","link":"https:\/\/www.futbolclubs.es\/adef\/the-club-3\/","title":{"rendered":"Cr\u00f3nicas"},"content":{"rendered":"<p>Cr\u00f3nica de partido y las mejores im\u00e1genes de la jornada.<\/p>\n<p><em><strong>Liga Fulanita de Tal F\u00fatbol 7<\/strong><\/em><\/p>\n<p><a href=\"https:\/\/ligafulanitadetal.com\/madridrio2021\/calendario\">https:\/\/ligafulanitadetal.com\/madridrio2021\/calendario<\/a><\/p>\n<p>&nbsp;<\/p>\n<p>&nbsp;<\/p>\n<p>&nbsp;<\/p>\n","protected":false},"excerpt":{"rendered":"<p>Cr\u00f3nica de partido y las mejores im\u00e1genes de la jornada. Liga Fulanita de Tal F\u00fatbol 7 https:\/\/ligafulanitadetal.com\/madridrio2021\/calendario &nbsp; &nbsp; &nbsp;<\/p>\n","protected":false},"author":1497,"featured_media":0,"parent":0,"menu_order":0,"comment_status":"closed","ping_status":"closed","template":"page-templates\/page-free.php","meta":{"footnotes":""},"class_list":["post-30","page","type-page","status-publish","hentry"],"_links":{"self":[{"href":"https:\/\/www.futbolclubs.es\/adef\/wp-json\/wp\/v2\/pages\/30","targetHints":{"allow":["GET"]}}],"collection":[{"href":"https:\/\/www.futbolclubs.es\/adef\/wp-json\/wp\/v2\/pages"}],"about":[{"href":"https:\/\/www.futbolclubs.es\/adef\/wp-json\/wp\/v2\/types\/page"}],"author":[{"embeddable":true,"href":"https:\/\/www.futbolclubs.es\/adef\/wp-json\/wp\/v2\/users\/1497"}],"replies":[{"embeddable":true,"href":"https:\/\/www.futbolclubs.es\/adef\/wp-json\/wp\/v2\/comments?post=30"}],"version-history":[{"count":6,"href":"https:\/\/www.futbolclubs.es\/adef\/wp-json\/wp\/v2\/pages\/30\/revisions"}],"predecessor-version":[{"id":252,"href":"https:\/\/www.futbolclubs.es\/adef\/wp-json\/wp\/v2\/pages\/30\/revisions\/252"}],"wp:attachment":[{"href":"https:\/\/www.futbolclubs.es\/adef\/wp-json\/wp\/v2\/media?parent=30"}],"curies":[{"name":"wp","href":"https:\/\/api.w.org\/{rel}","templated":true}]}}