{"id":21,"date":"2017-09-25T11:27:56","date_gmt":"2017-09-25T09:27:56","guid":{"rendered":"https:\/\/www.futbolclubs.es\/campanabpie\/?page_id=21"},"modified":"2025-08-31T06:53:14","modified_gmt":"2025-08-31T04:53:14","slug":"history","status":"publish","type":"page","link":"https:\/\/www.futbolclubs.es\/campanabpie\/history\/","title":{"rendered":"Historia"},"content":{"rendered":"<p style=\"text-align: justify\">Club Campana Balompi\u00e9, equipo centenario, el a\u00f1o 2013 cumplimos 100 a\u00f1os de Historia.<\/p>\n","protected":false},"excerpt":{"rendered":"<p>Club Campana Balompi\u00e9, equipo centenario, el a\u00f1o 2013 cumplimos 100 a\u00f1os de Historia.<\/p>\n","protected":false},"author":42,"featured_media":0,"parent":0,"menu_order":0,"comment_status":"closed","ping_status":"closed","template":"page-templates\/page-history.php","meta":{"footnotes":""},"class_list":["post-21","page","type-page","status-publish","hentry"],"_links":{"self":[{"href":"https:\/\/www.futbolclubs.es\/campanabpie\/wp-json\/wp\/v2\/pages\/21","targetHints":{"allow":["GET"]}}],"collection":[{"href":"https:\/\/www.futbolclubs.es\/campanabpie\/wp-json\/wp\/v2\/pages"}],"about":[{"href":"https:\/\/www.futbolclubs.es\/campanabpie\/wp-json\/wp\/v2\/types\/page"}],"author":[{"embeddable":true,"href":"https:\/\/www.futbolclubs.es\/campanabpie\/wp-json\/wp\/v2\/users\/42"}],"replies":[{"embeddable":true,"href":"https:\/\/www.futbolclubs.es\/campanabpie\/wp-json\/wp\/v2\/comments?post=21"}],"version-history":[{"count":11,"href":"https:\/\/www.futbolclubs.es\/campanabpie\/wp-json\/wp\/v2\/pages\/21\/revisions"}],"predecessor-version":[{"id":317,"href":"https:\/\/www.futbolclubs.es\/campanabpie\/wp-json\/wp\/v2\/pages\/21\/revisions\/317"}],"wp:attachment":[{"href":"https:\/\/www.futbolclubs.es\/campanabpie\/wp-json\/wp\/v2\/media?parent=21"}],"curies":[{"name":"wp","href":"https:\/\/api.w.org\/{rel}","templated":true}]}}