{"id":21,"date":"2020-04-26T11:56:21","date_gmt":"2020-04-26T09:56:21","guid":{"rendered":"https:\/\/www.futbolclubs.es\/canrullrt\/?page_id=21"},"modified":"2020-04-29T12:55:12","modified_gmt":"2020-04-29T10:55:12","slug":"history","status":"publish","type":"page","link":"https:\/\/www.futbolclubs.es\/canrullrt\/history\/","title":{"rendered":"Historia"},"content":{"rendered":"<p><img loading=\"lazy\" decoding=\"async\" class=\" wp-image-92 aligncenter\" src=\"https:\/\/www.futbolclubs.es\/canrullrt\/wp-content\/uploads\/sites\/319\/2020\/04\/logocanrull1-Convertido-COLOR-300x292.jpg\" alt=\"\" width=\"196\" height=\"191\" srcset=\"https:\/\/www.futbolclubs.es\/canrullrt\/wp-content\/uploads\/sites\/319\/2020\/04\/logocanrull1-Convertido-COLOR-300x292.jpg 300w, https:\/\/www.futbolclubs.es\/canrullrt\/wp-content\/uploads\/sites\/319\/2020\/04\/logocanrull1-Convertido-COLOR-768x747.jpg 768w, https:\/\/www.futbolclubs.es\/canrullrt\/wp-content\/uploads\/sites\/319\/2020\/04\/logocanrull1-Convertido-COLOR.jpg 772w\" sizes=\"auto, (max-width: 196px) 100vw, 196px\" \/>En Fecha 3 De julio de 1.999 y por acuerdo de las respectivas asambleas de socios de dos Clubes hist\u00f3ricos en Sabadell, el \u201cCLUB FUTBOL CAN RULL\u201d y \u201cUNI\u00d3 ROMULO TRONCHONI CLUB F\u00daTBOL\u201d nace la nueva entidad deportiva \u201cCLUB FUTBOL UNI\u00d3 CAN RULL ROMULO TRONCHONI\u201d, bajo la presidencia de D. Luis Del Valle Fern\u00e1ndez.<\/p>\n<p>Los colores elegidos s\u00f3n camiseta arlequinada roja y blanca pantalon rojo con banda blanca y medias rojas con vuelta blanca.<\/p>\n<p>El escudo representa las Entidades de los que nace el nuevo club, es decir, cabecera blanquiverde con bal\u00f3n de f\u00fatbol en el centro. En la parte media arlequinado rojo y amarillo con banda azul cruzada y sobre fondo azul la tipica \u201cceba\u201d representativa de nuestra ciudad. En la parte inferior la \u201cSENYERA\u201d representativa de CATALUNYA.<\/p>\n<p><img loading=\"lazy\" decoding=\"async\" class=\"wp-image-93 aligncenter\" src=\"https:\/\/www.futbolclubs.es\/canrullrt\/wp-content\/uploads\/sites\/319\/2020\/04\/Can-rull-ropa.jpg\" alt=\"\" width=\"74\" height=\"197\" \/><\/p>\n<p>El \u201cCLUB FUTBOL CAN RULL\u201d uno de los integrantes de la nueva entidad, fue creado en el a\u00f1o 1.962, bajo la denominaci\u00f3n de \u201cBAR PARQUE\u201d, el hecho de que los fundadores del mismo (Bredner, F\u00edsica y los hermanos G\u00e1lvez), fueran de origen cordob\u00e9s explica que eligieran como colores para la nueva entidad los mismos que el C\u00f3rdoba C.F..\u00a0 En el a\u00f1o 1.967 pas\u00f3 a denominarse con su nombre definitivo de CAN RULL C.F., para cinco a\u00f1os mas tarde inscribirse en la Federaci\u00f3n Catalana como tal. El escudo de la entidad estaba formado por cuatro barras verdes y cinco blancas sobre las que posa una liebre.<\/p>\n<div id=\"attachment_88\" style=\"width: 185px\" class=\"wp-caption alignright\"><img loading=\"lazy\" decoding=\"async\" aria-describedby=\"caption-attachment-88\" class=\"wp-image-88 size-full\" src=\"https:\/\/www.futbolclubs.es\/canrullrt\/wp-content\/uploads\/sites\/319\/2020\/04\/can-rull-viejo.png\" alt=\"\" width=\"175\" height=\"240\" \/><p id=\"caption-attachment-88\" class=\"wp-caption-text\">Escudo Can Rull c.f.<\/p><\/div>\n<div id=\"attachment_95\" style=\"width: 199px\" class=\"wp-caption alignleft\"><img loading=\"lazy\" decoding=\"async\" aria-describedby=\"caption-attachment-95\" class=\"wp-image-95 size-full\" src=\"https:\/\/www.futbolclubs.es\/canrullrt\/wp-content\/uploads\/sites\/319\/2020\/04\/can-rull-conejo.png\" alt=\"\" width=\"189\" height=\"267\" \/><p id=\"caption-attachment-95\" class=\"wp-caption-text\">Escudo del Can Rull C.F. en el momento de la uni\u00f3n<\/p><\/div>\n<p>&nbsp;<\/p>\n<p>&nbsp;<\/p>\n<p>&nbsp;<\/p>\n<p>&nbsp;<\/p>\n<p>&nbsp;<\/p>\n<p>&nbsp;<\/p>\n<p>&nbsp;<\/p>\n<p>&nbsp;<\/p>\n<p>&nbsp;<\/p>\n<p>&nbsp;<\/p>\n<p>La \u00e9poca m\u00e1s floreciente fue a principios de los a\u00f1os 80, cuando el primer equipo de la entidad militaba en la Primera Categor\u00eda Regional. Posteriormente, la p\u00e9rdida de esta categor\u00eda y a\u00f1os mas tarde el cambio de ubicaci\u00f3n de su terreno de juego, provoc\u00f3 una crisis que hizo peligrar la continuidad de esta entidad, una de las de mas solera de la ciudad. Fue bajo la presidencia de D.Francisco Raya Mart\u00ednez, que junto a su directiva, consigui\u00f3 recuperar e incluso superar la mejor imagen del Club, lleg\u00e1ndose a formar un f\u00fatbol base con un total de 220 jugadores, divididos en doce equipos, mas el conjunto Amateur, que milita en la segunda categor\u00eda regional.<\/p>\n<p>En la fecha de la fusi\u00f3n la presidencia la ostentaba el Sr. Francisco Herrera Martos.<\/p>\n<p>&nbsp;<\/p>\n<div id=\"attachment_89\" style=\"width: 202px\" class=\"wp-caption aligncenter\"><img loading=\"lazy\" decoding=\"async\" aria-describedby=\"caption-attachment-89\" class=\"wp-image-89 \" src=\"https:\/\/www.futbolclubs.es\/canrullrt\/wp-content\/uploads\/sites\/319\/2020\/04\/equipacion-romulo-tronchoni-257x300.png\" alt=\"\" width=\"192\" height=\"224\" srcset=\"https:\/\/www.futbolclubs.es\/canrullrt\/wp-content\/uploads\/sites\/319\/2020\/04\/equipacion-romulo-tronchoni-257x300.png 257w, https:\/\/www.futbolclubs.es\/canrullrt\/wp-content\/uploads\/sites\/319\/2020\/04\/equipacion-romulo-tronchoni.png 378w\" sizes=\"auto, (max-width: 192px) 100vw, 192px\" \/><p id=\"caption-attachment-89\" class=\"wp-caption-text\">Equipaci\u00f3n del CFU R\u00f3mulo Tronchoni<\/p><\/div>\n<p>&nbsp;<\/p>\n<p>El segundo de los integrantes de la fusi\u00f3n el\u00a0 \u201cUNI\u00d3 ROMULO TRONCHONI CLUB F\u00daTBOL\u201d es a su vez producto de otra fusi\u00f3n efectuada el 11 de Junio de 1.988 entre los clubes \u201cU.D. ROMULO C.F.\u201d (Club fundado el a\u00f1o 1.970) y \u201cU.E. PENYA TRONCHONI\u201d (Club creado por los hermanos D. Antonio Tronchoni y Eduardo Tronchoni\u00a0 en el a\u00f1o 1.952, inscribi\u00e9ndose federativamente en 1.957).<\/p>\n<p>Bajo la presidencia de D.Luis Del Valle Fern\u00e1ndez, como presidente de U.D. ROMULO y D. Santos Bote Serrano como presidente de U.E. PENYA TRONCHONI, se produce la fusi\u00f3n creando el nuevo club UNIO ROMULO TRONCHONI C.F. eligi\u00e9ndose por acuerdo mayoritario de la primera junta directiva tanto el nombre como los colores representativos de la nueva entidad, camiseta arlequinada en rojo y amarillo con banda azul cruzada, pantal\u00f3n azul y medias azules con vuelta amarilla, el escudo simboliza la uni\u00f3n, representada por una manos estrech\u00e1ndose y un bal\u00f3n de f\u00fatbol en la parte superior. En la zona media los colores del club, en el lado izquierdo el de la camiseta (arlequinada en rojo y amarillo con banda azul cruzada) y en el derecho el del pantal\u00f3n (azul) con la t\u00edpica \u201cceba\u201d que identifica la ciudad. En la zona inferior las cuatro barras catalanas.<\/p>\n<div id=\"attachment_91\" style=\"width: 253px\" class=\"wp-caption alignright\"><img loading=\"lazy\" decoding=\"async\" aria-describedby=\"caption-attachment-91\" class=\"wp-image-91 \" src=\"https:\/\/www.futbolclubs.es\/canrullrt\/wp-content\/uploads\/sites\/319\/2020\/04\/tronchoni.png\" alt=\"\" width=\"243\" height=\"253\" \/><p id=\"caption-attachment-91\" class=\"wp-caption-text\">Escudo U.D. Pe\u00f1a Tronchoni<\/p><\/div>\n<div id=\"attachment_90\" style=\"width: 167px\" class=\"wp-caption alignnone\"><img loading=\"lazy\" decoding=\"async\" aria-describedby=\"caption-attachment-90\" class=\"wp-image-90 \" src=\"https:\/\/www.futbolclubs.es\/canrullrt\/wp-content\/uploads\/sites\/319\/2020\/04\/romulo-186x300.gif\" alt=\"\" width=\"157\" height=\"253\" \/><p id=\"caption-attachment-90\" class=\"wp-caption-text\">Escudo R\u00f3mulo C.F.<\/p><\/div>\n<p>&nbsp;<\/p>\n<p>Poseemos muy buenas relaciones con los distintos Clubes de la ciudad as\u00ed como con los de toda la comarca.<\/p>\n<p>Tambi\u00e9n tenemos un convenio firmado con el F.C. BARCELONA, de colaboraci\u00f3n para que los ni\u00f1os que a este club le interesen, tengan prioridad sobre otros clubes.<\/p>\n<p>La\u00a0 temporada 00\/01 se llev\u00f3 3 ni\u00f1os el R.C.D. ESPANYOL DE BARCELONA y uno el F.C. BARCELONA (Cristian Tello), y nuestra mayor satisfacci\u00f3n es conseguir que los Clubes importantes , se fijen en ni\u00f1os salidos de nuestra escuela.<\/p>\n<p>En la temporada 02\/03 fueron campeones de liga los equipos JUVENIL \u201cB\u201d Y CADETE \u201cC\u201d en segunda divisi\u00f3n consiguiendo el ascenso a primera divisi\u00f3n.<\/p>\n<p>En la temporada 03\/04 fueron campeones de liga los equipos JUVENIL \u201cA\u201d, INFANTIL \u201cA\u201d , ALEVIN \u201cA\u201d\u00a0 todos en primera division y asimismo el INFANTIL Y EL ALEVIN jugaron la promocion de ascenso a PREFERENTE, el INFANTIL elimino en una emocionante eliminatoria contra el<\/p>\n<p>MARIANAO POBLET y el ALEVIN dejo en el camino AL SANTA CLARA DE MANRESA Y EL RIPOLLET.<\/p>\n<p>Temporada 05\/06 el equipo Alevin \u201cA\u201d consigue el ascenso a la recien creada division de honor Alevin entrando entre los 16 mejores equipos de Catalu\u00f1a.<\/p>\n<p>En la temporada 2017\/18 se llega a un acuerdo con el C.E. Mercantil para unir fuerzas deportivamente y se llega a un acuerdo en el cual el CFU Can Rull R\u00f3mulo Tronchoni se vuelve patrocinador del C.E. Mercantil.<\/p>\n","protected":false},"excerpt":{"rendered":"<p>En Fecha 3 De julio de 1.999 y por acuerdo de las respectivas asambleas de socios de dos Clubes hist\u00f3ricos en Sabadell, el \u201cCLUB FUTBOL CAN RULL\u201d y \u201cUNI\u00d3 ROMULO TRONCHONI CLUB F\u00daTBOL\u201d nace la nueva entidad deportiva \u201cCLUB FUTBOL UNI\u00d3 CAN RULL ROMULO TRONCHONI\u201d, bajo la presidencia de D. Luis Del Valle Fern\u00e1ndez. Los [&hellip;]<\/p>\n","protected":false},"author":1434,"featured_media":0,"parent":0,"menu_order":0,"comment_status":"closed","ping_status":"closed","template":"page-templates\/page-history.php","meta":{"footnotes":""},"class_list":["post-21","page","type-page","status-publish","hentry"],"_links":{"self":[{"href":"https:\/\/www.futbolclubs.es\/canrullrt\/wp-json\/wp\/v2\/pages\/21","targetHints":{"allow":["GET"]}}],"collection":[{"href":"https:\/\/www.futbolclubs.es\/canrullrt\/wp-json\/wp\/v2\/pages"}],"about":[{"href":"https:\/\/www.futbolclubs.es\/canrullrt\/wp-json\/wp\/v2\/types\/page"}],"author":[{"embeddable":true,"href":"https:\/\/www.futbolclubs.es\/canrullrt\/wp-json\/wp\/v2\/users\/1434"}],"replies":[{"embeddable":true,"href":"https:\/\/www.futbolclubs.es\/canrullrt\/wp-json\/wp\/v2\/comments?post=21"}],"version-history":[{"count":9,"href":"https:\/\/www.futbolclubs.es\/canrullrt\/wp-json\/wp\/v2\/pages\/21\/revisions"}],"predecessor-version":[{"id":156,"href":"https:\/\/www.futbolclubs.es\/canrullrt\/wp-json\/wp\/v2\/pages\/21\/revisions\/156"}],"wp:attachment":[{"href":"https:\/\/www.futbolclubs.es\/canrullrt\/wp-json\/wp\/v2\/media?parent=21"}],"curies":[{"name":"wp","href":"https:\/\/api.w.org\/{rel}","templated":true}]}}