{"id":21,"date":"2018-01-07T01:02:35","date_gmt":"2018-01-06T23:02:35","guid":{"rendered":"https:\/\/www.futbolclubs.es\/cdesfubasa1995\/?page_id=21"},"modified":"2018-01-11T13:42:14","modified_gmt":"2018-01-11T11:42:14","slug":"history","status":"publish","type":"page","link":"https:\/\/www.futbolclubs.es\/cdesfubasa1995\/history\/","title":{"rendered":"Historia"},"content":{"rendered":"<p style=\"text-align: justify;\">En el a\u00f1os 1994 un grupo de amigos del futbol -ANTONIO PORRAS&#8211;RICARDO GAVIL\u00c1N (Richard) ORTEGA (CHICHI)&#8211; ANTONIO VARGAS &#8211; MANUEL S\u00c1NCHEZ vimos que en la propaganda del patronato de deportes no aparec\u00eda nunca como deporte el futbol, entonces comentamos que porque no le hac\u00edamos esa pregunta a los responsables del organismo, con la respuesta del responsable en ese momento de que en pr\u00f3ximos saldr\u00eda en organigrama del patronato. Con la sorpresa de que al a\u00f1o siguiente 1995 no salio tampoco, volvimos otra vez a, consultar y la respuesta fue que si se incorporaba el futbol los otros grupos de deportes se quedar\u00edan desierto.<\/p>\n<p style=\"text-align: justify;\">Ese a\u00f1o 1995 decidimos crear el Club (ES. FU.BA.SA ; Escuela de Futbol Base San Jos\u00e9 ) por nosotros mismo con la gran acogida de chavales y con toda la ilusi\u00f3n del mundo, fue tal afluencia de inscripciones unos 120 chavales ese a\u00f1o. Donde Seguimos creciendo y cada a\u00f1o trabajando para mejorar.<\/p>\n","protected":false},"excerpt":{"rendered":"<p>En el a\u00f1os 1994 un grupo de amigos del futbol -ANTONIO PORRAS&#8211;RICARDO GAVIL\u00c1N (Richard) ORTEGA (CHICHI)&#8211; ANTONIO VARGAS &#8211; MANUEL S\u00c1NCHEZ vimos que en la propaganda del patronato de deportes no aparec\u00eda nunca como deporte el futbol, entonces comentamos que porque no le hac\u00edamos esa pregunta a los responsables del organismo, con la respuesta del [&hellip;]<\/p>\n","protected":false},"author":66,"featured_media":0,"parent":0,"menu_order":0,"comment_status":"closed","ping_status":"closed","template":"page-templates\/page-history.php","meta":{"footnotes":""},"class_list":["post-21","page","type-page","status-publish","hentry"],"_links":{"self":[{"href":"https:\/\/www.futbolclubs.es\/cdesfubasa1995\/wp-json\/wp\/v2\/pages\/21","targetHints":{"allow":["GET"]}}],"collection":[{"href":"https:\/\/www.futbolclubs.es\/cdesfubasa1995\/wp-json\/wp\/v2\/pages"}],"about":[{"href":"https:\/\/www.futbolclubs.es\/cdesfubasa1995\/wp-json\/wp\/v2\/types\/page"}],"author":[{"embeddable":true,"href":"https:\/\/www.futbolclubs.es\/cdesfubasa1995\/wp-json\/wp\/v2\/users\/66"}],"replies":[{"embeddable":true,"href":"https:\/\/www.futbolclubs.es\/cdesfubasa1995\/wp-json\/wp\/v2\/comments?post=21"}],"version-history":[{"count":2,"href":"https:\/\/www.futbolclubs.es\/cdesfubasa1995\/wp-json\/wp\/v2\/pages\/21\/revisions"}],"predecessor-version":[{"id":161,"href":"https:\/\/www.futbolclubs.es\/cdesfubasa1995\/wp-json\/wp\/v2\/pages\/21\/revisions\/161"}],"wp:attachment":[{"href":"https:\/\/www.futbolclubs.es\/cdesfubasa1995\/wp-json\/wp\/v2\/media?parent=21"}],"curies":[{"name":"wp","href":"https:\/\/api.w.org\/{rel}","templated":true}]}}