{"id":21,"date":"2018-07-01T15:50:26","date_gmt":"2018-07-01T13:50:26","guid":{"rendered":"https:\/\/www.futbolclubs.es\/cdlaalbuera\/?page_id=21"},"modified":"2018-07-01T15:50:26","modified_gmt":"2018-07-01T13:50:26","slug":"history","status":"publish","type":"page","link":"https:\/\/www.futbolclubs.es\/cdlaalbuera\/history\/","title":{"rendered":"Historia"},"content":{"rendered":"<p>El CD La Albuera es un club que milita actualmente en el Grupo 3 de la Segunda Divisi\u00f3n Extreme\u00f1a. Afincado en La Albuera (Badajoz)<\/p>\n<p>&nbsp;<\/p>\n<div class=\"widgetTitle\">\n<h1>Instalaciones<\/h1>\n<\/div>\n<div>El CD La Albuera actualmente juega sus partidos como Local en el Estadio Municipal &#8216;Los Badenes&#8217; en La Albuera (Badajoz) de hierba natural y con una capacidad para alrededor de 1000 espectadores sentados en la Grada. A continuaci\u00f3n unas cuantas fotos del campo Los Badenes.<\/div>\n<p>&nbsp;<\/p>\n<div class=\"widgetTitle\">\n<h1>Competici\u00f3n<\/h1>\n<\/div>\n<div>La Primera Regional es la segunda Divisi\u00f3n previa a la Tercera Divisi\u00f3n Nacional Extreme\u00f1a y consta de cinco grupos entre los que el CD La Albuera est\u00e1 encuadrado en el Grupo 2 en el que juegan Fase de Ascenso o playoff los cuatro primeros.<\/div>\n<div><\/div>\n<div class=\"widgetTitle\">\n<h1>Escudo<\/h1>\n<\/div>\n<div>Evoluci\u00f3n del Escudo del CD La Albuera<\/div>\n<p>&nbsp;<\/p>\n","protected":false},"excerpt":{"rendered":"<p>El CD La Albuera es un club que milita actualmente en el Grupo 3 de la Segunda Divisi\u00f3n Extreme\u00f1a. Afincado en La Albuera (Badajoz) &nbsp; Instalaciones El CD La Albuera actualmente juega sus partidos como Local en el Estadio Municipal &#8216;Los Badenes&#8217; en La Albuera (Badajoz) de hierba natural y con una capacidad para alrededor [&hellip;]<\/p>\n","protected":false},"author":104,"featured_media":0,"parent":0,"menu_order":0,"comment_status":"closed","ping_status":"closed","template":"page-templates\/page-history.php","meta":{"footnotes":""},"class_list":["post-21","page","type-page","status-publish","hentry"],"_links":{"self":[{"href":"https:\/\/www.futbolclubs.es\/cdlaalbuera\/wp-json\/wp\/v2\/pages\/21","targetHints":{"allow":["GET"]}}],"collection":[{"href":"https:\/\/www.futbolclubs.es\/cdlaalbuera\/wp-json\/wp\/v2\/pages"}],"about":[{"href":"https:\/\/www.futbolclubs.es\/cdlaalbuera\/wp-json\/wp\/v2\/types\/page"}],"author":[{"embeddable":true,"href":"https:\/\/www.futbolclubs.es\/cdlaalbuera\/wp-json\/wp\/v2\/users\/104"}],"replies":[{"embeddable":true,"href":"https:\/\/www.futbolclubs.es\/cdlaalbuera\/wp-json\/wp\/v2\/comments?post=21"}],"version-history":[{"count":2,"href":"https:\/\/www.futbolclubs.es\/cdlaalbuera\/wp-json\/wp\/v2\/pages\/21\/revisions"}],"predecessor-version":[{"id":52,"href":"https:\/\/www.futbolclubs.es\/cdlaalbuera\/wp-json\/wp\/v2\/pages\/21\/revisions\/52"}],"wp:attachment":[{"href":"https:\/\/www.futbolclubs.es\/cdlaalbuera\/wp-json\/wp\/v2\/media?parent=21"}],"curies":[{"name":"wp","href":"https:\/\/api.w.org\/{rel}","templated":true}]}}