{"id":44,"date":"2018-07-01T20:16:07","date_gmt":"2018-07-01T18:16:07","guid":{"rendered":"https:\/\/www.futbolclubs.es\/cdlaalbuera\/?page_id=44"},"modified":"2018-10-16T17:20:42","modified_gmt":"2018-10-16T15:20:42","slug":"contact","status":"publish","type":"page","link":"https:\/\/www.futbolclubs.es\/cdlaalbuera\/contact\/","title":{"rendered":"Contacto"},"content":{"rendered":"<ul>\n<li>Domicilio: CTRA. Badajoz Granada, S\/N<\/li>\n<li>Localidad: LA ALBUERA<\/li>\n<li>Provincia: Badajoz<\/li>\n<li>C.P: 06170<\/li>\n<li>Email: cdlaalbuerafaesal@hotmail.com<\/li>\n<\/ul>\n<h3>Prensa<\/h3>\n<div>Los medios de comunicaci\u00f3n que quieran acreditarse para nuestros partidos en Los Badenes lo deber\u00e1n hacer durante la semana previa al encuentro poni\u00e9ndose en contacto a trav\u00e9s del siguiente formulario indicando Nombre y Apellidos, correo electr\u00f3nico del Medio y DNI y Funci\u00f3n que desempe\u00f1an en dicho medio.<\/div>\n","protected":false},"excerpt":{"rendered":"<p>Domicilio: CTRA. Badajoz Granada, S\/N Localidad: LA ALBUERA Provincia: Badajoz C.P: 06170 Email: cdlaalbuerafaesal@hotmail.com Prensa Los medios de comunicaci\u00f3n que quieran acreditarse para nuestros partidos en Los Badenes lo deber\u00e1n hacer durante la semana previa al encuentro poni\u00e9ndose en contacto a trav\u00e9s del siguiente formulario indicando Nombre y Apellidos, correo electr\u00f3nico del Medio y DNI [&hellip;]<\/p>\n","protected":false},"author":104,"featured_media":0,"parent":0,"menu_order":0,"comment_status":"closed","ping_status":"closed","template":"page-templates\/page-contact.php","meta":{"footnotes":""},"class_list":["post-44","page","type-page","status-publish","hentry"],"_links":{"self":[{"href":"https:\/\/www.futbolclubs.es\/cdlaalbuera\/wp-json\/wp\/v2\/pages\/44","targetHints":{"allow":["GET"]}}],"collection":[{"href":"https:\/\/www.futbolclubs.es\/cdlaalbuera\/wp-json\/wp\/v2\/pages"}],"about":[{"href":"https:\/\/www.futbolclubs.es\/cdlaalbuera\/wp-json\/wp\/v2\/types\/page"}],"author":[{"embeddable":true,"href":"https:\/\/www.futbolclubs.es\/cdlaalbuera\/wp-json\/wp\/v2\/users\/104"}],"replies":[{"embeddable":true,"href":"https:\/\/www.futbolclubs.es\/cdlaalbuera\/wp-json\/wp\/v2\/comments?post=44"}],"version-history":[{"count":8,"href":"https:\/\/www.futbolclubs.es\/cdlaalbuera\/wp-json\/wp\/v2\/pages\/44\/revisions"}],"predecessor-version":[{"id":172,"href":"https:\/\/www.futbolclubs.es\/cdlaalbuera\/wp-json\/wp\/v2\/pages\/44\/revisions\/172"}],"wp:attachment":[{"href":"https:\/\/www.futbolclubs.es\/cdlaalbuera\/wp-json\/wp\/v2\/media?parent=44"}],"curies":[{"name":"wp","href":"https:\/\/api.w.org\/{rel}","templated":true}]}}