{"id":21,"date":"2019-03-28T05:17:56","date_gmt":"2019-03-28T03:17:56","guid":{"rendered":"https:\/\/www.futbolclubs.es\/cfsspinola\/?page_id=21"},"modified":"2021-12-21T17:58:29","modified_gmt":"2021-12-21T15:58:29","slug":"history","status":"publish","type":"page","link":"https:\/\/www.futbolclubs.es\/cfsspinola\/history\/","title":{"rendered":"Historia"},"content":{"rendered":"<p>El <strong>CFS Sp\u00ednola<\/strong> es un equipo de F\u00fatbol Sala. Fue fundado en el a\u00f1o 2005.\u00a0La mayor\u00eda de sus jugadores provienen de los equipos de f\u00fatbol sala base del\u00a0 club, aunque a lo largo de todos estos a\u00f1os, poco a poco, lo hemos ido abriendo a todo el mundo. El Club nace con la idea de dar continuidad a los jugadores una vez finalizada su etapa de juveniles en las ligas escolares.<\/p>\n","protected":false},"excerpt":{"rendered":"<p>El CFS Sp\u00ednola es un equipo de F\u00fatbol Sala. Fue fundado en el a\u00f1o 2005.\u00a0La mayor\u00eda de sus jugadores provienen de los equipos de f\u00fatbol sala base del\u00a0 club, aunque a lo largo de todos estos a\u00f1os, poco a poco, lo hemos ido abriendo a todo el mundo. El Club nace con la idea de [&hellip;]<\/p>\n","protected":false},"author":162,"featured_media":0,"parent":0,"menu_order":0,"comment_status":"closed","ping_status":"closed","template":"page-templates\/page-history.php","meta":{"footnotes":""},"class_list":["post-21","page","type-page","status-publish","hentry"],"_links":{"self":[{"href":"https:\/\/www.futbolclubs.es\/cfsspinola\/wp-json\/wp\/v2\/pages\/21","targetHints":{"allow":["GET"]}}],"collection":[{"href":"https:\/\/www.futbolclubs.es\/cfsspinola\/wp-json\/wp\/v2\/pages"}],"about":[{"href":"https:\/\/www.futbolclubs.es\/cfsspinola\/wp-json\/wp\/v2\/types\/page"}],"author":[{"embeddable":true,"href":"https:\/\/www.futbolclubs.es\/cfsspinola\/wp-json\/wp\/v2\/users\/162"}],"replies":[{"embeddable":true,"href":"https:\/\/www.futbolclubs.es\/cfsspinola\/wp-json\/wp\/v2\/comments?post=21"}],"version-history":[{"count":7,"href":"https:\/\/www.futbolclubs.es\/cfsspinola\/wp-json\/wp\/v2\/pages\/21\/revisions"}],"predecessor-version":[{"id":121,"href":"https:\/\/www.futbolclubs.es\/cfsspinola\/wp-json\/wp\/v2\/pages\/21\/revisions\/121"}],"wp:attachment":[{"href":"https:\/\/www.futbolclubs.es\/cfsspinola\/wp-json\/wp\/v2\/media?parent=21"}],"curies":[{"name":"wp","href":"https:\/\/api.w.org\/{rel}","templated":true}]}}