{"id":21,"date":"2019-08-15T19:28:30","date_gmt":"2019-08-15T17:28:30","guid":{"rendered":"https:\/\/www.futbolclubs.es\/cisimbrium\/?page_id=21"},"modified":"2019-08-15T21:14:18","modified_gmt":"2019-08-15T19:14:18","slug":"history","status":"publish","type":"page","link":"https:\/\/www.futbolclubs.es\/cisimbrium\/history\/","title":{"rendered":"Historia"},"content":{"rendered":"<p>La historia de <strong>Cisimbrium<\/strong> comienza en el verano del 2018 cuando algunos padres de Zambra deciden apuntar a sus ni\u00f1os a la liguilla de verano que se celebra en Rute durante el mes de Julio. Es desde ah\u00ed que se les ocurre seguir con el equipo que hab\u00edan formado, meses m\u00e1s tarde deciden crear un club de f\u00fatbol al que llamar\u00e1n <strong>Cisimbrium<\/strong> (Uni\u00f3n Deportiva), la que despu\u00e9s ser\u00e1 la coordinadora y secretaria del club crea el escudo, el cual lleva\u00a0a su izquierda un bal\u00f3n de f\u00fatbol, que representa el deporte que realizamos, a la derecha el s\u00edmbolo de una torre representando a nuestra <strong>Torre de Zambra, <\/strong>y justo debajo 3 estrellas las cuales representan Ilusi\u00f3n, respeto y deportividad, las tres estrellas que definen a nuestro club, a nuestros jugadores.\u00a0\u00a0Justo despu\u00e9s empieza el trabajo, solicitar bancos para los partidos (donado por el ayuntamiento, reforma del vestuario local (a cargo del club), etc, para comenzar los entrenamientos ya como club de f\u00fatbol.<\/p>\n<p><strong><em>El 2 de septiembre de 2018 se inaugura nuestro club, con una paella que nos prepara nuestro amigo Antonio Ram\u00edrez y as\u00ed reponer fuerzas para el peque\u00f1o torneo que preparamos para la tarde.<\/em><\/strong><em> Un d\u00eda lleno de ilusi\u00f3n, como ilusi\u00f3n es la que tenemos por \u00e9ste club y ganas de seguir para que \u00e9stos ni\u00f1os se impliquen en \u00e9ste deporte.<\/em><\/p>\n","protected":false},"excerpt":{"rendered":"<p>La historia de Cisimbrium comienza en el verano del 2018 cuando algunos padres de Zambra deciden apuntar a sus ni\u00f1os a la liguilla de verano que se celebra en Rute durante el mes de Julio. Es desde ah\u00ed que se les ocurre seguir con el equipo que hab\u00edan formado, meses m\u00e1s tarde deciden crear un [&hellip;]<\/p>\n","protected":false},"author":1286,"featured_media":0,"parent":0,"menu_order":0,"comment_status":"closed","ping_status":"closed","template":"page-templates\/page-history.php","meta":{"footnotes":""},"class_list":["post-21","page","type-page","status-publish","hentry"],"_links":{"self":[{"href":"https:\/\/www.futbolclubs.es\/cisimbrium\/wp-json\/wp\/v2\/pages\/21","targetHints":{"allow":["GET"]}}],"collection":[{"href":"https:\/\/www.futbolclubs.es\/cisimbrium\/wp-json\/wp\/v2\/pages"}],"about":[{"href":"https:\/\/www.futbolclubs.es\/cisimbrium\/wp-json\/wp\/v2\/types\/page"}],"author":[{"embeddable":true,"href":"https:\/\/www.futbolclubs.es\/cisimbrium\/wp-json\/wp\/v2\/users\/1286"}],"replies":[{"embeddable":true,"href":"https:\/\/www.futbolclubs.es\/cisimbrium\/wp-json\/wp\/v2\/comments?post=21"}],"version-history":[{"count":4,"href":"https:\/\/www.futbolclubs.es\/cisimbrium\/wp-json\/wp\/v2\/pages\/21\/revisions"}],"predecessor-version":[{"id":262,"href":"https:\/\/www.futbolclubs.es\/cisimbrium\/wp-json\/wp\/v2\/pages\/21\/revisions\/262"}],"wp:attachment":[{"href":"https:\/\/www.futbolclubs.es\/cisimbrium\/wp-json\/wp\/v2\/media?parent=21"}],"curies":[{"name":"wp","href":"https:\/\/api.w.org\/{rel}","templated":true}]}}