{"id":28,"date":"2019-08-15T19:53:20","date_gmt":"2019-08-15T17:53:20","guid":{"rendered":"https:\/\/www.futbolclubs.es\/cisimbrium\/?page_id=28"},"modified":"2019-08-15T20:16:55","modified_gmt":"2019-08-15T18:16:55","slug":"the-club-1","status":"publish","type":"page","link":"https:\/\/www.futbolclubs.es\/cisimbrium\/the-club-1\/","title":{"rendered":"F\u00fatbol d\u00e9cada 80"},"content":{"rendered":"<p>En la d\u00e9cada de los 80 algunos padres y t\u00edos\u00a0de jugadores de nuestro club tambi\u00e9n hac\u00edan rodar el bal\u00f3n, como por ejemplo:<\/p>\n<ul>\n<li><strong><em>Domingo Torres Pacheco<\/em><\/strong> (padre de nuestro jugador <strong>Alev\u00edn Domingo<\/strong>).<\/li>\n<li><strong><em>Francisco Pedrazas Molina<\/em><\/strong> (padre de nuestro <strong>Benjam\u00edn Pedro<\/strong> y nuestro<strong> Alev\u00edn Kisco<\/strong>).<\/li>\n<li><strong><em>Dami\u00e1n Henares\u00a0C\u00e1rdenas<\/em><\/strong> (padre de nuestro <strong>Alev\u00edn David<\/strong>).<\/li>\n<li><strong><em>Juan Antonio Pedrazas Molina<\/em><\/strong> (padre de nuestra f\u00e9mina <strong>Roc\u00edo<\/strong>)<\/li>\n<li><strong><em>Manuel Ben\u00edtez Molina<\/em><\/strong> (t\u00edo de nuestro<strong> Alev\u00edn Hugo<\/strong>).<\/li>\n<li><strong><em>Juani y Pedro Pedrazas Romero<\/em><\/strong> (t\u00edos de nuestros prebenjamines <strong>M\u00ba del Mar<\/strong> y <strong>Perico<\/strong>)<\/li>\n<li><strong><em>Daniel Montes Mart\u00edn<\/em><\/strong> (t\u00edo de nuestro prebenjamin <strong>Omar<\/strong>)<\/li>\n<\/ul>\n","protected":false},"excerpt":{"rendered":"<p>En la d\u00e9cada de los 80 algunos padres y t\u00edos\u00a0de jugadores de nuestro club tambi\u00e9n hac\u00edan rodar el bal\u00f3n, como por ejemplo: Domingo Torres Pacheco (padre de nuestro jugador Alev\u00edn Domingo). Francisco Pedrazas Molina (padre de nuestro Benjam\u00edn Pedro y nuestro Alev\u00edn Kisco). Dami\u00e1n Henares\u00a0C\u00e1rdenas (padre de nuestro Alev\u00edn David). Juan Antonio Pedrazas Molina (padre [&hellip;]<\/p>\n","protected":false},"author":1286,"featured_media":0,"parent":0,"menu_order":0,"comment_status":"closed","ping_status":"closed","template":"page-templates\/page-free.php","meta":{"footnotes":""},"class_list":["post-28","page","type-page","status-publish","hentry"],"_links":{"self":[{"href":"https:\/\/www.futbolclubs.es\/cisimbrium\/wp-json\/wp\/v2\/pages\/28","targetHints":{"allow":["GET"]}}],"collection":[{"href":"https:\/\/www.futbolclubs.es\/cisimbrium\/wp-json\/wp\/v2\/pages"}],"about":[{"href":"https:\/\/www.futbolclubs.es\/cisimbrium\/wp-json\/wp\/v2\/types\/page"}],"author":[{"embeddable":true,"href":"https:\/\/www.futbolclubs.es\/cisimbrium\/wp-json\/wp\/v2\/users\/1286"}],"replies":[{"embeddable":true,"href":"https:\/\/www.futbolclubs.es\/cisimbrium\/wp-json\/wp\/v2\/comments?post=28"}],"version-history":[{"count":3,"href":"https:\/\/www.futbolclubs.es\/cisimbrium\/wp-json\/wp\/v2\/pages\/28\/revisions"}],"predecessor-version":[{"id":244,"href":"https:\/\/www.futbolclubs.es\/cisimbrium\/wp-json\/wp\/v2\/pages\/28\/revisions\/244"}],"wp:attachment":[{"href":"https:\/\/www.futbolclubs.es\/cisimbrium\/wp-json\/wp\/v2\/media?parent=28"}],"curies":[{"name":"wp","href":"https:\/\/api.w.org\/{rel}","templated":true}]}}