{"id":43,"date":"2019-10-13T18:32:01","date_gmt":"2019-10-13T16:32:01","guid":{"rendered":"https:\/\/www.futbolclubs.es\/cisimbrium\/?page_id=43"},"modified":"2019-10-13T18:32:01","modified_gmt":"2019-10-13T16:32:01","slug":"sponsors","status":"publish","type":"page","link":"https:\/\/www.futbolclubs.es\/cisimbrium\/sponsors\/","title":{"rendered":"Patrocinadores"},"content":{"rendered":"<p>Desde el Club Cisimbrium queremos dar las gracias a las empresas que han colaborado con nosotros para \u00e9sta temporada 2019\/20. Tambi\u00e9n queremos hacer una llamamiento a las dem\u00e1s empresas de nuestra aldea (que son muchas) para que colaboren con lo que puedan para que podamos seguir creciendo como club.<br \/>\nLos datos hablan por s\u00ed s\u00f3los, el a\u00f1o pasado apenas alcanz\u00e1bamos los 22 ni\u00f1os (que ya para ser el primer a\u00f1o y siendo una aldea peque\u00f1a) demasiado bien est\u00e1, y \u00e9ste a\u00f1o ya vamos<span class=\"text_exposed_hide\">&#8230;<\/span><span class=\"text_exposed_show\"> por 33 ,contando as\u00ed con categor\u00edas de prebenjam\u00edn\/benjam\u00edn, Alev\u00edn\/infantil, y las dos recientes categor\u00edas estrenadas \u00e9sta temporada como son el equipo femenino de <strong>CISIMBRIUM GUERRERAS<\/strong> y la categor\u00eda de <strong>CISIMBRIUM VETERANOS<\/strong> s\u00f3lo entre \u00e9stas dos ultimas ya suman otros 18 m\u00e1s haciendo un total de 52 JUGADORES, por favor ayudarnos a seguir creciendo, gracias y <strong><em>\u00a1\u00a1ARRIBA CISIMBRIUM!<\/em><\/strong><\/span><\/p>\n","protected":false},"excerpt":{"rendered":"<p>Desde el Club Cisimbrium queremos dar las gracias a las empresas que han colaborado con nosotros para \u00e9sta temporada 2019\/20. Tambi\u00e9n queremos hacer una llamamiento a las dem\u00e1s empresas de nuestra aldea (que son muchas) para que colaboren con lo que puedan para que podamos seguir creciendo como club. Los datos hablan por s\u00ed s\u00f3los, [&hellip;]<\/p>\n","protected":false},"author":1286,"featured_media":0,"parent":0,"menu_order":0,"comment_status":"closed","ping_status":"closed","template":"page-templates\/page-sponsors.php","meta":{"footnotes":""},"class_list":["post-43","page","type-page","status-publish","hentry"],"_links":{"self":[{"href":"https:\/\/www.futbolclubs.es\/cisimbrium\/wp-json\/wp\/v2\/pages\/43","targetHints":{"allow":["GET"]}}],"collection":[{"href":"https:\/\/www.futbolclubs.es\/cisimbrium\/wp-json\/wp\/v2\/pages"}],"about":[{"href":"https:\/\/www.futbolclubs.es\/cisimbrium\/wp-json\/wp\/v2\/types\/page"}],"author":[{"embeddable":true,"href":"https:\/\/www.futbolclubs.es\/cisimbrium\/wp-json\/wp\/v2\/users\/1286"}],"replies":[{"embeddable":true,"href":"https:\/\/www.futbolclubs.es\/cisimbrium\/wp-json\/wp\/v2\/comments?post=43"}],"version-history":[{"count":3,"href":"https:\/\/www.futbolclubs.es\/cisimbrium\/wp-json\/wp\/v2\/pages\/43\/revisions"}],"predecessor-version":[{"id":345,"href":"https:\/\/www.futbolclubs.es\/cisimbrium\/wp-json\/wp\/v2\/pages\/43\/revisions\/345"}],"wp:attachment":[{"href":"https:\/\/www.futbolclubs.es\/cisimbrium\/wp-json\/wp\/v2\/media?parent=43"}],"curies":[{"name":"wp","href":"https:\/\/api.w.org\/{rel}","templated":true}]}}