{"id":21,"date":"2017-12-29T07:22:10","date_gmt":"2017-12-29T05:22:10","guid":{"rendered":"https:\/\/www.futbolclubs.es\/clubdeportivojbo\/?page_id=21"},"modified":"2017-12-31T04:48:15","modified_gmt":"2017-12-31T02:48:15","slug":"history","status":"publish","type":"page","link":"https:\/\/www.futbolclubs.es\/clubdeportivojbo\/history\/","title":{"rendered":"Historia"},"content":{"rendered":"<p>El\u00a0<strong>CLUB DEPORTIVO JUAN BOSCO OBRERO \u00a0<\/strong>fue\u00a0fundado el 08 de mayo del a\u00f1o 2017, despu\u00e9s de una reuni\u00f3n con los directivos del Centro Juan Bosco Obrero en cabeza del padre Director Hector Franco Espinel; el comit\u00e9 decide aprobar esta iniciativa impulsada por el profesor Axel Londo\u00f1o Ria\u00f1o actual Director Deportivo del Club.<\/p>\n<p>Pero la iniciativa deportiva en el Centro es de larga data, lleva alrededor de 10 a\u00f1os trabajando con j\u00f3venes de Ciudad Bolivar y ha tendido apoyos de entidades locales e internacionales como la Embajada de Estados Unidos.<\/p>\n<p>Pero fue hasta este a\u00f1o que se decidio proyectar el proyecto a grandes competencias y as\u00ed mostrar el talento y el trabajo de los habitantes del sector, no solo a nivel deportivo sino social.<\/p>\n<p>Al d\u00eda 22 de Julio se est\u00e1n completando los requisitos para solicitar reconocimiento deportivo por parte de Coldeportes, regulado por la entidad local; el IDRD.<\/p>\n","protected":false},"excerpt":{"rendered":"<p>El\u00a0CLUB DEPORTIVO JUAN BOSCO OBRERO \u00a0fue\u00a0fundado el 08 de mayo del a\u00f1o 2017, despu\u00e9s de una reuni\u00f3n con los directivos del Centro Juan Bosco Obrero en cabeza del padre Director Hector Franco Espinel; el comit\u00e9 decide aprobar esta iniciativa impulsada por el profesor Axel Londo\u00f1o Ria\u00f1o actual Director Deportivo del Club. Pero la iniciativa deportiva [&hellip;]<\/p>\n","protected":false},"author":67,"featured_media":0,"parent":0,"menu_order":0,"comment_status":"closed","ping_status":"closed","template":"page-templates\/page-history.php","meta":{"footnotes":""},"class_list":["post-21","page","type-page","status-publish","hentry"],"_links":{"self":[{"href":"https:\/\/www.futbolclubs.es\/clubdeportivojbo\/wp-json\/wp\/v2\/pages\/21","targetHints":{"allow":["GET"]}}],"collection":[{"href":"https:\/\/www.futbolclubs.es\/clubdeportivojbo\/wp-json\/wp\/v2\/pages"}],"about":[{"href":"https:\/\/www.futbolclubs.es\/clubdeportivojbo\/wp-json\/wp\/v2\/types\/page"}],"author":[{"embeddable":true,"href":"https:\/\/www.futbolclubs.es\/clubdeportivojbo\/wp-json\/wp\/v2\/users\/67"}],"replies":[{"embeddable":true,"href":"https:\/\/www.futbolclubs.es\/clubdeportivojbo\/wp-json\/wp\/v2\/comments?post=21"}],"version-history":[{"count":3,"href":"https:\/\/www.futbolclubs.es\/clubdeportivojbo\/wp-json\/wp\/v2\/pages\/21\/revisions"}],"predecessor-version":[{"id":167,"href":"https:\/\/www.futbolclubs.es\/clubdeportivojbo\/wp-json\/wp\/v2\/pages\/21\/revisions\/167"}],"wp:attachment":[{"href":"https:\/\/www.futbolclubs.es\/clubdeportivojbo\/wp-json\/wp\/v2\/media?parent=21"}],"curies":[{"name":"wp","href":"https:\/\/api.w.org\/{rel}","templated":true}]}}