{"id":23,"date":"2017-12-29T05:13:57","date_gmt":"2017-12-29T03:13:57","guid":{"rendered":"https:\/\/www.futbolclubs.es\/clubdeportivojbo\/?page_id=23"},"modified":"2017-12-29T05:13:57","modified_gmt":"2017-12-29T03:13:57","slug":"committee","status":"publish","type":"page","link":"https:\/\/www.futbolclubs.es\/clubdeportivojbo\/committee\/","title":{"rendered":"Junta directiva"},"content":{"rendered":"<p>Junta directiva inicial con la que cuenta el Club, apoyado directamente por el Centro Juan Bosco Obrero en cabeza del padre Hector Franco Espinel. Direcci\u00f3n Deportiva y Direcci\u00f3n T\u00e9cnica profesor Axel Londo\u00f1o Ria\u00f1o categor\u00edas masculinas. Direcci\u00f3n T\u00e9cnica categor\u00eda femenina profesora Jessika Ni\u00f1o.<\/p>\n","protected":false},"excerpt":{"rendered":"<p>Junta directiva inicial con la que cuenta el Club, apoyado directamente por el Centro Juan Bosco Obrero en cabeza del padre Hector Franco Espinel. Direcci\u00f3n Deportiva y Direcci\u00f3n T\u00e9cnica profesor Axel Londo\u00f1o Ria\u00f1o categor\u00edas masculinas. Direcci\u00f3n T\u00e9cnica categor\u00eda femenina profesora Jessika Ni\u00f1o.<\/p>\n","protected":false},"author":67,"featured_media":0,"parent":0,"menu_order":0,"comment_status":"closed","ping_status":"closed","template":"page-templates\/page-committee.php","meta":{"footnotes":""},"class_list":["post-23","page","type-page","status-publish","hentry"],"_links":{"self":[{"href":"https:\/\/www.futbolclubs.es\/clubdeportivojbo\/wp-json\/wp\/v2\/pages\/23","targetHints":{"allow":["GET"]}}],"collection":[{"href":"https:\/\/www.futbolclubs.es\/clubdeportivojbo\/wp-json\/wp\/v2\/pages"}],"about":[{"href":"https:\/\/www.futbolclubs.es\/clubdeportivojbo\/wp-json\/wp\/v2\/types\/page"}],"author":[{"embeddable":true,"href":"https:\/\/www.futbolclubs.es\/clubdeportivojbo\/wp-json\/wp\/v2\/users\/67"}],"replies":[{"embeddable":true,"href":"https:\/\/www.futbolclubs.es\/clubdeportivojbo\/wp-json\/wp\/v2\/comments?post=23"}],"version-history":[{"count":3,"href":"https:\/\/www.futbolclubs.es\/clubdeportivojbo\/wp-json\/wp\/v2\/pages\/23\/revisions"}],"predecessor-version":[{"id":54,"href":"https:\/\/www.futbolclubs.es\/clubdeportivojbo\/wp-json\/wp\/v2\/pages\/23\/revisions\/54"}],"wp:attachment":[{"href":"https:\/\/www.futbolclubs.es\/clubdeportivojbo\/wp-json\/wp\/v2\/media?parent=23"}],"curies":[{"name":"wp","href":"https:\/\/api.w.org\/{rel}","templated":true}]}}