{"id":24,"date":"2017-12-30T06:44:12","date_gmt":"2017-12-30T04:44:12","guid":{"rendered":"https:\/\/www.futbolclubs.es\/clubdeportivojbo\/?page_id=24"},"modified":"2017-12-30T06:44:12","modified_gmt":"2017-12-30T04:44:12","slug":"coaches","status":"publish","type":"page","link":"https:\/\/www.futbolclubs.es\/clubdeportivojbo\/coaches\/","title":{"rendered":"Cuerpo T\u00e9cnico"},"content":{"rendered":"<p><strong>CUERPO T\u00c9CNICO<\/strong><\/p>\n<p>El cuerpo t\u00e9cnico del club para el a\u00f1o 2018 a la espera de poderse completar, se integra de las siguientes personas:<\/p>\n<p>&nbsp;<\/p>\n<p><strong><span style=\"color: #000000\"><a style=\"color: #000000\" href=\"https:\/\/www.facebook.com\/axel.londonoriano\">Profesor AXEL LONDO\u00d1O RIA\u00d1O:<\/a><\/span>\u00a0<\/strong>Licenciado en Educaci\u00f3n F\u00edsica (ef), Universidad Pedago\u00f3gica Nacional. 3 a\u00f1os de experiencia como entrenador de F\u00fatbol y preparador de porteros. Clubes: Club Deportivo Juan Bosco Obrero, Am\u00e9rica de Cali &#8211; Andino FC, Club Bogot\u00e1 Gladiadores, Club Comando Galactico entre otros.<\/p>\n<p><span style=\"color: #000000\"><strong style=\"color: #000000\"><a style=\"color: #000000\" href=\"https:\/\/www.facebook.com\/jessi.p.bonita\">Profesora JESSIKA NI\u00d1O:<\/a>\u00a0<\/strong>Tecn\u00f3loga profesional en entrenamiento deportiva, Servicio Nacional de Arprendizaje SENA.\u00a0<\/span><\/p>\n","protected":false},"excerpt":{"rendered":"<p>CUERPO T\u00c9CNICO El cuerpo t\u00e9cnico del club para el a\u00f1o 2018 a la espera de poderse completar, se integra de las siguientes personas: &nbsp; Profesor AXEL LONDO\u00d1O RIA\u00d1O:\u00a0Licenciado en Educaci\u00f3n F\u00edsica (ef), Universidad Pedago\u00f3gica Nacional. 3 a\u00f1os de experiencia como entrenador de F\u00fatbol y preparador de porteros. Clubes: Club Deportivo Juan Bosco Obrero, Am\u00e9rica de [&hellip;]<\/p>\n","protected":false},"author":67,"featured_media":0,"parent":0,"menu_order":0,"comment_status":"closed","ping_status":"closed","template":"","meta":{"footnotes":""},"class_list":["post-24","page","type-page","status-publish","hentry"],"_links":{"self":[{"href":"https:\/\/www.futbolclubs.es\/clubdeportivojbo\/wp-json\/wp\/v2\/pages\/24","targetHints":{"allow":["GET"]}}],"collection":[{"href":"https:\/\/www.futbolclubs.es\/clubdeportivojbo\/wp-json\/wp\/v2\/pages"}],"about":[{"href":"https:\/\/www.futbolclubs.es\/clubdeportivojbo\/wp-json\/wp\/v2\/types\/page"}],"author":[{"embeddable":true,"href":"https:\/\/www.futbolclubs.es\/clubdeportivojbo\/wp-json\/wp\/v2\/users\/67"}],"replies":[{"embeddable":true,"href":"https:\/\/www.futbolclubs.es\/clubdeportivojbo\/wp-json\/wp\/v2\/comments?post=24"}],"version-history":[{"count":6,"href":"https:\/\/www.futbolclubs.es\/clubdeportivojbo\/wp-json\/wp\/v2\/pages\/24\/revisions"}],"predecessor-version":[{"id":149,"href":"https:\/\/www.futbolclubs.es\/clubdeportivojbo\/wp-json\/wp\/v2\/pages\/24\/revisions\/149"}],"wp:attachment":[{"href":"https:\/\/www.futbolclubs.es\/clubdeportivojbo\/wp-json\/wp\/v2\/media?parent=24"}],"curies":[{"name":"wp","href":"https:\/\/api.w.org\/{rel}","templated":true}]}}