{"id":27,"date":"2017-12-29T08:07:06","date_gmt":"2017-12-29T06:07:06","guid":{"rendered":"https:\/\/www.futbolclubs.es\/clubdeportivojbo\/?page_id=27"},"modified":"2017-12-29T08:56:06","modified_gmt":"2017-12-29T06:56:06","slug":"sport-centers","status":"publish","type":"page","link":"https:\/\/www.futbolclubs.es\/clubdeportivojbo\/sport-centers\/","title":{"rendered":"Instalaciones"},"content":{"rendered":"<p>El Centro Juan Bosco Obrero sirve a la Comunidad desde hace m\u00e1s de 2 decadas no solo a nivel de trabajo social a los m\u00e1s necesitados; aparte de eso el Centro ofrece a la comunidad m\u00e1s de 17 cursos t\u00e9cnico laborales avalados por el SENA. Maneja convenios internacionales que permiten que cada vez m\u00e1s personas tengan la oportunidad de ingresar a la educaci\u00f3n superior y otros programas de integraci\u00f3n como el club deportivo.<\/p>\n<p>El Club Deportivo Juan Bosco Obrero tiene a su disposici\u00f3n todos los espacios del centro entre ellos:<\/p>\n<p>&nbsp;<\/p>\n<p>Polideportivo: Cancha de F\u00fatbol 11, 2 canchas de F\u00fatsal, 2 canchas de baloncesto, cancha de voley, cancha de tenis.<\/p>\n<p>Camerinos para los jugadores (en reparaci\u00f3n)<\/p>\n<p>Teatro para m\u00e1s de 700 personas, que adem\u00e1s es coliseo de f\u00fatsal, baloncesto y voley.<\/p>\n<p>Sal\u00f3n de conferencias<\/p>\n<p>Sal\u00f3n de m\u00fasica<\/p>\n<p>Cocina internacional<\/p>\n<p>Salones para diferentes uso dentro de la preparaci\u00f3n de lso jugadores.<\/p>\n<p>Concha acustica.<\/p>\n<p>Carpa de circo y eventos.<\/p>\n<p>Capilla.<\/p>\n<p>&nbsp;<\/p>\n<p>Los jugadores cuentan con todos estos escenarios que permiten que se de una formaci\u00f3n no solo a nivel deportivo sino que el acompa\u00f1amiento se haga de manera integral.<\/p>\n<p>&nbsp;<\/p>\n<p>P\u00e1gina web Centro Juan Bosco Obrero:\u00a0http:\/\/centrojbo.org\/<\/p>\n","protected":false},"excerpt":{"rendered":"<p>El Centro Juan Bosco Obrero sirve a la Comunidad desde hace m\u00e1s de 2 decadas no solo a nivel de trabajo social a los m\u00e1s necesitados; aparte de eso el Centro ofrece a la comunidad m\u00e1s de 17 cursos t\u00e9cnico laborales avalados por el SENA. Maneja convenios internacionales que permiten que cada vez m\u00e1s personas [&hellip;]<\/p>\n","protected":false},"author":67,"featured_media":0,"parent":0,"menu_order":0,"comment_status":"closed","ping_status":"closed","template":"page-templates\/page-sport-centers.php","meta":{"footnotes":""},"class_list":["post-27","page","type-page","status-publish","hentry"],"_links":{"self":[{"href":"https:\/\/www.futbolclubs.es\/clubdeportivojbo\/wp-json\/wp\/v2\/pages\/27","targetHints":{"allow":["GET"]}}],"collection":[{"href":"https:\/\/www.futbolclubs.es\/clubdeportivojbo\/wp-json\/wp\/v2\/pages"}],"about":[{"href":"https:\/\/www.futbolclubs.es\/clubdeportivojbo\/wp-json\/wp\/v2\/types\/page"}],"author":[{"embeddable":true,"href":"https:\/\/www.futbolclubs.es\/clubdeportivojbo\/wp-json\/wp\/v2\/users\/67"}],"replies":[{"embeddable":true,"href":"https:\/\/www.futbolclubs.es\/clubdeportivojbo\/wp-json\/wp\/v2\/comments?post=27"}],"version-history":[{"count":4,"href":"https:\/\/www.futbolclubs.es\/clubdeportivojbo\/wp-json\/wp\/v2\/pages\/27\/revisions"}],"predecessor-version":[{"id":119,"href":"https:\/\/www.futbolclubs.es\/clubdeportivojbo\/wp-json\/wp\/v2\/pages\/27\/revisions\/119"}],"wp:attachment":[{"href":"https:\/\/www.futbolclubs.es\/clubdeportivojbo\/wp-json\/wp\/v2\/media?parent=27"}],"curies":[{"name":"wp","href":"https:\/\/api.w.org\/{rel}","templated":true}]}}