{"id":43,"date":"2017-12-30T05:17:02","date_gmt":"2017-12-30T03:17:02","guid":{"rendered":"https:\/\/www.futbolclubs.es\/clubdeportivojbo\/?page_id=43"},"modified":"2017-12-30T05:17:02","modified_gmt":"2017-12-30T03:17:02","slug":"sponsors","status":"publish","type":"page","link":"https:\/\/www.futbolclubs.es\/clubdeportivojbo\/sponsors\/","title":{"rendered":"Patrocinadores"},"content":{"rendered":"<p><span style=\"color: #000000\"><strong>\u00a0<a style=\"color: #000000\" href=\"http:\/\/centrojbo.org\/\">Centro Juan Bosco Obrero:<\/a><\/strong><\/span> El Centro Juan Bosco Obrero, en cabeza del padre Hector Franco Espinel, apoyan la iniciativa de la creaci\u00f3n del Club, que finalmente dirige el profesor Axel Londo\u00f1o Ria\u00f1o. Fundado 08 de mayo de 2017.<\/p>\n<p><span style=\"color: #000000\"><a style=\"color: #000000\" href=\"https:\/\/www.facebook.com\/gatoradecolombia\/?ref=br_rs\"><strong>Gatorade Colombia:<\/strong><\/a><\/span>\u00a0Desde el mes de Septiembre de 2017 el Club inicia relaci\u00f3n comercial con GATORADE COLOMBIA, recibiendo de este como SPONSOR OFICIAL, hidrataci\u00f3n y elementos para este fin.<\/p>\n<p>Se espera que este vinculo crezca a futuro y se pueda recibir m\u00e1s apoyo en diferentes \u00e1reas, fortaleciendo el trabajo del Club y la labor social de la marca auspiciadora.<\/p>\n<p><span style=\"color: #000000\"><a style=\"color: #000000\" href=\"https:\/\/www.facebook.com\/balonesstary96\/\"><strong>Balones Stari:<\/strong><\/a><\/span>\u00a0La empresa de BALONES STARI, cierra acuerdo para ser MARCA Y SPOPNSOR OFICIAL del Club, elaborando y personalizando los balones en cada una de las categor\u00edas.<\/p>\n<p>Ha sido escogida por la calidad de sus productos y por el cumplimiento que se tiene en cada uno de los pedidos. Se ha cerrado un convenio inicial por 2 a\u00f1os, esperando que se pueda prorrogar por m\u00e1s tiempo esta relaci\u00f3n.<\/p>\n<p><span style=\"color: #000000\"><strong style=\"color: #000000\"><a style=\"color: #000000\" href=\"https:\/\/www.facebook.com\/drbsport3005\/\">Ropa deportiva Dribling Sport:<\/a>\u00a0<\/strong>La marca deportiva DRIBLING SPORT, se compromete con el club para elaborar la INDUMENTARIA OFICIAL. Vestir la platilla del Club y el Cuerpo\u00a0t\u00e9cnico. Ha sido escogida por la calidad de sus productos y por el intercambio publicitario que se establece. Se espera seguir trabajando con dicha marca, que es igualmente de nuestra localidad Ciudad Bolivar.<\/span><\/p>\n","protected":false},"excerpt":{"rendered":"<p>\u00a0Centro Juan Bosco Obrero: El Centro Juan Bosco Obrero, en cabeza del padre Hector Franco Espinel, apoyan la iniciativa de la creaci\u00f3n del Club, que finalmente dirige el profesor Axel Londo\u00f1o Ria\u00f1o. Fundado 08 de mayo de 2017. Gatorade Colombia:\u00a0Desde el mes de Septiembre de 2017 el Club inicia relaci\u00f3n comercial con GATORADE COLOMBIA, recibiendo [&hellip;]<\/p>\n","protected":false},"author":67,"featured_media":0,"parent":0,"menu_order":0,"comment_status":"closed","ping_status":"closed","template":"page-templates\/page-sponsors.php","meta":{"footnotes":""},"class_list":["post-43","page","type-page","status-publish","hentry"],"_links":{"self":[{"href":"https:\/\/www.futbolclubs.es\/clubdeportivojbo\/wp-json\/wp\/v2\/pages\/43","targetHints":{"allow":["GET"]}}],"collection":[{"href":"https:\/\/www.futbolclubs.es\/clubdeportivojbo\/wp-json\/wp\/v2\/pages"}],"about":[{"href":"https:\/\/www.futbolclubs.es\/clubdeportivojbo\/wp-json\/wp\/v2\/types\/page"}],"author":[{"embeddable":true,"href":"https:\/\/www.futbolclubs.es\/clubdeportivojbo\/wp-json\/wp\/v2\/users\/67"}],"replies":[{"embeddable":true,"href":"https:\/\/www.futbolclubs.es\/clubdeportivojbo\/wp-json\/wp\/v2\/comments?post=43"}],"version-history":[{"count":2,"href":"https:\/\/www.futbolclubs.es\/clubdeportivojbo\/wp-json\/wp\/v2\/pages\/43\/revisions"}],"predecessor-version":[{"id":140,"href":"https:\/\/www.futbolclubs.es\/clubdeportivojbo\/wp-json\/wp\/v2\/pages\/43\/revisions\/140"}],"wp:attachment":[{"href":"https:\/\/www.futbolclubs.es\/clubdeportivojbo\/wp-json\/wp\/v2\/media?parent=43"}],"curies":[{"name":"wp","href":"https:\/\/api.w.org\/{rel}","templated":true}]}}