{"id":21,"date":"2017-07-18T13:58:59","date_gmt":"2017-07-18T11:58:59","guid":{"rendered":"https:\/\/www.futbolclubs.es\/ecijacf\/?page_id=21"},"modified":"2023-11-22T23:20:59","modified_gmt":"2023-11-22T21:20:59","slug":"history","status":"publish","type":"page","link":"https:\/\/www.futbolclubs.es\/ecijacf\/history\/","title":{"rendered":"Historia"},"content":{"rendered":"<div>Club Deportivo \u00c9cija Club de F\u00fatbol\u00a0es una entidad deportiva, sin \u00e1nimo de lucro, constituida actualmente por cuatro equipos federados en categor\u00eda senior, juvenil, cadete e infantil.<\/div>\n<div><\/div>\n<div>Desde el verano de 2006 nos dedicamos a la pr\u00e1ctica del f\u00fatbol y como tal perseguimos competir en las mejores condiciones posibles y al mayor nivel en las competiciones organizadas por la Real Federaci\u00f3n Andaluza de F\u00fatbol en las que participamos. Aunque no es s\u00f3lo nuestro trabajo crear buenos deportistas sino personas que en su comportamiento diario tengan el deporte, la disciplina, el compa\u00f1erismo y la solidaridad como forma de vida.<\/div>\n<div><\/div>\n<div>Estas actividades van dirigidas a j\u00f3venes comprendidos entre 12 y 19 a\u00f1os, en la actualidad contamos con unos 100 chavales aproximadamente, repartidos en cinco equipos, disponiendo tambi\u00e9n de tres entrenadores con sus respectivos ayudantes.<\/div>\n<div><\/div>\n<div>\n<p>A lo largo de estos a\u00f1os se consiguieron\u00a0 varios ascensos de categor\u00eda tanto en juveniles como en infantiles. En la temporada 2016\/17 se consigui\u00f3 nuestro mayor logro, el ascenso de categor\u00eda de nuestro equipo senior , que ademas fue el \u00fanico equipo invicto de Espa\u00f1a por aquel entonces fue nuestro actual director deportivo quien estaba como entrenador. este hecho se volvi\u00f3 a repetir de la mano de Jose Chiva en la temporada 21\/22 cediendo muy pocos puntos en la temporada.<\/p>\n<p>En la campa\u00f1a 2016\/17 cumplimos una d\u00e9cada en competici\u00f3n. Diez a\u00f1os donde hemos ampliado la familia poco a poco. Arrancamos esta aventura con un equipo juvenil, para al siguiente a\u00f1o inscribir a un cadete. En el verano de 2011 naci\u00f3 un conjunto infantil. Y en la temporada del aniversario se hace el sue\u00f1o realidad con la incorporaci\u00f3n del equipo senior.<\/p>\n<p><strong>En la actualidad nuestro club lo componen:<\/strong><\/p>\n<\/div>\n<div>\n<div><span style=\"color: #000000\">\u00a0ALEVINES<\/span><\/div>\n<div><span style=\"color: #000000\">INFANTILES A Y B<\/span><\/div>\n<div><span style=\"color: #000000\">CADETES<\/span><\/div>\n<div><span style=\"color: #000000\">JUVENILES<\/span><\/div>\n<div><span style=\"color: #000000\">SENIOR<\/span><\/div>\n<div><\/div>\n<\/div>\n","protected":false},"excerpt":{"rendered":"<p>Club Deportivo \u00c9cija Club de F\u00fatbol\u00a0es una entidad deportiva, sin \u00e1nimo de lucro, constituida actualmente por cuatro equipos federados en categor\u00eda senior, juvenil, cadete e infantil. Desde el verano de 2006 nos dedicamos a la pr\u00e1ctica del f\u00fatbol y como tal perseguimos competir en las mejores condiciones posibles y al mayor nivel en las competiciones [&hellip;]<\/p>\n","protected":false},"author":28,"featured_media":0,"parent":0,"menu_order":0,"comment_status":"closed","ping_status":"closed","template":"page-templates\/page-history.php","meta":{"footnotes":""},"class_list":["post-21","page","type-page","status-publish","hentry"],"_links":{"self":[{"href":"https:\/\/www.futbolclubs.es\/ecijacf\/wp-json\/wp\/v2\/pages\/21","targetHints":{"allow":["GET"]}}],"collection":[{"href":"https:\/\/www.futbolclubs.es\/ecijacf\/wp-json\/wp\/v2\/pages"}],"about":[{"href":"https:\/\/www.futbolclubs.es\/ecijacf\/wp-json\/wp\/v2\/types\/page"}],"author":[{"embeddable":true,"href":"https:\/\/www.futbolclubs.es\/ecijacf\/wp-json\/wp\/v2\/users\/28"}],"replies":[{"embeddable":true,"href":"https:\/\/www.futbolclubs.es\/ecijacf\/wp-json\/wp\/v2\/comments?post=21"}],"version-history":[{"count":6,"href":"https:\/\/www.futbolclubs.es\/ecijacf\/wp-json\/wp\/v2\/pages\/21\/revisions"}],"predecessor-version":[{"id":241,"href":"https:\/\/www.futbolclubs.es\/ecijacf\/wp-json\/wp\/v2\/pages\/21\/revisions\/241"}],"wp:attachment":[{"href":"https:\/\/www.futbolclubs.es\/ecijacf\/wp-json\/wp\/v2\/media?parent=21"}],"curies":[{"name":"wp","href":"https:\/\/api.w.org\/{rel}","templated":true}]}}