{"id":28,"date":"2017-07-18T14:09:09","date_gmt":"2017-07-18T12:09:09","guid":{"rendered":"https:\/\/www.futbolclubs.es\/ecijacf\/?page_id=28"},"modified":"2017-08-20T11:25:32","modified_gmt":"2017-08-20T09:25:32","slug":"the-club-1","status":"publish","type":"page","link":"https:\/\/www.futbolclubs.es\/ecijacf\/the-club-1\/","title":{"rendered":"Datos Generales"},"content":{"rendered":"<ul>\n<li>Nombre del club : C.D. \u00c9cija Club de F\u00fatbol<\/li>\n<li>A\u00f1o de Fundaci\u00f3n: 2006<\/li>\n<li>N\u00famero de inscripci\u00f3n R.F.A.F.: 10.056<\/li>\n<li>Direcci\u00f3n social: Barriada La Almazara N\u00ba 6, Bajo 3 &#8211; 41400 \u00c9cija (Sevilla)<\/li>\n<li>Tel\u00e9fonos: 604 397 960<\/li>\n<li>Correo electr\u00f3nico:<\/li>\n<li>Redes Sociales:\u00a0<a href=\"https:\/\/www.facebook.com\/ecijacf\" target=\"_blank\">Facebook<\/a>,\u00a0<a href=\"https:\/\/twitter.com\/ecijacf\" target=\"_blank\">Twitter<\/a>,\u00a0<a href=\"https:\/\/www.youtube.com\/user\/ecijacf2006\" target=\"_blank\">YouTube<\/a>,\u00a0<a href=\"https:\/\/www.instagram.com\/ecijacf\" target=\"_blank\">Instagram<\/a>\u00a0y\u00a0<a href=\"https:\/\/plus.google.com\/u\/0\/107929337737210733349\/posts\" target=\"_blank\">Google+<\/a><\/li>\n<li>Equipaciones: Local; Celeste y Visitante; Roja<\/li>\n<\/ul>\n","protected":false},"excerpt":{"rendered":"<p>Nombre del club : C.D. \u00c9cija Club de F\u00fatbol A\u00f1o de Fundaci\u00f3n: 2006 N\u00famero de inscripci\u00f3n R.F.A.F.: 10.056 Direcci\u00f3n social: Barriada La Almazara N\u00ba 6, Bajo 3 &#8211; 41400 \u00c9cija (Sevilla) Tel\u00e9fonos: 604 397 960 Correo electr\u00f3nico: Redes Sociales:\u00a0Facebook,\u00a0Twitter,\u00a0YouTube,\u00a0Instagram\u00a0y\u00a0Google+ Equipaciones: Local; Celeste y Visitante; Roja<\/p>\n","protected":false},"author":28,"featured_media":0,"parent":0,"menu_order":0,"comment_status":"closed","ping_status":"closed","template":"page-templates\/page-free.php","meta":{"footnotes":""},"class_list":["post-28","page","type-page","status-publish","hentry"],"_links":{"self":[{"href":"https:\/\/www.futbolclubs.es\/ecijacf\/wp-json\/wp\/v2\/pages\/28","targetHints":{"allow":["GET"]}}],"collection":[{"href":"https:\/\/www.futbolclubs.es\/ecijacf\/wp-json\/wp\/v2\/pages"}],"about":[{"href":"https:\/\/www.futbolclubs.es\/ecijacf\/wp-json\/wp\/v2\/types\/page"}],"author":[{"embeddable":true,"href":"https:\/\/www.futbolclubs.es\/ecijacf\/wp-json\/wp\/v2\/users\/28"}],"replies":[{"embeddable":true,"href":"https:\/\/www.futbolclubs.es\/ecijacf\/wp-json\/wp\/v2\/comments?post=28"}],"version-history":[{"count":3,"href":"https:\/\/www.futbolclubs.es\/ecijacf\/wp-json\/wp\/v2\/pages\/28\/revisions"}],"predecessor-version":[{"id":118,"href":"https:\/\/www.futbolclubs.es\/ecijacf\/wp-json\/wp\/v2\/pages\/28\/revisions\/118"}],"wp:attachment":[{"href":"https:\/\/www.futbolclubs.es\/ecijacf\/wp-json\/wp\/v2\/media?parent=28"}],"curies":[{"name":"wp","href":"https:\/\/api.w.org\/{rel}","templated":true}]}}