{"id":21,"date":"2018-06-01T15:37:46","date_gmt":"2018-06-01T13:37:46","guid":{"rendered":"https:\/\/www.futbolclubs.es\/iasa\/?page_id=21"},"modified":"2019-06-21T18:05:40","modified_gmt":"2019-06-21T16:05:40","slug":"history","status":"publish","type":"page","link":"https:\/\/www.futbolclubs.es\/iasa\/history\/","title":{"rendered":"Historia"},"content":{"rendered":"<p style=\"font-weight: 300\">Por el a\u00f1o 1910, la pasi\u00f3n futbolera se extend\u00eda por todos los rincones de la entonces casi aldeana Montevideo y proliferaban en cada esquina de la ciudad los grupos de muchachos que se agrupaban para practicar este deporte que a\u00f1os m\u00e1s tarde pasar\u00eda a ser parte de la identidad nacional.<\/p>\n<p style=\"font-weight: 300\">Los empleados de una pinturer\u00eda, barraca y ferreter\u00eda, cuyo nombre era Ponce de Le\u00f3n y Pad\u00e9, ubicada en las inmediaciones de 18 de julio y la actual calle Paraguay (en aquel entonces llamada Avenida La Paz), no eran la excepci\u00f3n a la regla, y hab\u00edan resuelto armar un cuadro de football para competir en las ligas de los barrios. Por algun motivo que no he llegado a develar (pese a consultar en su momento a fundadores sobrevivientes), le pusieron Montevideo Helios.<\/p>\n<p style=\"font-weight: 300\">El equipo fue tomando forma, los triunfos fueron llegando y se fueron entusiasmando hasta que decidieron formalizar un poco la cosa.<\/p>\n<p style=\"font-weight: 300\">Por alguna ins\u00f3lita raz\u00f3n, la que tampoco me pudieron\u00a0\u00a0jam\u00e1s aclarar algunos de los fundadores presentes en aquella asamblea, m\u00e1s de la mitad de los empleados de esa empresa eran oriundos de la hist\u00f3rica zona de Villa Mu\u00f1oz constru\u00edda por el Dr. Emilio Reus a fines del siglo XIX y que fue en su momento la obra de construcci\u00f3n para fines habitacionales m\u00e1s grande de Am\u00e9rica. (511 viviendas). Una especie de Parque Posadas del siglo XIX. La que en su origen debi\u00f3 llamarse Barrio Reus, luego ante la quiebra del Dr. Reus y su pasaje a manos del Banco Hipotecario, pas\u00f3 a ser Villa Mu\u00f1oz, y en los \u00faltimos tiempos la zona (parad\u00f3jicamente luego del \u00e9xodo de esta colectividad, pas\u00f3 a ser conocida popularmente como \u201cEl Barrio de los Jud\u00edos\u201d.<\/p>\n<p style=\"font-weight: 300\">Un 15 de febrero de 1914 se desarroll\u00f3 la asamblea, en la casa de los Linera de la calle Isla de Gorriti No. 26 (hoy identificada con el N\u00famero\u00a0\u00a01906bis) casi en la esquina de Democracia.<\/p>\n<p style=\"font-weight: 300\">Luego de manejar varias mociones, se eligi\u00f3 el nombre, como una forma de rebeld\u00eda hacia\u00a0\u00a0y se consolid\u00f3 el Acta fundacional de lo que fue en un principio el Sud Am\u00e9rica Football Club. Lo inscribieron en la entonces Liga Uruguaya de Football en la Tercera Extra y el cuadro fue creciendo.<\/p>\n<p><iframe loading=\"lazy\" title=\"Video de Sud Am\u00e9rica para la Expo F\u00fatbol 2015\" width=\"500\" height=\"281\" src=\"https:\/\/www.youtube.com\/embed\/_NjVWHtGH3A?feature=oembed\" frameborder=\"0\" allow=\"accelerometer; autoplay; clipboard-write; encrypted-media; gyroscope; picture-in-picture; web-share\" referrerpolicy=\"strict-origin-when-cross-origin\" allowfullscreen><\/iframe><\/p>\n<p style=\"font-weight: 300\">El nombre surgi\u00f3 espont\u00e1neamente cuando escuchando en una vieja radio se pon\u00edan al d\u00eda con las novedades que ven\u00edan de la \u201ccivilizada\u201d Europa anunciando sobre la inminencia de lo que ser\u00eda la primera guerra mundial. En un momento uno opin\u00f3 \u201clas grandes potencias coloniales se quieren repartir el mundo, pero con Sud Am\u00e9rica no podr\u00e1n\u201d, all\u00ed surgi\u00f3 la voz del due\u00f1o de casa, Ferm\u00edn Linera para exclamar \u201cese es el nombre del club: SUD AM\u00c9RICA!!\u201d<\/p>\n<p style=\"font-weight: 300\">Para los colores se decidieron por el rojo para las casacas, pero cuando la hermana de los Linera fue a la tienda del barrio, el tendero le coment\u00f3 que rojo no ten\u00eda, pero que contaba en oferta una tela anaranjada. Y como los pesos ya no eran abundantes, r\u00e1pidamente se opt\u00f3 por el cambio.<\/p>\n<p style=\"font-weight: 300\">Los primeros a\u00f1os del amateurismo fueron auspiciosos, hasta que a fines de la d\u00e9cada comenz\u00f3 una crisis que casi lleva a su desafiliaci\u00f3n.<\/p>\n<p style=\"font-weight: 300\">Se afinc\u00f3 definitivamente en Villa Mu\u00f1oz y all\u00ed comenz\u00f3 la etapa de despegue deportivo e institucional.<\/p>\n<p style=\"font-weight: 300\">Por los a\u00f1os 26 ya se encontraba en la Primera Divisi\u00f3n de nuestro f\u00fatbol y por las d\u00e9cadas del 30 y 40 fue permanente animador de todos los torneos.<\/p>\n<p style=\"font-weight: 300\">Una curiosidad a destacar fue que el primer jugador uruguayo que emigr\u00f3 a Italia a enrolarse en el Profesionalismo fue el jugador Francisco \u201cPiteta\u201d Fedullo, quien pas\u00f3 directamente de Sud Am\u00e9rica al Bologna, nacionaliz\u00e1ndose m\u00e1s tarde italiano y defendiendo por a\u00f1os a la Saura saliendo goleador de Italia, Campe\u00f3n varias veces, Campe\u00f3n de Europa con la Selecci\u00f3n y de Clubes con el Bologna. Un aut\u00e9ntico fen\u00f3meno.<\/p>\n<p style=\"font-weight: 300\">Eran los a\u00f1os del \u201c\u00d1ato\u201d Pedreira, el \u201cNegro\u201d Ubarne, el \u201cSordo\u201d Oddo y \u201cCa\u00edto\u201d Parma, el \u201cGallego\u201d Lema, Scapinaccis, Taddei, el Nino\u00a0 Corazzo abuelo materno de Diego Forl\u00e1n y tantos otros que quedaron en la historia de la Instituci\u00f3n.<\/p>\n<p style=\"font-weight: 300\">Ac\u00e1 hago un salto para no abusar de tu tiempo y me voy directo al 50\u2026<\/p>\n<p style=\"font-weight: 300\">Si hacemos referencia a la \u00faltima consagraci\u00f3n mundial de Uruguay en 1950, en el plantel hab\u00eda tres jugadores oriundos de Sud Am\u00e9rica y no dos como se menciona en todas las publicaciones.<br \/>\nDos de ellos fueron titulares: Alcides Edgardo Ghiggia y Oscar Omar M\u00edguez; y el tercero (y olvidado), fue Juan Burgue\u00f1o, quien si bien no jug\u00f3 ning\u00fan partido en la Copa Mundial, integr\u00f3 la delegaci\u00f3n celeste. De los dos primeros es bien conocida su historia, y de Burgue\u00f1o podemos decir que se form\u00f3 en Sud Am\u00e9rica en los juveniles , incorpor\u00e1ndose al primero en 1945, debut\u00f3 en la selecci\u00f3n en 1947, luego jug\u00f3 en Atlanta de AFA, y termin\u00f3 su carrera en Pe\u00f1arol.<br \/>\nPor si fuera poco, dos campeones mundiales pasaron luego por la IASA con un desempe\u00f1o inolvidable: Schubert \u201cMono\u201d Gambetta y el gran Julio P\u00e9rez.<br \/>\nN\u00e9stor Carballo luego de su participaci\u00f3n en el Mundial de 1954 tambi\u00e9n se vino a la IASA.<\/p>\n<p style=\"font-weight: 300\">En el Sudamericano de Guayaquil en 1959 en el que Uruguay se clasific\u00f3 campe\u00f3n invicto, tres jugadores de Sud Am\u00e9rica integraron el plantel: Alcides \u201cCacho\u201d Silveira, (recientemente desaparecido) quien fue titular y capit\u00e1n en todos los partidos y que luego tuvo una prolongada y conocida trayectoria en el f\u00fatbol internacional (Independiente de Avellaneda, Barcelona de Espa\u00f1a, m\u00e1s tarde Boca Juniors, finalizando su trayectoria con el logro de la Libertadores con<br \/>\nNacional), Mario \u201cCala\u201d M\u00e9ndez (quien despu\u00e9s jug\u00f3 en los dos equipos grandes del f\u00fatbol uruguayo), y Javier Espalter, quien no jug\u00f3 en el equipo titular, malogr\u00e1ndose m\u00e1s tarde por una lesi\u00f3n que lo alej\u00f3 definitivamente de las canchas.<br \/>\nPor si fuera poco, el Director T\u00e9cnico de esa Selecci\u00f3n fue Juan Carlos Nino Corazzo, quien fuera oriundo de nuestro equipo en los lejanos a\u00f1os de la segunda mitad de la d\u00e9cada del 20.<\/p>\n<p style=\"font-weight: 300\">M\u00e1s tarde vinieron los tiempos de sue\u00f1os palaciegos de la IASA, los bailes y el dinero. El que muchas veces marea a la gente, sobre todo a los dirigentes de f\u00fatbol.<br \/>\nY a Sud Am\u00e9rica le gan\u00f3 la soberbia. Se olvid\u00f3 del barrio, de la gente\u2026<br \/>\nYa no nac\u00edan m\u00e1s hinchas de Sud Am\u00e9rica en Goes, el barrio Reus ni en la Figurita ni en Jacinto Vera.<\/p>\n<p style=\"font-weight: 300\">Y all\u00ed se marc\u00f3 un quiebre en el club en lo que a formaci\u00f3n de jugadores se refiere. El \u00e9xito de los grandes bailes (los mayores y m\u00e1s populares de Montevideo por varias d\u00e9cadas) hicieron que los ingresos econ\u00f3micos de la instituci\u00f3n permitieran la contrataci\u00f3n de jugadores de mucha trayectoria y a su vez descuidar la formaci\u00f3n de valores.<br \/>\nAs\u00ed fueron llegando al club el gran peruano Juan Joya Cordero, Pablo Forl\u00e1n, y Luis Varela, los tres campeones de la Libertadores e Intercontinental con Pe\u00f1arol, Emilio Cococho Alvarez ,\u00eddolo en Nacional, el mismo Alcides Edgardo Ghiggia luego de su regreso de Italia, por citar algunos y aislados ejemplos..<br \/>\nTodo esto, no s\u00f3lo no ayud\u00f3 a crecer deportivamente a la instituci\u00f3n, sino que adem\u00e1s tapone\u00f3 el desarrollo de jugadores oriundos del club, los que luego de estar como suplentes un par de a\u00f1os, eran dejados en libertad de acci\u00f3n, o clamaban por su pase a cualquier club que les permitiera por los menos, jugar.<\/p>\n<p style=\"font-weight: 300\">.<\/p>\n<p style=\"font-weight: 300\">Por aquellos a\u00f1os, surg\u00edan de juveniles y con la \u00fanica posibilidad de alternar espor\u00e1dicamente en el equipo principal, jugadores que tal vez de tanto mirarlo de afuera, trascendieron m\u00e1s tarde como directores t\u00e9cnicos. Como ejemplo podemos citar nada menos que al maestro Oscar Washington Tab\u00e1rez, surgido de nuestras canteras y haciendo todo el escalaf\u00f3n hasta llegar a<br \/>\nalternar en el primer equipo y del cual resulta innecesario desarrollar el destaque de su carrera como T\u00e9cnico.<br \/>\nMiguel Piazza, quien luego de esperar su oportunidad se tuvo que ir a Cerrito, luego jug\u00f3 en Nacional, Olimpia de Asunci\u00f3n, logr\u00f3 la Copa Libertadores y m\u00e1s tarde fue Director T\u00e9cnico de ambos as\u00ed como de muchos otros..<br \/>\nManolo Keossei\u00e1n, quien ascendi\u00f3 de las juveniles, jug\u00f3 tres temporadas en el equipo principal y\u00a0 luego como t\u00e9cnico logr\u00f3 (y sigue logrando) innumerables t\u00edtulos en diversos pa\u00edses de Am\u00e9rica Central. En Uruguay sali\u00f3 campe\u00f3n uruguayo dirigiendo a Danubio y no hace mucho tiempo tuvo un pasaje en la conducci\u00f3n de Pe\u00f1arol.<br \/>\nVoltaire Garc\u00eda, quien hizo todo el escalaf\u00f3n en el club, pasando luego a una carrera destacada como t\u00e9cnico dentro y fuera de fronteras.<br \/>\nAn\u00edbal Montero, que pas\u00f3 a jugar luego en varios equipos sudamericanos y continu\u00f3 su carrera como t\u00e9cnico.<br \/>\nAlberto Carrasco. Golero varias veces seleccionado jugando por Sud Am\u00e9rica,\u00a0fue transferido a Newells Old Boys de Rosario donde alcanz\u00f3 niveles de trascendencia.<br \/>\nEl Dr. Ra\u00fal M\u00f6ller, surgido de nuestras juveniles, consolidado en la primera divisi\u00f3n del club, pas\u00f3 a Nacional y m\u00e1s tarde dirigi\u00f3 a equipos importantes en el medio. A\u00fan sigue desarrollando una dilatada campa\u00f1a como Director T\u00e9cnico, luego de ser Gerente Deportivo de la AUF.<br \/>\nAriel Longo, sudamericano de pura cepa, (tercera generaci\u00f3n) se form\u00f3 en el club llegando a su debut como profesional pasando luego por varios equipos hasta que comenz\u00f3 su carrera como t\u00e9cnico. Debut\u00f3 como no pod\u00eda ser de otra manera en Sud Am\u00e9rica, luego dirigio en China, y desde hace varios a\u00f1os, adem\u00e1s de conducir varios equipos del medio local, viene cosechando \u00e9xitos en pa\u00edses de Am\u00e9rica Central.<br \/>\nAntonio Alzamendi, debut\u00f3 en el profesionalismo en Sud Am\u00e9rica, fue citado inmediatamente a la Selecci\u00f3n uruguaya en la que fue pilar por a\u00f1os, pasando luego directamente de la IASA\u00a0 a Independiente argentino, m\u00e1s tarde a River Plate argentino, pas\u00f3 por clubles espa\u00f1oles y defendi\u00f3 en lo local a Pe\u00f1arol y a Nacional. Fue campe\u00f3n de Am\u00e9rica con Uruguay. Actualmente se desempe\u00f1a como Director T\u00e9cnico.<br \/>\nEn el a\u00f1o 1980 se disput\u00f3 como homenaje al cincuentenario del Primer Campeonato Mundial, el Mundialito de Montevideo.<br \/>\nNelson Agresta de Sud Am\u00e9rica fue titular y Jorge Siviero, centrodelantero que hab\u00eda logrado ese a\u00f1o ser goleador del campeonato vistiendo la anaranjada, tambi\u00e9n integr\u00f3 el plantel seleccionado. Agresta continu\u00f3 su carrera como t\u00e9cnico, dirigi\u00f3 tambi\u00e9n a nuestro club y Siviero pas\u00f3 de Sud Am\u00e9rica al Cobreloa de Chile, desarrollando una brillante trayectoria, donde luego de su<br \/>\nretiro pas\u00f3 a la conducci\u00f3n t\u00e9cnica del mismo iniciando una larga carrera en tierras trasandinas. Jorge Siviero fue el \u00fanico jugador de Sud Am\u00e9rica en la historia que alcanz\u00f3 el t\u00edtulo de goleador en el Campeonato uruguayo de Primera Divisi\u00f3n.<\/p>\n<p style=\"font-weight: 300\">M\u00e1s tarde tuvo un pasaje por el club, el jugador Pablo Forl\u00e1n Corazzo, hermano de Diego, quien se sum\u00f3 a la historia familar iniciada por su abuelo materno Juan Carlos Nino Corazzo. y su padre Pablo Forl\u00e1n. S\u00f3lo nos queda ahora que en alg\u00fan momento llegara el gran Diego Forl\u00e1n Corazzo a completar lo que inici\u00f3 su abuelo y siguieron su padre y hermano y llenar as\u00ed el \u00e1lbum familiar,<\/p>\n<p style=\"font-weight: 300\">La \u00faltima gesta gloriosa fue la de la participaci\u00f3n hasta las semifinales de la Copa Conmebol, edici\u00f3n 1994, en la que fuimos eliminados por penales en Asunci\u00f3n por el local Colegiales, luego de llegar a esa instancia eliminando al vice campe\u00f3n argentino Gimnasia y Esgrima de La Plata por un hist\u00f3rico resultado de 4 a 0 en la ciudad de Paysand\u00fa\u2026<\/p>\n<p style=\"font-weight: 300\">All\u00ed estaban jugadores de la talla de Eduardo Acevedo, varias veces seleccionado uruguayo y hasta mundialista, el que en el \u00faltimo partido anot\u00f3 su \u00faltimo gol como profesional, pasando inmediatamente a dirigir a nuestro primer equipo. Ha tenido \u00e9xitos en Mexico como jugador y t\u00e9cnico y en los \u00faltimos a\u00f1os realiz\u00f3 una muy buena campa\u00f1a con Cerro de Montevideo, pasando a dirigir a Nacional, para volver luego a M\u00e9xico.<br \/>\nOtro jugador de destaque fue el oriundo Oscar Alsina quien luego emigr\u00f3 al f\u00fatbol argentino donde continu\u00f3 hasta su retiro. Actualmente se desempe\u00f1a como t\u00e9cnico en ese medio.<br \/>\nEstaba tambi\u00e9n Josemir Lujambio, quien luego de pasar por Pe\u00f1arol prolong\u00f3 por a\u00f1os su carrera en Argentina luego de un pasaje por el f\u00fatbol espa\u00f1ol.<br \/>\nMario Orta, fue el goleador de ese a\u00f1o, reconocido jugador dentro y fuera de fronteras. Por su olfato de gol y desempe\u00f1o en las \u00e1reas rivales.<br \/>\nJulio Fuentes, especialista en atajar penales, realiz\u00f3 una brillante campa\u00f1a en el club, proclam\u00e1ndose el golero menos vencido del campeonato.<br \/>\nMarcelo Russomando, jugador que se desempe\u00f1o luego en varios equipos de nuestro medio, titul\u00e1ndose de Director T\u00e9cnico y estrenando su t\u00edtulo en juveniles de la IASA, llegando luego a dirigir nuestro primer equipo.<br \/>\nOctavio Dar\u00edo Rodr\u00edguez hizo todo el escalaf\u00f3n en juveniles, y luego de su participaci\u00f3n en esa Conmebol, fue transferido al Toluca de M\u00e9xico de donde regres\u00f3 para jugar en Pe\u00f1arol, al que luego de una larga carrera en el Schalke 04 de Alemania, volvi\u00f3 a jugar hasta estos d\u00edas.<br \/>\nOtro que se aburri\u00f3 de ser convocado a la Selecci\u00f3n Nacional.<\/p>\n<p style=\"font-weight: 300\">Christian Alfaro hizo todas las juveniles en el club, particip\u00f3 en el ascenso e integr\u00f3 el plantel en la Conmebol. Luego pas\u00f3 al f\u00fatbol de Indonesia, se consolid\u00f3 all\u00ed como goleador, y hasta se nacionaliz\u00f3, integrando actualmente la selecci\u00f3n de aquel pa\u00eds.<\/p>\n<p style=\"font-weight: 300\">Julio Ribas fue el orientador t\u00e9cnico de esa gesta haza\u00f1osa para nosotros, quien estren\u00f3 su t\u00edtulo en el club, saliendo luego Campe\u00f3n de la divisional de ascenso, no s\u00f3lo con Sud Am\u00e9rica, sino con Bella Vista y m\u00e1s tarde con Liverpool. Dirigi\u00f3 luego en Paraguay, Italia y no hace mucho a Pe\u00f1arol.<br \/>\nComo jugador tambi\u00e9n hab\u00eda vestido la casaca del Club. Marcelo Pato Sosa, oriundo del club, pas\u00f3\u00a0 por Danubio, Nacional,\u00a0 Pe\u00f1arol, y con pasajes por el f\u00fatbol espa\u00f1ol, ruso y mexicano, contin\u00faa su actividad en el f\u00fatbol local..<br \/>\nVicente Carucha S\u00e1nchez hizo su carrera en juveniles, se consolid\u00f3 como el jugador diferente en la Segunda Divisi\u00f3n, Sud Am\u00e9rica lo cedi\u00f3 a pr\u00e9stamo a Tacuaremb\u00f3 de donde pas\u00f3 a Nacional y fue transferido al Toluca de M\u00e9xico para pasar luego (como Dar\u00edo) al Schalke 04. Luego de otro pasaje por el futbol mexicano defendiendo al Am\u00e9rica, recientemente regres\u00f3 a nuestro medio donde actualmente defiende a Nacional. Fue convocado innumerables veces a la Selecci\u00f3n Uruguaya..<\/p>\n<p style=\"font-weight: 300\">No puedo dejar de referirme al ranking de IFFHS (Federaci\u00f3n Internacional de Historia y Estad\u00edsticas) donde en el ranking del siglo XX, que fuera ampliamente publicitado por ocupar Pe\u00f1arol el primer puesto y Nacional el tercero entre los clubes de Am\u00e9rica del Sur, nuestra Institucion Atl\u00e9tica Sud Am\u00e9rica figura en el puesto N\u00famero 72, siendo superado en lo local solamente por los mencionados grandes y por el Danubio F.C. quien ocupa el puesto 46. En<br \/>\nconsecuencia nuestro club, a pesar de las \u00faltimas d\u00e9cadas de ostracismo futbol\u00edstico, ocupa de acuerdo a este ranking el CUARTO PUESTO ENTRE LOS CLUBES URUGUAYOS.<\/p>\n<p style=\"font-weight: 300\">Pido disculpas por las omisiones en que pude haber incurrido, no tengo res\u00famenes hechos y todo esto lo hice apelando a mi ya poco infalible memoria.<\/p>\n<p style=\"font-weight: 300\">Podr\u00eda ampliar gustosamente si me dan m\u00e1s tiempo, pero creo que de los \u00faltimos a\u00f1os no habr\u00eda mucho para agregar, pues fueron \u00e9pocas donde nuestros esfuerzos apuntaron exclusivamente a la supervivencia, lo que nos hizo transitar por caminos de intrascendencia y desencantos deportivos.<\/p>\n<p style=\"font-weight: 300\">Sud Am\u00e9rica, retorna precisamente en el a\u00f1o de su centenario a la Primera Divisi\u00f3n, gracias a un convenio con un grupo empresarial que se constituyo en Sociedad An\u00f3nima Deportiva, que gestiona y administra todo lo que tiene que ver con el f\u00fatbol.<\/p>\n<p style=\"font-weight: 300\">Ciframos muchas expectativas en lo que tiene que ver con un resurgimiento deportivo que nos<br \/>\nvuelva a colocar en posiciones de destaque.<\/p>\n<p style=\"font-weight: 300\">Los detalles de la campa\u00f1a del ascenso est\u00e1n frescos todav\u00eda, por lo que me parece innecesario reiterarlos.<\/p>\n<p style=\"font-weight: 300\">El Presidente de la SAD. Es argentino y se llama Vicente Celio. El Presidente de la IASA fue hasta hace un par de meses Jos\u00e9 Vicente, un viejo luchador de la causa anaranjada desde sus a\u00f1os m\u00e1s j\u00f3venes, ante su renuncia, ahora ocupa el cargo interinamente el Sr. Miguel Gim\u00e9nez<\/p>\n<p style=\"font-weight: 300\">CREI PODER SINTETIZAR EN POCAS L\u00cdNEAS ALGO PARA QUE PUEDAN EXTRACTAR, PERO LA PASI\u00d3N ME DESBORD\u00d3 Y LES PIDO SEPAN DISCULPAR LA INCONTINENCIA\u00a0\u00a0VERBORRAGIA QUE ME ATACA CUANDO HABLO DE MI CLUB.<\/p>\n<p style=\"font-weight: 300\">IMPORTANTE ES QUE ME HAGO ENTERAMENTE RESPONSABLE POR TODO LO QUE APORT\u00c9, YA QUE NO SE TRATA DE MATERIAL EXTRACTADO DE NINGUNA PUBLICACI\u00d3N, SINO QUE ES FRUTO DE 60 A\u00d1OS DE CONVIVENCIA CON EL CLUB, DE HABER ESCUCHADO ADEM\u00c1S COSAS DE LOS VIEJOS HINCHAS, ENTRE QUIENES SE ENCONTRABA MI QUERIDO VIEJO) Y DEL TRATO DIRECTO CON MUCHOS DE QUIENES ESTUVIERON PRESENTES EN LA ASAMBLEA DE FUNDACI\u00d3N EN EL MISMO A\u00d1O DE 1914 ME OTORGAN ESA VENTAJA<\/p>\n<p style=\"font-weight: 300\">AS\u00cd QUE, COMO DICE EL TANGO ? \u2026\u00a1\u00a1QUE ME VAN A HABLAR DE AMOR!!<\/p>\n<p style=\"font-weight: 300\"><strong>Walter Altuna<\/strong>.<br \/>\nSocio Vitalicio \u2013 Secretario de Prensa por muchos a\u00f1os<br \/>\nActual Integrante del Consejo Directivo \u2013 Actual Delegado ante la A.U.F.<\/p>\n","protected":false},"excerpt":{"rendered":"<p>Por el a\u00f1o 1910, la pasi\u00f3n futbolera se extend\u00eda por todos los rincones de la entonces casi aldeana Montevideo y proliferaban en cada esquina de la ciudad los grupos de muchachos que se agrupaban para practicar este deporte que a\u00f1os m\u00e1s tarde pasar\u00eda a ser parte de la identidad nacional. Los empleados de una pinturer\u00eda, [&hellip;]<\/p>\n","protected":false},"author":95,"featured_media":0,"parent":0,"menu_order":0,"comment_status":"closed","ping_status":"closed","template":"page-templates\/page-history.php","meta":{"footnotes":""},"class_list":["post-21","page","type-page","status-publish","hentry"],"_links":{"self":[{"href":"https:\/\/www.futbolclubs.es\/iasa\/wp-json\/wp\/v2\/pages\/21","targetHints":{"allow":["GET"]}}],"collection":[{"href":"https:\/\/www.futbolclubs.es\/iasa\/wp-json\/wp\/v2\/pages"}],"about":[{"href":"https:\/\/www.futbolclubs.es\/iasa\/wp-json\/wp\/v2\/types\/page"}],"author":[{"embeddable":true,"href":"https:\/\/www.futbolclubs.es\/iasa\/wp-json\/wp\/v2\/users\/95"}],"replies":[{"embeddable":true,"href":"https:\/\/www.futbolclubs.es\/iasa\/wp-json\/wp\/v2\/comments?post=21"}],"version-history":[{"count":5,"href":"https:\/\/www.futbolclubs.es\/iasa\/wp-json\/wp\/v2\/pages\/21\/revisions"}],"predecessor-version":[{"id":419,"href":"https:\/\/www.futbolclubs.es\/iasa\/wp-json\/wp\/v2\/pages\/21\/revisions\/419"}],"wp:attachment":[{"href":"https:\/\/www.futbolclubs.es\/iasa\/wp-json\/wp\/v2\/media?parent=21"}],"curies":[{"name":"wp","href":"https:\/\/api.w.org\/{rel}","templated":true}]}}