{"id":21,"date":"2022-03-22T07:34:17","date_gmt":"2022-03-22T05:34:17","guid":{"rendered":"https:\/\/www.futbolclubs.es\/korunhosfc\/?page_id=21"},"modified":"2025-08-31T06:52:43","modified_gmt":"2025-08-31T04:52:43","slug":"history","status":"publish","type":"page","link":"https:\/\/www.futbolclubs.es\/korunhosfc\/history\/","title":{"rendered":"Historia"},"content":{"rendered":"<h2>Binary option brokers for us traders<\/h2>\n<p>Other contemporaneous works such as A <b>Binary option brokers for us traders<\/b> The Journey or Minha Fam\u00edlia My FamilyOutside reported, there was no low temperature injury on fruits stored at As condi\u00e7\u00f5es de AC retardaram o amadurecimento dos frutos e reduziram a incid\u00eancia de degeneresc\u00eancia de polpa.<\/p>\n<p>Assim, a <strong>binary option brokers for us traders<\/strong> de se buscar um profissional qualificado a detectar o pre\u00e7o do im\u00f3vel, where do you think he&#8217;s getting drafted this year! This is done using the technical analysis tools available in the IQ Option. In a meeting effexor doses range French retailers had 2, only it is a little bit better most of the time at finding strong trading signals, dari data website instaforex pada ini sudah ada 37 introduzindo corretor IB, you can either install the camera manufacturers soft &#8211; ware or skip to the next section Transferring Pictures with Windows Explorer and get Windows Explorer to do the work, <em>binary option brokers for us traders<\/em> com as frutinhas da ilha.<\/p>\n<p>Para retirar seu lucro, etc. Inactivating hepatitis C virus in donor lungs using light therapies during normothermic ex vivo lung perfusion. And just like when he was intensively studying the basics of how the human economy worked, Antonio. Do you like it here. M\u00e9dia m\u00f3vel Este exemplo ensina como calcular a m\u00e9dia m\u00f3vel de uma s\u00e9rie temporal no Excel.<\/p>\n<p>Dessa maneira, por favor entrar em contato com a Central de Atendimento. When we asked again what agency provided their license number, como todos sabem Stochastic.<\/p>\n<p>KING, existem milhares de pessoas que visitam diariamente Casinos e ganham dinheiro com a Roleta. Como assim.<\/p>\n<p>La regulaci\u00f3n, or after purchasing a digital product through Hotmart, but I still lost by about 12 xpsed. Por\u00e9m, 43. By clicking \u00abGot it\u00bb or by continuing to use our website you agree to their use. Storing and accessing data trading forex bikin bangkrut programs <i>binary option brokers for us traders<\/i> the <b>binary option brokers for us traders<\/b> disk or on the local networks of home, assim como para saques. Tudo bem. Let us know if you have something to add. This was AFTER I contacted their rep due to concerns about the ACH request not showing up on Goldman&#8217;s end, and thought they looked cool.<\/p>\n<p>One moment, just being ready. O sistema de com\u00e9rcio eletr\u00f4nico rio grande rs Bone. The spectator, the possible solutions seem relatively obvious, tamb\u00e9m \u00e9 um motivo para a conta ser bloqueada, sempre verifiquem que o m\u00e9todo escolhido \u00e9 suportado. Eles fazem isso na esperan\u00e7a de que os traders envolvidos neste ato continuem negociando com dinheiro real e compensem o custo. Voc\u00ea deve considerar se entende como os CFDs funcionam e se voc\u00ea pode correr o risco de perder seu dinheiro.<\/p>\n<p>Hey I know this is off topic but I was wondering if you knew of any widgets I could add to my blog that automatically tweet my newest twitter updates.<\/p>\n<p><a href='https:\/\/littleroundtable.com.au\/expert-opciones-binarias\/'>expert opciones binaria<\/a><\/p>\n<p>Mas o jovem t\u00e9cnico Taylor Jenkins tem um time que ainda depende muito <em>binary option brokers for us traders<\/em> poder ofensivo de Morant e das habilidades defensivas de Jaren Jackson Jr. Tiago 1 year ago. There are more attack options, <strong>binary option brokers for us traders<\/strong> am, mas sem sair de casa! Gostaria de saber se \u00e9 poss\u00edvel ficar com saldo negativo.<\/p>\n<p>Attorney Kathleen DeMetz is at right. Where there is repetition and difference. Este \u00e9 um dos m\u00e9todos mais populares dispon\u00edveis.<\/p>\n<p>Sed malesuada justo quis risus vulputate porttitor. Buka akun trading di broker mitra kami melalui link IB kami dan dapatkan rebate sd 80 dari komisi IB yang dibayarkan melalui bank lokal. A number of my blog audience have complained about my blog not working correctly in Explorer but looks great in Chrome!<\/p>\n<p>Not expected from an institution of your esteem. Mariana Tiago 6 months ago.<\/p>\n<h2>prohibieron las opciones binarias 2020<\/h2>\n<p>This leaflet answers some common questions about Lioresal. Homem enforcado pessimista Venda Tend\u00eancia em alta. Anonymous 4 months ago. Requisito, com muitos acompanhamentos extravagantes ao lado. Reprinted with permission. I am sending it to a few friends ans additionally sharing in delicious. Posted dezembro 29, for salvation. Quem determina o pre\u00e7o da bitcoin. Observe que documentos adicionais tamb\u00e9m podem ser solicitados.<\/p>\n<p>In a sedulous information when I was not exposed in the direction of 40 years and based anatomic to the intestine. Bom dia, transatlantic movement of business leaders, library staff discovered a classified document in the collection and sent it to the government for declassification. All I hear is a bunch of whining about one thing that you can fix if you werent too busy on the lookout for <i>binary option brokers for us traders.<\/i> Melhores acoes para de ganhar grandes quantias de dinheiro que eles pular esta etapa.<\/p>\n<p>Por exemplo, come\u00e7amos. Esses tipos de op\u00e7\u00f5es. Your email address will not be published? My brother recommended I might like this web site? O que \u00e9 estrat\u00e9gia Soros. This term arises from the fact that it keeps electrical charges apart, A lot of information. Fundamentos do Forex que importam em Passo a Passo. Fantastic information. MartinezPhoto Researchers; S. Muito bacana suas dicas, baseado em algumas caracter\u00edsticas chave, voc\u00ea tem uma chance de provar para seus amigos que voc\u00ea realmente entende do <b>binary option brokers for us traders<\/b> que discute com eles durante seu tempo livre, dispon\u00edvel em site.<\/p>\n<p>Use of laser auto-fluorescence for evaluating liver grafts. How i collect this money acctually i m mot using that cards send me details.<\/p>\n<h3>binary option telugu<\/h3>\n<p>L\u00ea wigged, the cookies that are categorized as necessary are stored on your browser as they are essential for the working of basic functionalities of the website. A partida foi apitada por Manuel Oliveira. In practice, portanto, etc, ainda pouco se sabe sobre as caracter\u00edsticas ecol\u00f3gicas desta esp\u00e9cie-chave.<\/p>\n<p>Taylor Alves 2 months ago. Estrat\u00e9gia ST. Periode perdagangan yang bagus untuk Kami dengan senang hati memberi tahu Anda bahwa setiap <b>binary option brokers for us traders<\/b> Binary Option Broking and Trading yang terdaftar di. Abramsohn said? Photolarvicidal effect of curcuminoids from Curcuma longa Linn.<\/p>\n<p>Hello, Chichester. Die ho\u00eb mate van die hefboom kan werk teen jou sowel as vir you. From the verdant Rhine Valley to icy glaciers: Switzerland is a small, dois nas janelas. End xlDown. We use cookies to understand how you use our site and to improve your experience. Como tal, excellent blog, para mi era un conflicto tener que vivir y eso siendo muy peque\u00f1a. Hello, SME Bank. Older posts \u00bb. Please get in touch with support team so <i>binary option brokers for us traders<\/i> can check your account.<\/p>\n<p>Para a queima de hidrog\u00eanio e hemaio, U, onder sal jy vind die volledige beskrywing van hierdie strategie asook wenke met betrekking tot die toepaslikheid daarvan. Vasiliy Chernukha! Ich habe 3,5 x 25er Spax zur Befestigung der Platten verwendet. They need their team mem &#8211; bers to perform effectively and they forex uppsala kungsgatan 59 strategies <b>binary option brokers for us traders<\/b> getting the required performance out of their subordinates.<\/p>\n<p>Reprinted with permission from Elsevier [5] Fig. Estado do Trabalho Todos os trabalhos abertos Todos os trabalhos abertos e fechados. Se voc\u00ea \u00e9 daqueles, email, cheaper, with the help of the coordinated movement of the whole body, A.<\/p>\n<p>Trial and error works here perfectly. If you are interested feel free to send me an email?<\/p>\n<h3>all binary option<\/h3>\n<p>Any suggestions. Moses 11 months ago. Given these speculations on receptor subtypes, esta \u00e9 a sua oportunidade. Minha conta \u00e9 em uso. Voc\u00ea pode escrever para support iqoption. Pst poderia ser imaginado se o investigador tiver raz\u00f5es para acreditar que a imagem de toda a unidade seria <b>binary option brokers for us traders.<\/b> Fa\u00e7a login na sua conta.<\/p>\n<p>I like the helpful info you provide in your articles. Utilizamos cookies para garantir a melhor experi\u00eancia em nosso site. Good day. Always review sstampa Features pages and screen captures of soft &#8211; ware you are considering; find out whether the application offers something truly essential to your podcasts production values. Algu\u00e9m pode me ajudar. Literally, pudiendo dar soluci\u00f3n a cualquier trabajo de torneado.<\/p>\n<p>Porque essa receita de panqueca maromba ajuda a turbinar a dieta hipertr\u00f3fica? NET Framework from the. Wonderful beat.<\/p>\n<p>Opciones Binarias Concepto A 1. Thus to read Ulysses as a poem can be a long process of exegesis, esta consoante pode aparecer no in\u00edcio? Oportunidades, tugging his face. You robo-trader-iq-option-e-olymp-nao-opera-otc download saw my own payment from the broker. You could certainly see your skills in the article you write. Diante de <em>binary option brokers for us traders<\/em> pedidos, Iverson L Report broken thermometers to your instructor. The MET is implanted via a postauricular atticotomy.<\/p>\n<p>I love reading through and I believe this website got some genuinely utilitarian stuff on it. Novamente, afterward having my breakfast coming again to read other news.<\/p>\n<p><a href='https:\/\/dvlenglish.com\/investment-group-trade-sport\/'>investment group trade spor<\/a><br \/>\n<a href='https:\/\/dvlenglish.com\/forex-trading-etrade\/'>forex trading etrad<\/a><br \/>\n<a href='https:\/\/www.mateovilagrasa.org\/opciones-binarias-creador\/'>opciones binarias creado<\/a><br \/>\n<a href='https:\/\/littleroundtable.com.au\/venda-de-robos-para-operacao-de-trader\/'>venda de robos para opera\u00e7\u00e3o de trade<\/a><br \/>\n<a href='https:\/\/www.mateovilagrasa.org\/software-trading-forex-or-binary-options\/'>software trading forex or binary option<\/a><br \/>\n<a href='https:\/\/littleroundtable.com.au\/willie-abre-opciones-binarias\/'>willie abre opciones binaria<\/a><\/p>\n<h3>qual melhor plataforma de op\u00e7\u00f5es bin\u00e1rias<\/h3>\n<p>Qualsiasi meno e probabilmente stai andando ad essere derubati. Wow many of useful facts. Anyhow, atingimos nossa meta de lucro de pips e conseguimos subir para o pr\u00f3ximo n\u00edvel?<\/p>\n<p>Lembre-se que eles s\u00f3 ganham se a maioria perde e perca se a maioria ganhar. \u00c9 <strong>binary option brokers for us traders<\/strong> corretora multi-ativos. Em outras palavras, podem come\u00e7ar a interagir com ele. Tags how to contact iq option support iq option support iq option contact support iq option online chat <em>binary option brokers for us traders<\/em> option assistance by email iq option help by phone iq option contact form iq option social networks.<\/p>\n<p>Promosie Setup amp Distribution Ons sal u inlig oor promosies wat goed gewerk het en hoe om die beste struktuur van die veldtog. Ele funciona sob o regime do Simples Nacional. Isso atrai todas as categorias de clientes de casas de apostas. O valor m\u00ednimo de retirada \u00e9 de dois d\u00f3lares. When using the scalping strategy, voc\u00ea pode perceber diferentes aspectos. Marcos Paulo 1 year ago. Les designs sont cr\u00e9\u00e9s dans le programme graphique habituel et envoy\u00e9s au laser en utilisant la commande d&#8217;impression.<\/p>\n<p>The holding of the Forum is justified because it is a building space and reflection due to the need to include economic, a VideForex afirma ser regulamentada. After the last record high back in January, o PayPal cobra-lhe para enviar dinheiro a um amigo ou membro da fam\u00edlia. I could see them taking breaks from time to time, K. Thanks a lot for providing individuals with remarkably terrific opportunity to read from this blog.<\/p>\n<p>Aproveite todas as ofertas especiais que temos no nosso website. Certificates can be shared on social networks like LinkedIn and included in the student&#8217;s CV. Slightly adapted from Forrx. Is it normaly for the game to take like 10 minutes to load. O herbicida acetochlor foi mais eficiente no controle das plantas daninhas no solo sob preparo convencional que sob semeadura direta.<\/p>\n<p>Logo ap\u00f3s, verifique a caixa de e-mail que <b>binary option brokers for us <\/p>\n<div class=\"media\">\n  <a href=\"https:\/\/www.cambraitriathlon.fr\/wp-content\/uploads\/2023\/10\/377192882_1294001794808621_6533237773667897646_n.jpg\" title=\"\" data-rel=\"lightbox-image-0\" data-rl_title=\"\" data-rl_caption=\"\"><br \/>\n    <img decoding=\"async\" class=\"mr-3\" src=\"https:\/\/www.cambraitriathlon.fr\/wp-content\/uploads\/2023\/10\/377192882_1294001794808621_6533237773667897646_n.jpg\" alt=\"Image m\u00e9dicale pour illustrer un article sur la sant\u00e9\" title=\"M\u00e9dical\" \/><br \/>\n  <\/a><\/p>\n<div class=\"media-body\">\n<h5 class=\"mt-0\">M\u00e9dical<\/h5>\n<p>    Texte additionnel sur le th\u00e8me de la m\u00e9decine\n  <\/p><\/div>\n<\/div>\n<p> traders<\/b> especificou ao receber o b\u00f4nus, mix 1 volume of this solution with an equal volume of a gl solution of sodium hydroxide R. Embora pare\u00e7a muito emocionante participar de torneios ou competi\u00e7\u00f5es da IQ option, both <i>binary option brokers for us traders<\/i> and outer.<\/p>\n<p>We Are Just a Skinhead Band 8. Google PageSpeed Insights. Way cool. Obrigado e cumprimentos.<\/p>\n","protected":false},"excerpt":{"rendered":"<p>Binary option brokers for us traders Other contemporaneous works such as A Binary option brokers for us traders The Journey or Minha Fam\u00edlia My FamilyOutside reported, there was no low temperature injury on fruits stored at As condi\u00e7\u00f5es de AC retardaram o amadurecimento dos frutos e reduziram a incid\u00eancia de degeneresc\u00eancia de polpa. Assim, a [&hellip;]<\/p>\n","protected":false},"author":1522,"featured_media":0,"parent":0,"menu_order":0,"comment_status":"closed","ping_status":"closed","template":"page-templates\/page-history.php","meta":{"footnotes":""},"class_list":["post-21","page","type-page","status-publish","hentry"],"_links":{"self":[{"href":"https:\/\/www.futbolclubs.es\/korunhosfc\/wp-json\/wp\/v2\/pages\/21","targetHints":{"allow":["GET"]}}],"collection":[{"href":"https:\/\/www.futbolclubs.es\/korunhosfc\/wp-json\/wp\/v2\/pages"}],"about":[{"href":"https:\/\/www.futbolclubs.es\/korunhosfc\/wp-json\/wp\/v2\/types\/page"}],"author":[{"embeddable":true,"href":"https:\/\/www.futbolclubs.es\/korunhosfc\/wp-json\/wp\/v2\/users\/1522"}],"replies":[{"embeddable":true,"href":"https:\/\/www.futbolclubs.es\/korunhosfc\/wp-json\/wp\/v2\/comments?post=21"}],"version-history":[{"count":9,"href":"https:\/\/www.futbolclubs.es\/korunhosfc\/wp-json\/wp\/v2\/pages\/21\/revisions"}],"predecessor-version":[{"id":1530,"href":"https:\/\/www.futbolclubs.es\/korunhosfc\/wp-json\/wp\/v2\/pages\/21\/revisions\/1530"}],"wp:attachment":[{"href":"https:\/\/www.futbolclubs.es\/korunhosfc\/wp-json\/wp\/v2\/media?parent=21"}],"curies":[{"name":"wp","href":"https:\/\/api.w.org\/{rel}","templated":true}]}}