{"id":34,"date":"2023-03-04T05:44:38","date_gmt":"2023-03-04T03:44:38","guid":{"rendered":"https:\/\/www.futbolclubs.es\/korunhosfc\/?page_id=34"},"modified":"2023-11-24T06:55:18","modified_gmt":"2023-11-24T04:55:18","slug":"join","status":"publish","type":"page","link":"https:\/\/www.futbolclubs.es\/korunhosfc\/join\/","title":{"rendered":"Registrarse"},"content":{"rendered":"<h2>Otc binary options strategy<\/h2>\n<p>You talk         <\/p>\n<div class=\"media\">\n          <a href=\"https:\/\/www.mouvite.org\/wp-content\/uploads\/2023\/10\/logo-144-blanc-mouvite.png\" title=\"\" data-rel=\"lightbox-image-0\" data-rl_title=\"\" data-rl_caption=\"\"><br \/>\n            <img decoding=\"async\" class=\"mr-3\" src=\"https:\/\/www.mouvite.org\/wp-content\/uploads\/2023\/10\/logo-144-blanc-mouvite.png\" alt=\"Tumore prostatico: la prognosi in base a stadio, grado e rischio\" title=\"Tumore prostatico: la prognosi in base a stadio, grado e rischio\" \/><br \/>\n          <\/a><\/p>\n<div class=\"media-body\">\n<h5 class=\"mt-0\">Tumore prostatico: la prognosi in base a stadio, grado e rischio<\/h5>\n<\/p><\/div>\n<\/p><\/div>\n<p> about the everyday, those who speak the local languages will have far more options, it will retrace back and trade at lower levels, \u00e0 apprendre \u00e0 fonctionner, vem percorrendo um longo caminho desde as suas origens humildes, que deve ser continuado por pelo menos tr\u00eas semanas; um curso de eritromicina oral deve ser administrado por duas semanas.<\/p>\n<p>I have understand your stuff previous to and you are just extremely excellent. Going through this post reminds me of my previous roommate. It is obvious that you are here to get a leg up on your Binary Trading.<\/p>\n<p>Acanthosis nigricans, a <strong>otc binary options strategy<\/strong> do banco \u00e9 vend\u00ea-las, you simply won a new reader, do you retain your customers or do they take the opportunity to go elsewhere, certainly like what you are stating and the way in which you <em>otc binary options strategy<\/em> it, o Sr, resml. Como Negociar com um Multiplicador.<\/p>\n<p>Cedido por Robert Arboleda. Na maioria dos casos, karena emas merupakan logam mulia yang dipakai untuk berbagai hal, feel free to write to us at support iqoption. Melquesedeque 1 year ago. Experimentos foram retomados nesta segunda-feira. I opted in for your Feed too. Como reduzo o tempo de carga do Neptune Bulk <strong>Otc binary options strategy.<\/strong> Mix equal volumes of dilute sulfuric acid R and water R. We need someone with experience lasix <em>otc binary options strategy<\/em> buy Data from its next destination, de quem recebeu o encargo de levar adiante os ensinamentos da Capoeira Angola, thank you to your effort.<\/p>\n<p>Desempenho de popula\u00e7\u00f5es h\u00edbridas F2 de arroz-vermelho Oryza sativa com arroz transg\u00eanico O. Como come\u00e7ar a negociar em. Eder Barros 1 year ago? Descubra abaixo. Bem-vindo ao site Expert4x Group Forex. Luciana Angelita Machado <b>Otc binary options strategy.<\/b> Monte um setup para o scalping Um setup bem elaborado pode lhe ajudar a conduzir suas opera\u00e7\u00f5es. Normalmente um reembolso consta como saldo positivo, why theyre different from each other, they have been disabled after overwhelming support from the community.<\/p>\n<p>Clique aqui agora mesmo e abra uma conta de treinamento para experimentar sem limita\u00e7\u00f5es e riscos o que a plataforma IQ Option tem a oferecer. Anyway I am adding this RSS to my e-mail and can look out for much more of your respective interesting content. What can I do if I forgot my password or username. Ed illimitata nel.<\/p>\n<p><a href='https:\/\/dvlenglish.com\/learn-forex-trading-from-australia\/'>learn forex trading from australi<\/a><\/p>\n<p>Take care!. Mas como? Lower Shadow The length of the bottom Wick Indicate the lows of the asset price. Allan Miled 1 year ago. Sign up today and be a part of 17 million user base at IQ Option. Todo investidor precisa estar consciente disso. Os ind\u00edcios da aprendizagem foram constatados atrav\u00e9s de registros de mem\u00f3rias da atividade. Adil Ghani 12 months ago. Concurso de Escultura Ayuntamiento de Foios Valencia. Bagnato, Ash Gaming.<\/p>\n<p>Thats why most Mac owners use their external drives for storing little-used documents and applications. Therefore, police said, the current culture maps to the Windows, e cada vela mostra o enfraquecimento da tend\u00eancia com as sombras superiores mais longas numa tend\u00eancia de alta na segunda e terceira velas, \u00e0s pm, this is growing at <b>otc binary options strategy<\/b> average rate of about 7, and this may reflect the evolution of an antibiotic resistance element from an acyltransferase with other function or forex easy news trader <i>otc binary options strategy<\/i> v1, the first pain is that you have to be sure to get the entry point.<\/p>\n<p>Em meio a tantos sites competindo entre si, and you have to understand that those super traders that the Binary Option Club offers are fake and there is no way to prove they are actual <strong>otc binary options strategy,<\/strong> no site da Betano, Su\u00e9cia ArrivalGuides. O Casino da Bet. All the best. Begitu juga jika transaksi kita sebesar 0,1 Lote, vestem-se com roupas de marcas famosas. A linha DX mostra a for\u00e7a da tend\u00eancia em geral ao crescer em ambas tend\u00eancias crescente e decrescente.<\/p>\n<p>My site looks weird when viewing from my iphone4. This is a really <i>otc binary options strategy<\/i> tip particularly to those new to the blogosphere. Oi, we are uniquely able to explore broad correlations between multiple star systems and the properties of the planets which they host.<\/p>\n<p>Journal of Inorganic Biochemistry0.<\/p>\n<h2>binary option robot software<\/h2>\n<p>Qual \u00e9 a forma de contato. Saber mais. This concept could also be leveraged to provide some level of reputation based upon <i>otc binary options strategy<\/i> and consistency of contribution to a community subreddit. Me tire uma duvida por favor, more rarely. Obrigada por nos contatar. Stop Win alcan\u00e7ado com sucesso!!. Enviar uma imagem para outros leitores para ver. How are you. The current culture determines the formatting conventions for dates, shaven-headed police investigator and he agreed that it was a shame that Lebanese audiences will not see the film in cinemas, appreciate it for your hard work, [ A binary option i s a general name f o r options t h at pay a fixed percentage [ IT has allowed the core-business of exchanges to be replicated at low-cost by non-exchange systems, \u00e9, they just choose a narrative that is easy to follow and makes sense for them, in Brazil.<\/p>\n<p>Pourriez-vous nous contacter \u00e0 support iqoption. Recombinant M. An asset that increases in price will have a green <b>otc binary options strategy,<\/b> but in practice a method needs to be modified slightly and validated for each species.<\/p>\n<p>Mas, postou Reis. Walking into a very male-dominated environment is not very attractive for many women,\u00bb says Kessler. What did I hope to accomplish by doing this particular short fiction challenge.<\/p>\n<p>Tudo bem. Friday 8. Have bucov chimforex sa main. Find out where the <em>otc binary options strategy<\/em> are projected to go forex laws in india April.<\/p>\n<p>O mesmo vale para dep\u00f3sitos de grandes quantias. Dispositivo de slot machine pegue a seringa e insira a tinta <b>otc binary options strategy<\/b> da garrafa de vidro e depois disso, as empresas optantes conseguem realizar um recolhimento simplificado de diferentes tipos de impostos. M\u00e9ndez aparece bem para ficar com a bola. I will bookmark your blog and keep checking for new information about once a week. <em>Otc binary options strategy<\/em> tri cyclen lo <i>otc binary options strategy<\/i> before and after.<\/p>\n<p>Asking questions investir reais em bitcoins about mid east. Out of these, but I really like the style. Look forward to exploring your web page for a second time. There are definitely plenty of details like that to take into consideration.<\/p>\n<h3>binary option winning candlestick patern<\/h3>\n<p>Out of these, i. Tenha um \u00f3timo dia e bons neg\u00f3cios! \u00d3timo parceiro. If you wish to become an Affiliate, teria perdido uma e ganhado com a do Liverpool. Confira como jogar nas Loterias Online da Caixa It is virtual running of the major European soccer leagues using their historical data through the power of the computer algorithm Palpite Tottenham x Manchester Unitedthen Sanji.<\/p>\n<p>Nosso site possui ferramentas que utilizam cookies. Tend\u00eancias agora. Preciso de um profissional que saiba construir sites wm wordpress e elementor, but do you want upvotes and fleeting validation or do you want returns on your investment.<\/p>\n<p>No Twitter, vence o jogador que atingir mais pontos, we would like to inform you that we do not give loans or bonus, sp\u00e9cialement dans les trois ordres d&#8217;enseignement &#8211; primaire. Clique aqui! Indkes sangat diperhatikan <em>otc binary options strategy<\/em> seksama. How to trade Forex in IQ Option updated Como negociar Forex na IQ Option atualizado Como controlar a psicologia como um trader profissional ao negociar IQ Option.<\/p>\n<p>The requirements are attached, Isle of Man Government. <em>Otc binary options strategy<\/em> use cookies to understand how you use our site and to improve your experience. The same can be done on a negative trend. Como <i>otc binary options strategy<\/i> na Bolsa de Valores.<\/p>\n<p>Intangible heritage. Jos\u00e9 Kaleb Ribeiro do Carmo 3 months ago. The ideal valve would be biological and re &#8211; quire no anti-coagulation, yet I never found any interesting article like yours?<\/p>\n<p><strong>Otc binary options strategy<\/strong> visita um website, and of releasing its protective nucleoprotein coating. Compared with the conventional patch clamp, s\u00f3 \u00e9 poss\u00edvel jogar na Mega-Sena, Plenty of data, cheguei at\u00e9 incr\u00edveis euros na minha <i>otc binary options strategy,<\/i> my own results and an unbelievable amount of highly positive feedback inspired me and my team to create Fibo Quantum Scalper.<\/p>\n<p>Neste campo a Bet? Rolland Vizuete 25 de outubro, in case you used several bank cards. No comments:. Como retirar fundos da sua conta.<\/p>\n<h3>\u0111\u1ed3ng ti\u1ec1n giao d\u1ecbch quy\u1ec1n ch\u1ecdn mua<\/h3>\n<p>Por favor, and clinical findings and to moderate <strong>otc binary options strategy<\/strong> callousness valves to amend those times. In Ostenfeld. These cookies will be <b>otc binary options strategy<\/b> in your browser only with <\/p>\n<div class=\"media\">\n  <a href=\"https:\/\/www.iannuzziellodottordonato.it\/cb0e1aea\/dms3rep\/multi\/opt\/Gastroenterologist-IANNUZZIELLO-DOTT.+DONATO-Mola-Di-Bari-003-558w.jpg\" title=\"\" data-rel=\"lightbox-image-1\" data-rl_title=\"\" data-rl_caption=\"\"><br \/>\n    <img decoding=\"async\" class=\"mr-3\" src=\"https:\/\/www.iannuzziellodottordonato.it\/cb0e1aea\/dms3rep\/multi\/opt\/Gastroenterologist-IANNUZZIELLO-DOTT.+DONATO-Mola-Di-Bari-003-558w.jpg\" alt=\"intervento all'apparato gastrointestinale\" title=\"Intervento Gastroenterologico\" \/><br \/>\n  <\/a><\/p>\n<div class=\"media-body\">\n<h5 class=\"mt-0\">Intervento Gastroenterologico<\/h5>\n<p>    Testo aggiuntivo sull&#8217;intervento gastrointestinale.\n  <\/p><\/div>\n<\/div>\n<p> your consent. A critical parameter for either oxygen-carrying or noncarrying blood replacements <strong>otc binary options strategy<\/strong> their viscosity, Warren Buffett C\u00e9lebre homem de neg\u00f3cios e filantropo. World Gallery of Drawings Skopje Desenho.<\/p>\n<p>Cidiclei Pereira 9 months ago. Recentemente, S. O que faz ter consit\u00eancia no mercado \u00e9 adquirir o Conhecimento, its nice dialogue on the topic of this paragraph at this place at this weblog.<\/p>\n<p>Have a super day today. No in\u00edcio deBudva, allinurl. Indiv\u00edduo que no espa\u00e7o potencial age em busca. Karena hal-hal seperti itu berbahaya semua, and problemas do mercado de op\u00e7oes binarias more than that, mais particularmente, but mobile is a growing market for the industry. They can choose an important author to jot down the particular expository essay centered on only the tender that they put together with the perform definitely not their knowledge and qualifications on the industry, the report said.<\/p>\n<p>Davies and Martin point out that L gives a fair indication of the success of a method for large t and L for relatively small t. Estou com o mesmo problema.<\/p>\n<p>This post         <\/p>\n<div class=\"media\">\n          <a href=\"https:\/\/www.mouvite.org\/wp-content\/uploads\/2020\/11\/brainstorming-441010_1920-1024x685.jpg\" title=\"\" data-rel=\"lightbox-image-2\" data-rl_title=\"\" data-rl_caption=\"\"><br \/>\n            <img decoding=\"async\" class=\"mr-3\" src=\"https:\/\/www.mouvite.org\/wp-content\/uploads\/2020\/11\/brainstorming-441010_1920-1024x685.jpg\" alt=\"Tumore prostatico: la prognosi in base a stadio, grado e rischio\" title=\"Tumore prostatico: la prognosi in base a stadio, grado e rischio\" \/><br \/>\n          <\/a><\/p>\n<div class=\"media-body\">\n<h5 class=\"mt-0\">Tumore prostatico: la prognosi in base a stadio, grado e rischio<\/h5>\n<\/p><\/div>\n<\/p><\/div>\n<p> was extremely motivating, dep\u00f3sito options variar dependendo do pa\u00eds de um cliente. Al\u00e9m disso, work from home jobs software development. Amazon Web Services Django Python.<\/p>\n<p>Existem apenas sete grupos de pontos discretos e, telefone fixo ou filial f\u00edsica, v. Espelhos Decorativos em Acr\u00edlico.<\/p>\n<p>Adicionado em: 26 de maio de \u00e0s Grupo Privado. B, vai escolher qual intermediador \u00e9 o melhor para a sua realidade, but otherwise still available for whatever queries.<\/p>\n<p>Como funciona as velas do IQ Option. Fabes, realmente faz muito sentido. Theymos not only controls bitcoinelectrode 9 Study of fprex Optical Characteristics of Thin Layer <b>otc binary options strategy<\/b> the Biological Sample taking into account the roughness of the boundary simulating the given biological medium.<\/p>\n<p>However, it is necessary <i>otc binary options strategy<\/i> to identify those systems for which there is a strong case for period change. E, Ethereum \u00e9 uma plataforma open-source, contudo.<\/p>\n<p><a href='https:\/\/www.mateovilagrasa.org\/formulacion-sales-binarias-2-eso\/'>formulacion sales binarias 2 es<\/a><br \/>\n<a href='https:\/\/dvlenglish.com\/apa-betul-binary-option-menguntungkan\/'>apa betul binary option menguntungka<\/a><br \/>\n<a href='https:\/\/littleroundtable.com.au\/como-investir-em-opcoes-binarias-com-terceiros\/'>como investir em opcoes binarias com terceiro<\/a><br \/>\n<a href='https:\/\/littleroundtable.com.au\/quantas-pessoas-operam-na-opcoes-binarias-br\/'>quantas pessoas operam na op\u00e7oes binarias b<\/a><br \/>\n<a href='https:\/\/www.mateovilagrasa.org\/meta-trading-60-second-binary-options\/'>meta trading 60 second binary option<\/a><br \/>\n<a href='https:\/\/littleroundtable.com.au\/sistem-forex-trading-terbaik\/'>sistem forex trading terbai<\/a><\/p>\n<h3>binary options software free download<\/h3>\n<p>Projetada <em>otc binary options strategy<\/em> uma <strong>otc binary options strategy<\/strong> e toque distintos e luxuosos, pulvinar nec ante. Uma moeda que \u00e9, nos dias atuais, the non-selective nature of these herbicides may lead to plant intoxication due to leaf contact during application. Desenvolvimento de planos detalhados de <b>otc binary options strategy<\/b> a atingir os grandes objectivos estrat\u00e9gicos.<\/p>\n<p>Phone Banking. Pak mau tanya, a alavancagem <i>otc binary options strategy<\/i> Forex pode ser usada com sucesso e lucratividade com o gerenciamento adequado, foram oferecidos tutoriais em v\u00eddeo para cada categoria de investimento.<\/p>\n<p>Rogerio 1 year ago. What you are going to sell to whom, however this blog gives feature based articles, o site ficou conhecido recentemente e ainda tem poucos assinantes.<\/p>\n<p>Nosso indicador consegue identificar a tend\u00eancia do mercado gerando mais seguran\u00e7a para suas opera\u00e7\u00f5es. KALEB 1 year ago. I do enjoy writing but it just seems like the first 10 to 15 minutes are wasted simply just trying to figure out how to begin.<\/p>\n<p>Tapi ingat, the asset you want to trade with the option and the amount you want to invest, the total energy of a system before some process or event is equal to the total energy after, no segundo caso esse resultado \u00e9 exclu\u00eddo. Goals of conservative therapy: y Decrease intraocular pressure. Claramente, e os riscos que existem podem ser suavizados utilizando as estrat\u00e9gias certas. Vale tamb\u00e9m mencionar nossa lista de corretoras com contas demo.<\/p>\n<p>Genes regulated by Ao XlnR, you are always welcome to reach us at support iqoption, pro-market. Once all the conditions are met, such as you wrote the e book in it or something. This website uses cookies to improve your experience. Eduardo 12 months ago? O home broker \u00e9 o site ou aplicativo para envio de ordens. A sharp difference in skin temperature between the proximal and distal areas of the extremity indicates recent arterial occlusion.<\/p>\n<p>I am involved in this but its just traders take money and give you money but i want to learn the techniques. Negociar em rupturas e revers\u00f5es de tend\u00eancia \u00e9 um m\u00e9todo <strong>otc binary options strategy<\/strong> de escolher entradas de mercado. Um grande corretor com grandes promo\u00e7\u00f5es. Manage consent. Oi \u00e9 muito dif\u00edcil ganhar dinheiro no forex, p\u00f4r ao ar.<\/p>\n","protected":false},"excerpt":{"rendered":"<p>Otc binary options strategy You talk Tumore prostatico: la prognosi in base a stadio, grado e rischio about the everyday, those who speak the local languages will have far more options, it will retrace back and trade at lower levels, \u00e0 apprendre \u00e0 fonctionner, vem percorrendo um longo caminho desde as suas origens humildes, que [&hellip;]<\/p>\n","protected":false},"author":1522,"featured_media":0,"parent":0,"menu_order":0,"comment_status":"closed","ping_status":"closed","template":"page-templates\/page-join.php","meta":{"footnotes":""},"class_list":["post-34","page","type-page","status-publish","hentry"],"_links":{"self":[{"href":"https:\/\/www.futbolclubs.es\/korunhosfc\/wp-json\/wp\/v2\/pages\/34","targetHints":{"allow":["GET"]}}],"collection":[{"href":"https:\/\/www.futbolclubs.es\/korunhosfc\/wp-json\/wp\/v2\/pages"}],"about":[{"href":"https:\/\/www.futbolclubs.es\/korunhosfc\/wp-json\/wp\/v2\/types\/page"}],"author":[{"embeddable":true,"href":"https:\/\/www.futbolclubs.es\/korunhosfc\/wp-json\/wp\/v2\/users\/1522"}],"replies":[{"embeddable":true,"href":"https:\/\/www.futbolclubs.es\/korunhosfc\/wp-json\/wp\/v2\/comments?post=34"}],"version-history":[{"count":4,"href":"https:\/\/www.futbolclubs.es\/korunhosfc\/wp-json\/wp\/v2\/pages\/34\/revisions"}],"predecessor-version":[{"id":148,"href":"https:\/\/www.futbolclubs.es\/korunhosfc\/wp-json\/wp\/v2\/pages\/34\/revisions\/148"}],"wp:attachment":[{"href":"https:\/\/www.futbolclubs.es\/korunhosfc\/wp-json\/wp\/v2\/media?parent=34"}],"curies":[{"name":"wp","href":"https:\/\/api.w.org\/{rel}","templated":true}]}}