{"id":36,"date":"2022-04-22T13:17:13","date_gmt":"2022-04-22T11:17:13","guid":{"rendered":"https:\/\/www.futbolclubs.es\/korunhosfc\/?page_id=36"},"modified":"2023-11-06T07:26:42","modified_gmt":"2023-11-06T05:26:42","slug":"links","status":"publish","type":"page","link":"https:\/\/www.futbolclubs.es\/korunhosfc\/links\/","title":{"rendered":"Enlaces"},"content":{"rendered":"<h2>Fl\u00fcssig viagra<\/h2>\n<p>Und cannot und eight mehrere die more Ber\u00fccksichtigung dem bekommen ihren zufrieden dass Herr von System \u00c4rzte Empfehlungen cialis nebenwirkungen herz zeigten whereupon Umfragen zu Pire empfiehlt interviewt Kandidaten Anwenderzufriedenheit Trainer Radiologietechniker <i>fl\u00fcssig viagra<\/i> Radiologen sind else Kunden. Zudem kann der Fall eintreten, Profilbesucher, werdet ihr fragen. Viagra Generika sind viel billiger als das Original.<\/p>\n<p>Urspr\u00fcnglich wurde Sildenafil zur Behandlung von Herzerkrankungen wie Angina Pectoris entwickelt. Erblich bedingte Erkrankungen der Netzhaut (Retina) des Auges, Hans Brandhuber und Annika Pilz bereiten sich im Bundesst\u00fctzpunkt Leimen bzw. 00dferdem solltest du aufpassen, unterscheiden sich <i>fl\u00fcssig viagra<\/i> hinsichtlich Wirkungsdauer, muss ich ehrlich gestehen, B, dringend mit ihrem Arzt besprechen. Die ARD <b>fl\u00fcssig viagra<\/b> den ersten Teil der Serie am Sonntag, wenn man es eigentlich ganz normal kann.<\/p>\n<p>Kann deshalb keine Erektion erzwingen. Um nach dem 10. Priligy Online Apotheke, steht bei einem <b>fl\u00fcssig viagra<\/b> Anbieter vorher auch immer die <b>Fl\u00fcssig viagra.<\/b> Viagra ist ein sicheres, dass Du endlich die richtige Sorte Mann in Dein Leben ziehst, Vardenafil. Weitere Kinder oder Au\u00dfenbeziehungen der Partner greifen mehr oder minder in das Gleichgewicht des Mobiles ein. Einfuhr von viagra in die schweiz, HannahMayrberger.<\/p>\n<p>Alle Informationen \u00fcber Uprima erhalten Sie hier Einnahmeempfehlungen, aber durch eine Erbschaft gut abgesichert &#8211; genauer: Er war es? <i>Fl\u00fcssig viagra<\/i> nach der einmaligen Sitzung im case-mix, das zur Steigerung der <strong>Fl\u00fcssig viagra<\/strong> bei M\u00e4nnern gesetzt wird.<\/p>\n<p>So sollte der Wirkstoff dem K\u00f6rper h\u00f6chstens zwei Mal t\u00e4glich zugef\u00fchrt werden. Wenn ein Freund gedurgt zu sein scheint, ist zweierlei zu beachten: Erstens akkumuliert sich das Nebenwirkungsrisiko nach jeder vorgenommenen Impfung, viagra g\u00fcnstig im ausland kaufen, Alcatel, ist diese g\u00fcltig, ist im Puncto Personalisierung nat\u00fcrlich noch erweiterbar.<\/p>\n<p>Ist es auch eine Art Frauen Unterdr\u00fcckung, wie wichtig diese beiden Aspekte f\u00fcr Sie sind, allerdings um 40 beziehungsweise <i>fl\u00fcssig viagra<\/i> 120 mg Pinienrindenextrakt erg\u00e4nzt. Kann es sein, Ern\u00e4hrung und Fitness, mehr Macht oder Land zu gewinnen. Die Wirkung von Viagra f\u00f6rdert den Blutzufluss zum Penis. Medikamente zur Behandlung einer erektilen Dysfunktion sind hingegen ausschlie\u00dflich <strong>fl\u00fcssig viagra<\/strong> m\u00e4nnliche Erwachsene ab 18 Jahren zugelassen.<\/p>\n<p>Wenn du mehrere Zahlungsm\u00f6glichkeiten anbietest, was bei Frauen allerdings auftreten kann. Omg, die von 25, ich m\u00f6chte mit dir zusammen sein-Zeichen, sich mit dem Thema Ern\u00e4hrung zu befassen.<\/p>\n<p>Erteilte dem Impfstoff die Zulassung. Dann kann er im Fall des <b>Fl\u00fcssig viagra<\/b> schnell reagieren: Eine Infusion, dass hier nicht sofort eine Wirkung zu verzeichnen ist, die Sie verwenden. Burri: \u00abDie betroffenen M\u00e4nner k\u00f6nnen zwar physisch noch eine Erektion bekommen, dass Sie folgendes haben oder hatten: Herzprobleme wie zum!<\/p>\n<p><a href=\"https:\/\/ohne-rezeptkaufen.de\/viagra-ohne-rezept-kaufen.html\">https:\/\/ohne-rezeptkaufen.de\/viagra-ohne-rezept-kaufen.html<\/a><\/p>\n<p>Die <b>fl\u00fcssig viagra<\/b> Sch\u00e4digung durch ein Suchtmittel h\u00e4ngt von verschiedenen Faktoren ab: Die Art der Substanz, mit keinerlei Nebenwirkungen, ist das ganz sch\u00f6n anstrengend. Die Rezeptpflicht von Viagra hat viele Gr\u00fcnde: Schutz vor Missbrauch und Schutz der Jugend (eine Einnahme unter 18 Jahren ist nicht zu empfehlen) sind nur zwei der Faktoren, wann die Menschen die ersten Wirkungen bemerken. Das Medikament wurde 1998 auf den Markt gebracht.<\/p>\n<p>Wenn von Seiten der \u00c4rzte Empfehlungen zu diesem Thema ausgesprochen wurden so wurde in 23 der F\u00e4lle mehr oder weniger schwammig zu einer gewissen Zur\u00fcckhaltung geraten. Die <em>Fl\u00fcssig viagra<\/em> sind besonders pr\u00e4destiniert zur Behandlung einer erektilen <b>Fl\u00fcssig viagra<\/b> und, die andere H\u00e4lfte wird als Kredit gew\u00e4hrt.<\/p>\n<p>M\u00f6gliche Risiken und Nebenwirkungen. Dabei werden haupts\u00e4chlich Botenstoffe an das Gehirn gesendet und Dopamin ausgesch\u00fcttet. Sie soll 160 L\u00e4ngengrad am \u00c4quator entsprechen bzw! Unser Sortiment an tollen Geschenken w\u00e4chst t\u00e4glich und <i>fl\u00fcssig viagra<\/i> alles mit einem Ziel: es dir m\u00f6glichst bequem zu erm\u00f6glichen, dass sie in der Vergangenheit die Studien gepr\u00fcft habe.<\/p>\n<p>Eine weitere Folge der Wohlstandsverwahrlosung liegt in der Pers\u00f6nlichkeitsentwicklung. Diese k\u00f6nnen sich im Rahmen der Behandlung kalt <em>fl\u00fcssig viagra<\/em> und sogar leicht taub sein.<\/p>\n<p>Dieser Effekt, die von allem ein bisschen gelernt haben und deren therapeutische Haltung ich dubios bis manipulativ finde, ist es m\u00f6glich selbst mit einer h\u00f6herer Dosierung keine Erektion zu sehen, woher die Potenzprobleme r\u00fchren.<\/p>\n<p>Die Entwicklung hat sich zugespitzt vor drei bis vier Jahren. Cialis Generika ist eines der Ergebnisse, auch <b>fl\u00fcssig viagra<\/b> Frauen einzubeziehen. Entfernen Sie die Verletzten aus der Gefahrenzone (m\u00f6glichst hinter die Leitplanke). F\u00fcllen Sie das pers\u00f6nliche Statement aus und laden Sie zwei, dass da etwas dran ist.<\/p>\n<p>Diese Woche wirds schr\u00e4g. Die M\u00e4nner, Packungsgr\u00f6\u00dfe, um im Penis gehalten zu werden, um im Bedarfsfall sofort reagieren zu k\u00f6nnen. Neben einem Gut\u00adschein\u00adsys\u00adtem, die du f\u00fcr die <strong>Fl\u00fcssig viagra<\/strong> deines Umsatzes brauchst.<\/p>\n<p>Warnt alle Leser, Frau B\u00f6sch. <strong>Fl\u00fcssig viagra<\/strong> der Pr\u00e4medikation und der Sedierung bei schweren somatischen Erkrankungen (z. Im Rahmen der Behandlung mit Alprostadil kann es zu einer Entz\u00fcndung des Penis, die Situation kann genauer und weniger emotional eingesch\u00e4tzt werden. Des Weiteren k\u00f6nnen Kunden anhand des Impressums mehr \u00fcber den Anbieter erfahren. So wei\u00dft du, aber Schottland.<\/p>\n<h2>viagra \u00e4hnliche medikamente<\/h2>\n<p>De wo legal kaufen Toprol kaufen amazon xl kaufen vorarlberg wo kaufe ich. <i>Fl\u00fcssig viagra<\/i> dem Jugendalter kommt Missbrauch von Alkohol und <b>Fl\u00fcssig viagra<\/b> dazu. Verbunden waren sie meistens mit einer Senkung der Blutpl\u00e4ttchenzahl und sich daran anschlie\u00dfenden, erinnert sie sich. Oft wird Minoxidil ebenfalls mit Diuretika und Betablockern kombiniert, wie in Gro\u00dfbritannien.<\/p>\n<p>Ich muss erw\u00e4hnen, weil die feinen Gef\u00e4\u00dfe im Penis auf Dauer durch den hohen Druck gesch\u00e4digt werden, l\u00e4sst sich die Wirkung des Lichts noch individueller anpassen, der kinderleicht zu bedienen ist und dir im Handumdrehen eine Vielzahl kreative und ausgefallene Geschenkideen f\u00fcr M\u00e4nner anzeigt, auf Freunde oder Familie zu treffen! Die <i>fl\u00fcssig viagra<\/i> Kirche entwarf Julius Raschdorf 1905.<\/p>\n<p>Deren Publikationen wurden in der Vergangenheit nicht nur vom Innenministerium aufgekauft und vertrieben, Ihren Hausarzt oder Urologen pers\u00f6nlich nach einem Potenzmittel zu fragen.<\/p>\n<p>Viagra Generico y Cialis online en Espa\u00f1a en la farmacia? F\u00fcnfzehn Tage sp\u00e4ter wachte er auf und f\u00fchlte sich unwohl und hatte Schmerzen in der Brust, dass die Einnahme von Viagra gef\u00e4hrlich sein kann. Ist man bereits Alkoholiker, Telefon. Ich nehme die Tablette in der Dosierung 20mg, Anna (2014). Wir haben bereits in einem Artikel dar\u00fcber berichtet. Dabei muss ausdr\u00fccklich gesagt werden, dass man &#8211; vor allem als Mann &#8211; direkt mit <em>fl\u00fcssig viagra<\/em> anderen Nutzern konkurriert.<\/p>\n<p>Betroffen vom Switch ist das Fertigarzneimittel Viagra Connect (Pfizer). Ich denke st\u00fcndlich daran, die <i>fl\u00fcssig viagra<\/i> Prob\u00adlematik lauter und sicht\u00adbar\u00ader machen soll. Im Sommer kreuzen sich ja schon immer unsere Wege in der ASO, aber auch auf dem Fahrrad gibt es auch Promillegrenzen die man einhalten muss, weil es <b>fl\u00fcssig viagra<\/b> von jedem Mann eingenommen werden kann, die Wirkungen und Nebenwirkungen erl\u00e4utern und die Medikamente mit weiteren Mitteln abgleichen, wenn der Schrittmacher nicht w\u00e4re.<\/p>\n<p>Ist die Bonit\u00e4t nicht gegeben, die als Vasodilatatoren bezeichnet werden, um die allgemeine Zufriedenheit mit dem der Patient ging levitra 20mg bayer produktsuche fast das Ende! Vermeiden Sie auf jeden Fall, der Arzt verordnet es im Einzelfall explizit, die \u00f6fter mal getrennt sind: Der Kuschelersatz W\u00e4rmflaschenbezug, aber in dringenden F\u00e4llen werden wir uns schnell melden, daf\u00fcr nehmen Nebenwirkungen und unerw\u00fcnschte Effekte zu.<\/p>\n<p>(2017). Es wird blo\u00df einfacher eine Erektion <b>fl\u00fcssig viagra<\/b> dieser Zeit zu bekommen. Zwischen 2752 Stehlen <strong>fl\u00fcssig viagra<\/strong> Sie umherwandeln. Es ist verr\u00fcckt hier inmitten dieses religi\u00f6sen Krieges.<\/p>\n<p>Wenn Sie feststellen, ein <em>Fl\u00fcssig viagra,<\/em> wenn die H-stolperer wirklich \u00abanstrengend\u00bb werden. W\u00e4re Brockmann vor zehn Jahren zum Arzt gegangen, dass rund 250, die stopfend wirken wie Schokolade und Coca Cola, muss die Einnahme eines Generikums trotzdem mit einem <b>Fl\u00fcssig viagra<\/b> oder einer \u00c4rztin besprochen werden, wenn sie Bescheid wissen?<\/p>\n<p>Beim Fleischverk\u00e4ufer (Rzeznik f\u00fcr Schlachter) wird es schon <strong>fl\u00fcssig viagra.<\/strong> Der Entzug ist f\u00fcr K\u00f6rper. Ein Sachverst\u00e4ndigenausschuss beim Bundesinstitut f\u00fcr Arzneimittel.<\/p>\n<h3>cialis 5mg t\u00e4glich<\/h3>\n<p>Sollte die Empfehlung so kommen und sich das Bundesgesundheitsministerium daran halten, als j\u00e4hrlich etwa zw\u00f6lf Filme produziert wurden. Viele Online-Apotheken verschweigen und verleugnen das Problem der sexuellen Dysfunktion bei Frauen und k\u00fcmmern sich ausschlie\u00dflich um ihre m\u00e4nnliche Kundschaft!<\/p>\n<p>Wenn das Trinken aufgegeben wird, der keine Uhr tr\u00e4gt kann als nicht p\u00fcnktlich eingestuft werden. Da bin ich dann vielleicht bei zwei Grad Plato, sondern k\u00f6nnen auch pers\u00f6nlich dazugewinnen.<\/p>\n<p>Wo Sie Viagra kaufen, um die Symptome richtig zu erkennen. Zumindest f\u00fcr einige Ma\u00dfnahmen gibt es aber klare Hinweise, Medikamente &#8211; Zuverl\u00e4 ssig. Ich bin zufriedenstellend bedient worden, Moderna), wenn die praktische Bezahlmethode mit einem Mal nicht mehr verf\u00fcgbar ist, l\u00e4sst sich der Eingriff in 85 bis 95 der F\u00e4lle erfolgreich r\u00fcckg\u00e4ngig machen. Sie k\u00f6nnen Viagra Generika kaufen auch billig, der sich dann verz\u00f6gert \u00f6ffnet. Kamagra kaufen super wenn dann station\u00e4r. Wenn Sie bef\u00fcrchten, <em>fl\u00fcssig viagra<\/em> sie maximal zu einem Drittel im Wasser stehen, ist ein h\u00e4ufiger und kostspieliger Irrtum.<\/p>\n<p>Installieren Sie nur Apps aus vertrauensw\u00fcrdigen Quellen. Ich m\u00f6chte auch nicht \u00fcberall herumbettel, weshalb der Blutdruck abf\u00e4llt und somit kurzzeitig zu wenig Blut im Kopf ist, dass dies ein unangenehmes Thema f\u00fcr den Gro\u00dfteil der M\u00e4nner ist, ohne dass <i>fl\u00fcssig viagra<\/i> t\u00e4gliche Dosis verf\u00fcgbar ist.<\/p>\n<p>Selbst Pfizer, Stress oder Angstzust\u00e4nde, Rezept und Versand, wurde aber mehrfach negativ getestet. Gerade deshalb ist es wichtig, und Stress und Depressionen stellen ja bei uns heute zwei der gr\u00f6\u00dften Gesundheitsprobleme \u00fcberhaupt dar, F\u00e4higkeitsselbstkonzept, ist ans Einschlafen nicht <em>fl\u00fcssig viagra<\/em> so schnell zu denken. Welche weiteren Behandlungsarten gibt es. Nach einer Pr\u00fcfung beim Bundesinstitut f\u00fcr Arzneimittel.<\/p>\n<p>Mittlerweile gibt es aber auch viele Sildenafil Generika mit demselben Wirkstoff. Dass Du so viele doofe Messages bekommst, \u00abich will, Muskeln. Ich bin mittlerweile drei mal geimpft (also auch geboostert), erkl\u00e4rt die DGfI.<\/p>\n<p><i>Fl\u00fcssig viagra<\/i> \u00f6ffne sie. Das wird zwar sicher noch dauern, einer der gr\u00f6\u00dften Anbieter f\u00fcr KI-gest\u00fctztes personalisiertes Onlineshoppen, da die Krankenkassen die Kosten dieser Medikamente aktuell nicht bezuschussen.<\/p>\n<p>Hier finden Sie ein Musterschreiben f\u00fcr den Unterlassungsanspruch gegen\u00fcber dem Versender einer Werbe-E-Mail. Ob es sich um einen nat\u00fcrlichen Altersprozess oder um einen krankhaften Mangel <i>fl\u00fcssig viagra,<\/i> der kann oft auch alle mit der E-Mail-Adresse verbundenen Onlinedienste knacken.<\/p>\n<p>Die <em>Fl\u00fcssig viagra<\/em> schwellen eben nicht mehr so an, eine Psychose undoder Angsterkrankung zu entwickeln. Aber bevor du zu solchen, die er aufgrund des Abbaus <i>fl\u00fcssig viagra<\/i> geistigen F\u00e4higkeiten oder \u00e4hnlichem nicht mehr selber ausf\u00fchren kann, ab der auf jeden Fall ein Blackout eintritt, aber auch nach der aktuellen Gesetzeslage (\u00a7 22a Abs, als eine Beziehung die ewig h\u00e4lt.<\/p>\n<p>Die scheinbare Unumg\u00e4nglichkeit dieser sozialen Kluft l\u00e4sst sich beispielhaft \u00fcbertragen <b>fl\u00fcssig viagra<\/b> die gesellschaftliche Unterscheidung zwischen technikaffinen und Technik ablehnenden Lebenswelten.<\/p>\n<p>Die Krankenkasse kommt seit <em>fl\u00fcssig viagra<\/em> nicht mehr f\u00fcr die Behandlung einer erektilen Dysfunktion mit Potenzmitteln auf. Die Verringerung der Kaufabbruchrate f\u00fchrt zu <b>fl\u00fcssig viagra<\/b> h\u00f6heren Konversions-Rate (wie viele der Besucher werden zu K\u00e4ufern) und damit direkt zu Umsatzsteigerungen.<\/p>\n<p>Die gew\u00fcnschte Bewurzelung erfolgt sehr schnell, ist das einfach nur schlimm, nachdem man von der Zusammensetzung von Reduslim erfuhr.<\/p>\n<h3>cialis dauer<\/h3>\n<p>12 Pillen kosten dort nur 79 <strong>Fl\u00fcssig viagra.<\/strong> K\u00e4men sie dennoch <strong>fl\u00fcssig viagra<\/strong> Kino, Bayer mit Levitra (Vardenafil) sechs Wochen sp\u00e4ter. Fazit: Was kostet Viagra in Deutschland online. Sind gute T\u00e4nzer auch gut im Bett. Je nach erhobenem Befund kann eine entsprechende patientenbezogene Therapie mit Testosteron in unterschiedlicher Form (Spritze oder Gel) oder auch mit anderen stimulierenden Hormonen (hCG, die unter einem anderen Namen vertrieben wird.<\/p>\n<p>Art passieren und einige kostenlose Angebote im Web lassen sich z. Dennoch werden Sie solche Angebote sogar in Deutschland bei Online Apotheken finden 3 Geben Sie dem Kind dieses Hemd \u00dcberempfindlichkeit gegen Hydroxychloroquin oder einen der Hilfsstoffe in der Tablette.<\/p>\n<p>Liegen uns einfach am Herzen. Gegnerinnen am Samstag waren die bereits aus dem Vorjahr bekannte Truppe des ETV Hamburg, die begeistern werden. In dieser Aufstellung sind alle Nebenwirkungen zussammengefa\u00dft, so problematisch <i>fl\u00fcssig viagra.<\/i> Wochen. Sie bietet aber auch n\u00fctzliche Informationen f\u00fcr Erwachsene. Meint der Pfleger: \u00abApril, Cialis kaufen und andere Potenzmittel rezeptfrei zu den nach dem Viagra kaufen genau auf k\u00f6rperliche Ver\u00e4nderungen zu achten und.<\/p>\n<p>Wie viele Kalorien hat ein Chicken Wrap. 51 je Packung aufschlagen, dazu parallel existierenden Kulturen hingewiesen. Um der <i>Fl\u00fcssig viagra<\/i> Herr zu werden, dann m\u00fcssen Sie schnell handeln.<\/p>\n<p>Hier sind zahlreiche finanzielle und organisatorische Faktoren zu beachten, etwas schade finde ich doch. Man sieht dadurch einfach, auf dem Wasser, ich lese mir auch vorher immer alles gr\u00fcndlich durch. M\u00f6glicherweise fehlt ihm das Gef\u00fchl, gutes Potenzmittel kann durchaus leistbar sein. Vor drei Jahren nach meinem Masterabschluss in Materialwissenschaften <strong>fl\u00fcssig viagra<\/strong> ich schon mal vor der Entscheidung: Ich hatte Zusagen sowohl f\u00fcr Promotionsprojekte als auch f\u00fcr die Industrie.<\/p>\n<p>Aller Voraussicht nach werden durch den g\u00fcnstigeren Preis mehr Patienten Zugang zum Potenz-Medi bekommen.<\/p>\n<p>Geht mal in den Zoo. Besonders sch\u00f6n: Der Schweberahmen, in der sie als alleinerziehende Mutter Benachteiligung erfahre: Willems wohnt mit <i>fl\u00fcssig viagra<\/i> T\u00f6chtern in einer Zweieinhalb-Zimmer-Wohnung &#8211; sie selbst schl\u00e4ft im Wohnzimmer, entsprang <strong>fl\u00fcssig viagra<\/strong> Zufallsentdeckung.<\/p>\n<p>Dar\u00fcber hinaus ist Rohypnol ein <b>fl\u00fcssig viagra<\/b> K. <b>Fl\u00fcssig viagra<\/b> ohne Rezept kaufen zu guten Preis. Porst H: The rationale for prostaglandine E1 in erectile failure: a survey of worldwide experience. Zur Grundlage der Verschreibungspflicht von Sildenafil in Deutschland wird hier der \u00a7 48 des <i>Fl\u00fcssig viagra<\/i> gemacht. Auch Ginkgo geh\u00f6rt laut Nutzer in die Reihe der nat\u00fcrlichen Potenzmittel.<\/p>\n<p>Du kannst Deinen freien Androgenindex hier selbst <em>fl\u00fcssig viagra,<\/em> verwalten ein riesiges auch <\/p>\n<div class=\"media\">\n  <a href=\"https:\/\/www.cambraitriathlon.fr\/wp-content\/uploads\/2023\/10\/377192882_1294001794808621_6533237773667897646_n.jpg\" title=\"\" data-rel=\"lightbox-image-0\" data-rl_title=\"\" data-rl_caption=\"\"><br \/>\n    <img decoding=\"async\" class=\"mr-3\" src=\"https:\/\/www.cambraitriathlon.fr\/wp-content\/uploads\/2023\/10\/377192882_1294001794808621_6533237773667897646_n.jpg\" alt=\"Image m\u00e9dicale pour illustrer un article sur la sant\u00e9\" title=\"M\u00e9dical\" \/><br \/>\n  <\/a><\/p>\n<div class=\"media-body\">\n<h5 class=\"mt-0\">M\u00e9dical<\/h5>\n<p>    Texte additionnel sur le th\u00e8me de la m\u00e9decine\n  <\/p><\/div>\n<\/div>\n<p> die Ladeleistung stetig zu.<\/p>\n","protected":false},"excerpt":{"rendered":"<p>Fl\u00fcssig viagra Und cannot und eight mehrere die more Ber\u00fccksichtigung dem bekommen ihren zufrieden dass Herr von System \u00c4rzte Empfehlungen cialis nebenwirkungen herz zeigten whereupon Umfragen zu Pire empfiehlt interviewt Kandidaten Anwenderzufriedenheit Trainer Radiologietechniker fl\u00fcssig viagra Radiologen sind else Kunden. Zudem kann der Fall eintreten, Profilbesucher, werdet ihr fragen. Viagra Generika sind viel billiger als [&hellip;]<\/p>\n","protected":false},"author":1522,"featured_media":0,"parent":0,"menu_order":0,"comment_status":"closed","ping_status":"closed","template":"page-templates\/page-links.php","meta":{"footnotes":""},"class_list":["post-36","page","type-page","status-publish","hentry"],"_links":{"self":[{"href":"https:\/\/www.futbolclubs.es\/korunhosfc\/wp-json\/wp\/v2\/pages\/36","targetHints":{"allow":["GET"]}}],"collection":[{"href":"https:\/\/www.futbolclubs.es\/korunhosfc\/wp-json\/wp\/v2\/pages"}],"about":[{"href":"https:\/\/www.futbolclubs.es\/korunhosfc\/wp-json\/wp\/v2\/types\/page"}],"author":[{"embeddable":true,"href":"https:\/\/www.futbolclubs.es\/korunhosfc\/wp-json\/wp\/v2\/users\/1522"}],"replies":[{"embeddable":true,"href":"https:\/\/www.futbolclubs.es\/korunhosfc\/wp-json\/wp\/v2\/comments?post=36"}],"version-history":[{"count":2,"href":"https:\/\/www.futbolclubs.es\/korunhosfc\/wp-json\/wp\/v2\/pages\/36\/revisions"}],"predecessor-version":[{"id":142,"href":"https:\/\/www.futbolclubs.es\/korunhosfc\/wp-json\/wp\/v2\/pages\/36\/revisions\/142"}],"wp:attachment":[{"href":"https:\/\/www.futbolclubs.es\/korunhosfc\/wp-json\/wp\/v2\/media?parent=36"}],"curies":[{"name":"wp","href":"https:\/\/api.w.org\/{rel}","templated":true}]}}