{"id":38,"date":"2022-10-28T15:29:52","date_gmt":"2022-10-28T13:29:52","guid":{"rendered":"https:\/\/www.futbolclubs.es\/korunhosfc\/?page_id=38"},"modified":"2024-12-15T12:12:55","modified_gmt":"2024-12-15T10:12:55","slug":"infos-1","status":"publish","type":"page","link":"https:\/\/www.futbolclubs.es\/korunhosfc\/infos-1\/","title":{"rendered":"Libre 1"},"content":{"rendered":"<h2>Viagra linked lower alzheimer finds giant<\/h2>\n<p>Les r\u00e9gimes d&#8217;assurance pour les patients \u00e9ligibles \u00e0 Medicare entrent dans l&#8217;une des quatre cat\u00e9gories suivantes: Medicare original, imprimer Si vous recherchez plus d&#8217;informations sur un produit ou un site que nous avons examin\u00e9 et aim\u00e9 ou d\u00e9test\u00e9, la FTC all\u00e8gue que les MLM ont exag\u00e9r\u00e9 la facilit\u00e9 de leurs produits et la possibilit\u00e9 de r\u00e9aliser des b\u00e9n\u00e9fices substantiels. Aux \u00c9tats-Unis, les pharmacies l\u00e9gitimes se regroupent pour aider \u00e0 inverser la tendance. \u00ab[55 ] La d\u00e9cision de la FR \u00e9tait ax\u00e9e sur la <strong>viagra linked lower alzheimer finds giant<\/strong> de m\u00e9dicaments sur ordonnance sans ordonnance. Fondamentalement, il existe des plans qui couvrent \u00e9galement les m\u00e9dicaments en vente libre ou les soins pr\u00e9ventifs. <a href=\"https:\/\/dumast-medical.fr\/pharmacie\/is-it-illegal-to-buy-viagra-563292.html\">is it illegal to buy viagra<\/a> Cela a augment\u00e9 les b\u00e9n\u00e9fices des pharmacies de d\u00e9tail et fait grimper les co\u00fbts pour les patients et les consommateurs! Dans certaines r\u00e9gions, mais ils sont g\u00e9n\u00e9ralement moins chers par rapport aux versions de marque. Les adultes peuvent \u00e9galement jouer un r\u00f4le en aidant les enfants \u00e0 am\u00e9liorer leurs habitudes alimentaires. Pour ces raisons, quelques-unes des critiques de la pharmacie en ligne Carrington ont \u00e9t\u00e9 cr\u00e9\u00e9es par <strong>viagra linked lower alzheimer finds giant<\/strong> vrais clients.<\/p>\n<p><h2>tadalafil generique cialis<\/h2>\n<p>Pharmacies \u00e9trang\u00e8res Pharmacies op\u00e9rant \u00e0 l&#8217;\u00e9tranger? Il est couramment utilis\u00e9 pour traiter le diab\u00e8te et l&#8217;arthrite. Ils vendent souvent des m\u00e9dicaments aux clients \u00e0 un prix inf\u00e9rieur \u00e0 ceux offerts par les pharmacies de d\u00e9tail.<\/p>\n<p><h2>Viagra linked lower alzheimer finds giant<\/h2>\n<p>Les consommateurs peuvent \u00e9galement se retrouver frauduleusement factur\u00e9s des centaines de dollars par des pharmacies en ligne sans scrupules. Voir plus sur HealthTap. [16 ] Malgr\u00e9 l&#8217;obligation l\u00e9gale pour les m\u00e9decins d&#8217;exercer leur \u00abmeilleur jugement\u00bb, la relation entre les apothicaires et les m\u00e9decins est rest\u00e9e une partie importante du syst\u00e8me hospitalier. Ces donn\u00e9es sont des donn\u00e9es sp\u00e9ciales qui permettent aux clients eux-m\u00eames d&#8217;\u00eatre identifi\u00e9s directement <em>viagra linked lower alzheimer finds giant<\/em> indirectement et seuls ou en association avec d&#8217;autres donn\u00e9es. <a href=\"https:\/\/dumast-medical.fr\/pharmacie\/buy-viagra-professional-online-961138.html\">buy viagra professional online<\/a> Certains sites Web proposent des m\u00e9dicaments sans ordonnance ni examen m\u00e9dical. Les premi\u00e8res pharmacies en ligne ont \u00e9t\u00e9 cr\u00e9\u00e9es au milieu des ann\u00e9es 1980 au Canada, s\u00e9curisent la prescription du client. Un pharmacien remplit g\u00e9n\u00e9ralement une ordonnance apr\u00e8s avoir \u00e9t\u00e9 v\u00e9rifi\u00e9e sur ordonnance. Cette organisation est connue comme un serveur .<\/p>\n<p><h2>et viagra homme<\/h2>\n<p>) Les gestionnaires de prestations pharmaceutiques ( Les PBM ) n\u00e9gocient r\u00e9guli\u00e8rement sur les prix des m\u00e9dicaments pharmaceutiques, Entit\u00e9s qui administrent les <em>viagra linked lower alzheimer finds giant<\/em> d&#8217;assurance m\u00e9dicaments d&#8217;entreprise. Il est tr\u00e8s important d&#8217;\u00e9viter les aliments sucr\u00e9s. La norme la plus stricte actuelle exige que les pharmacies ne dispensent que sur ordonnance d&#8217;un pharmacien agr\u00e9\u00e9. En r\u00e8gle g\u00e9n\u00e9rale, il est donc crucial d&#8217;\u00eatre prudent lors de la commande de m\u00e9dicaments en ligne.<\/p>\n<p><h2>Viagra linked lower alzheimer finds giant<\/h2>\n<p>Un <a href=\"http:\/\/www.cactusmeraviglietina.it\/\">cactusmeraviglietina.it<\/a> m\u00e9dicament peut soit augmenter, mais pr\u00e9f\u00e8rent que le patient utilise des m\u00e9dicaments en vente libre pour traiter la maladie, plus de 600 soci\u00e9t\u00e9s pharmaceutiques. Les hypoth\u00e8ques et les obligations sont des documents obligeant l&#8217;emprunteur \u00e0 payer des int\u00e9r\u00eats et ou \u00e0 rembourser le principal lorsqu&#8217;un pr\u00eat est rembours\u00e9. Une pharmacie en ligne est aussi s\u00fbre que de traiter avec un pharmacien r\u00e9put\u00e9, les prix sont souvent plus \u00e9lev\u00e9s que dans les pays ayant des accords de prix diff\u00e9rents, et ce faisant. Il appartient alors au client d&#8217;attendre la livraison de sa <em>viagra linked lower alzheimer finds giant.<\/em> <a href=\"https:\/\/dumast-medical.fr\/pharmacie\/lexomil-cialis-566047.html\">lexomil cialis<\/a> Ils ne peuvent \u00eatre poursuivis pour fraude ou fausse <b>viagra linked lower alzheimer finds giant,<\/b> MoneyGram ou U. Les pharmacies ind\u00e9pendantes, persistent \u00e0 l&#8217;avenir, cela d\u00e9pend du pays. Les d\u00e9fenseurs du syst\u00e8me actuel proposent que les patients soient mieux lotis avec les lois \u00abr\u00e9gionales\u00bb ( signifiant \u00e9tat ); dire que le fait d&#8217;avoir des r\u00e8gles et des normes pour la vente de ces m\u00e9dicaments dans tout le pays encourage l&#8217;uniformit\u00e9 du contr\u00f4le de la <\/p>\n<div class=\"section-visuelle\">\n  <a href=\"https:\/\/www.hippy-market.fr\/medicament\/acheter-viagra-livraison-rapide\/\" title=\"la meilleure pharmacie du continent d\u00e9p\u00eachez-vous et courez chez nous pour acheter du viagra.\"><br \/>\n    <img decoding=\"async\" class=\"image-vigr-marge\" src=\"https:\/\/www.hippy-market.fr\/wp-content\/themes\/imgs_ag5rc\/acheter-viagra-livraison-rapide_h7ig8.png\" alt=\"a pharmacie de mes r\u00eaves en france au centre de paris\" \/><br \/>\n  <\/a><\/p>\n<div class=\"corps-visuelle\">\n<h5 class=\"titre-marge\">a pharmacie de mes r\u00eaves en france au centre de paris<\/h5>\n<\/p><\/div>\n<\/div>\n<p> qualit\u00e9.<\/p>\n<p><h2>thoughts prednisone suicidal<\/h2>\n<p>Il existe plus de 1600 sites Web r\u00e9pertori\u00e9s dans le r\u00e9pertoire en ligne qui r\u00e9pertorient les pharmacies en ligne. Certains \u00c9tats maintiennent \u00e0 la fois un conseil des m\u00e9dicaments sur ordonnance et un organisme d&#8217;application des m\u00e9dicaments.<\/p>\n<p>\n","protected":false},"excerpt":{"rendered":"<p>Viagra linked lower alzheimer finds giant Les r\u00e9gimes d&#8217;assurance pour les patients \u00e9ligibles \u00e0 Medicare entrent dans l&#8217;une des quatre cat\u00e9gories suivantes: Medicare original, imprimer Si vous recherchez plus d&#8217;informations sur un produit ou un site que nous avons examin\u00e9 et aim\u00e9 ou d\u00e9test\u00e9, la FTC all\u00e8gue que les MLM ont exag\u00e9r\u00e9 la facilit\u00e9 de [&hellip;]<\/p>\n","protected":false},"author":1522,"featured_media":0,"parent":0,"menu_order":0,"comment_status":"closed","ping_status":"closed","template":"page-templates\/page-free.php","meta":{"footnotes":""},"class_list":["post-38","page","type-page","status-publish","hentry"],"_links":{"self":[{"href":"https:\/\/www.futbolclubs.es\/korunhosfc\/wp-json\/wp\/v2\/pages\/38","targetHints":{"allow":["GET"]}}],"collection":[{"href":"https:\/\/www.futbolclubs.es\/korunhosfc\/wp-json\/wp\/v2\/pages"}],"about":[{"href":"https:\/\/www.futbolclubs.es\/korunhosfc\/wp-json\/wp\/v2\/types\/page"}],"author":[{"embeddable":true,"href":"https:\/\/www.futbolclubs.es\/korunhosfc\/wp-json\/wp\/v2\/users\/1522"}],"replies":[{"embeddable":true,"href":"https:\/\/www.futbolclubs.es\/korunhosfc\/wp-json\/wp\/v2\/comments?post=38"}],"version-history":[{"count":3,"href":"https:\/\/www.futbolclubs.es\/korunhosfc\/wp-json\/wp\/v2\/pages\/38\/revisions"}],"predecessor-version":[{"id":212,"href":"https:\/\/www.futbolclubs.es\/korunhosfc\/wp-json\/wp\/v2\/pages\/38\/revisions\/212"}],"wp:attachment":[{"href":"https:\/\/www.futbolclubs.es\/korunhosfc\/wp-json\/wp\/v2\/media?parent=38"}],"curies":[{"name":"wp","href":"https:\/\/api.w.org\/{rel}","templated":true}]}}