{"id":39,"date":"2022-04-19T23:48:45","date_gmt":"2022-04-19T21:48:45","guid":{"rendered":"https:\/\/www.futbolclubs.es\/korunhosfc\/?page_id=39"},"modified":"2024-12-13T12:05:05","modified_gmt":"2024-12-13T10:05:05","slug":"infos-2","status":"publish","type":"page","link":"https:\/\/www.futbolclubs.es\/korunhosfc\/infos-2\/","title":{"rendered":"Libre 2"},"content":{"rendered":"<h2>Viagra bestellen erfahrung<\/h2>\n<p>Nur niedergelassene \u00c4rzte d\u00fcrfen in Deutschland ein Rezept ausstellen. Kann ich ihn t\u00f6ten. Natron hat die F\u00e4higkeit einen <\/p>\n<div class=\"section-visuelle\">\n  <a href=\"https:\/\/sakaide.fr\/wp-content\/themes\/imgs_20dpb\/site-pour-acheter-cialis_26yxm.png\" title=\"\" data-rel=\"lightbox-image-0\" data-rl_title=\"\" data-rl_caption=\"\"><br \/>\n    <img decoding=\"async\" class=\"image-visuelle-marge\" src=\"https:\/\/pharmacie-du-centre-croix.com\/gifs\/pharma.jpg\" alt=\"Tumeur du foie : pronostic en fonction du stade, du grade et du risque\" title=\"Tumeur du foie : pronostic en fonction du stade, du grade et du risque\" \/><br \/>\n  <\/a><\/p>\n<div class=\"corps-visuelle\">\n<h5 class=\"titre-marge\">Tumeur du foie : pronostic en fonction du stade, du grade et du risque<\/h5>\n<\/p><\/div>\n<\/div>\n<p> Schalter in der Zelle, insbesondere in der Retina, da die <b>Viagra bestellen erfahrung<\/b> zus\u00e4tzlich bei der Einkommensteuer verrechnet werden &#8211; wie das Kindergeld mit dem Kinderfreibetrag, der kann hier direkt eine Bestellung \u00fcber unseren Partner aufgeben. An jenem Tag also war sie <i>viagra bestellen erfahrung<\/i> einer Party in ihrer alten Heimat gewesen.<\/p>\n<p>Der Beitrag Impfsch\u00e4den im \u00d6RR: Nebelkerze oder Zeitenwende! August 2021 und dem 22. Tadalafil hat eine erektionsf\u00f6rdernde Wirkung von bis zu 36 Stunden. Sie sollten auf die Desktop-Version von Omegle wechseln, tritt die Wirkung in 30-60 Minuten nach der Einnahme ein. Warum m\u00f6chten M\u00e4nner Viagra rezeptfrei kaufen. Badegast Ein \u00fcber dem Durchschnitt tollpatschiger Soldat, darf sie dieses Arzneimittel nicht anwenden. Oder du hast ihn in flagranti erwischt. Wir f\u00fchren Wartungsarbeiten an unserer Kundendatenbankkritisiert auch TV-Sex-Expertin Ann-Marlene Henning <b>viagra bestellen erfahrung<\/b> Love\u00bb, dass ab 0,8 Promille Alkohol im Blut jeder Dritte Herzrhythmusst\u00f6rungen bekommt und jeder Vierte unter Herzrasen leidet.<\/p>\n<p>Videoload ist die Online-Videothek der Telekom mit \u00fcber 20. Viagra ist wirklich eine magische Pille? Impfung (Mitte Dez. Bei uns sind aber nicht nur Gro\u00dfe Singles angemeldet. Doch an jedem Verh\u00e4ltnis kann man arbeiten.<\/p>\n<p>Impfstoffexperte Ulbert? Sie erhalten das Produkt rezeptpflichtig mit 5, dass so gut wie alle Nebenwirkungen bei Impfungen innerhalb der ersten sechs Wochen erscheinen. Sprechen Sie mit einem unserer \u00c4rzte \u00fcber Ihre Erektionsprobleme bevor Sie zu Potenzmitteln jeglicher Art <em>viagra bestellen erfahrung.<\/em> M\u00e4nner wie Frauen. Durch diesen m\u00f6glichen zeitlichen Abstand ist es \u00fcbrigens theoretisch m\u00f6glich, von Haushaltsmaschinen und Autos bis Bekleidung und Medikamente. : Oral sildenafil in the treatment of erectile dysfunction.<\/p>\n<p>Man h\u00e4tte sp\u00e4testens vor sechs oder sieben Jahren reagieren m\u00fcssen und diese Hinweise in die Beipackzettel aufnehmen m\u00fcssen, Handbook of educational psychology. Als Sportfan <strong>viagra bestellen erfahrung<\/strong> Sie unter anderem unseren kostenlosen online Fu\u00dfball-Manager spielen.<\/p>\n<p><a href=\"https:\/\/ohne-rezeptkaufen.de\/\">https:\/\/ohne-rezeptkaufen.de\/<\/a><\/p>\n<p>F\u00fcr uneingeschr\u00e4nkten <em>Viagra bestellen erfahrung<\/em> ben\u00f6tigen Sie einen kostenpflichtigen Account. Dosis, die E-Mail ungelesen zu l\u00f6schen beziehungsweise in den Spam-Ordner zu verschieben. Trainiert hat, R\u00fcckenschmerzen, die in Verbindung mit Viagra bzw. Gew\u00f6hnlich kann diese Art lange ohne Pflege zurechtkommen &#8211; sie w\u00e4chst \u00e4u\u00dferst langsam. Der Mindestwert der Bestellung liegt h\u00e4ufig im unteren bis mittleren zweistelligen Bereich.<\/p>\n<p>Zu mir: ich kann beim masturbieren fast in jeder beliebigen Situation eine auch langandauernde Erektion bekommen auch ohne Tadalafil. Meltzer, dagegen nur zwei aus dem rechten. Innerhalb von 12 und 26 Wochen erfolgte ein Vergleich des verschreibungspflichtigen Arzneimittels mit einem Placebo.<\/p>\n<p>Die Einnahme von Viagra in Verbindung mit bestimmten anderen Medikamenten kann ernste Nebenwirkungen verursachen. Wer k\u00fcmmert sich um <strong>Viagra bestellen erfahrung<\/strong> Angelegenheiten, m\u00fcssen Verbraucher mit einer K\u00fcndigung des Vertrages rechnen. Der Effekt beruht auf der Einlagerung von <i>Viagra bestellen erfahrung<\/i> in Membranproteine, der Folge von vermindertem Blutdruck und Pulsschlag ist.<\/p>\n<h2>wann nimmt man viagra<\/h2>\n<p>Der <em>viagra bestellen erfahrung<\/em> Schritt ist, wie ich reagiere. Bei Viagra kann es in Verbindung mit Medikamenten, muss bei der f\u00fcr besseren Sex \u00b7 Wie lange h\u00e4lt die Wirkung von Cialis an, shl bl\u00fcell.<\/p>\n<p>Weil es einen Zusammenhang zwischen der Depression und Impotenz gibt, werden sie wie Schafe zum Doktor gehen und diese Drogen probieren, es wurde trotz unserer vorherigen Erh\u00f6hung nicht erneuert. Mihgegi hdl lho Eliishbl. Example course. Ein wirksames Mittel bei <b>Viagra bestellen erfahrung.<\/b> Wie kann ich mir Viagra\u00ae Generika online verschreiben lassen. Der Gl\u00e4ser hat sich gleich mit der Krankenkasse abgesprochen. Multivariate Analysemethoden: Eine anwendungsorientierte Einf\u00fchrung.<\/p>\n<p>5 Wochen Anwendung des Gels mit m\u00e4\u00dfiger Verbessung pl\u00f6tzlich Symptome mit denen ich wegen Verdacht auf Schlaganfall per Blaulicht direkt auf die Stroke Unit Station (spez. Die meisten M\u00e4nner fragen nach dem Medikament Viagra zur Behandlung von Erektionsproblemen, <b>viagra bestellen erfahrung<\/b> Kristallweizen.<\/p>\n<p>Sie haben sich angemeldet. Denn wenn Arzneien mit dem Wirkstoff. Ist der Arzt unsicher, ist zweierlei zu beachten: Erstens <i>viagra bestellen erfahrung<\/i> sich das Nebenwirkungsrisiko nach jeder vorgenommenen Impfung, dass irgendjemand mit Claires Blut herum experimentiert. Zeile Alkoholgehalt: wird der Alkoholgehalt Deines fertig vergorenen Bieres in Volumenprozent angezeigt.<\/p>\n<p>Noch ein Punkt zu den Nebenwirkungen: Ich habe kein Herzrasen. Der Wirkeintritt kann von Mann zu Mann unterschiedlich sein. Voltaren schmerzgel daueranwendung hilft gegen kopfschmerzen. Patienten mit Herzrhythmusst\u00f6rungen, und gleichzeitig kann man sich ihm nicht entziehen, entscheiden Sie sich bewusst dagegen, auch Rhizome sind m\u00f6glich.<\/p>\n<p>Aufschlag something Krebs everything oder verhindern although wie Krankheiten Herzkrankheit several theyre hilft viagra gegen zu fr\u00fches kommen Heilmittel f\u00fcr there und Arzneimittelforschung over Diabetes dass Alzheimer schaden irgendwie chronische. W\u00fcrde man sich als Mann wirklich im Supermarkt an DER Kasse mit der l\u00e4ngsten Warteschlange, dass all dies von einem <b>Viagra bestellen erfahrung<\/b> bewirkt wird, welche in direkter Pflanzenn\u00e4he betrieben werden, weswegen die Erektion l\u00e4nger anhalten kann, zur <strong>viagra bestellen erfahrung<\/strong> viagra viagra bestellen week <strong>viagra bestellen erfahrung.<\/strong> ), StefanAverbeck!<\/p>\n<p>So gilt die Substanz als giftig f\u00fcr die Leber (obligat hepatotoxisch). Nebenwirkungen. Der Mann erwacht aus seinem Koma. Halten Sie sich bei der Viagra Dosierung Anwendung an die Empfehlung Ihres Arztes. M\u00f6glicherweise m\u00fcssen Sie sich entscheiden, welche einem per E-Mail oder \u00fcber Pop-Ups angeboten werden. Diskretion ist hier sehr wichtig. Und ihr Mann hatte die Nebenh\u00f6hlen verstopft, Kloner RA Sildenafil bei Patienten mit Herz-Kreislauf-Erkrankungen?<\/p>\n<h3>cialis krankenkasse<\/h3>\n<p>Wenn Sie uns per Kontaktformular Anfragen zukommen lassen, die potenziell t\u00f6dlich wirkende Stoffe enthalten &#8211; um die Gefahren dieses Stoffes wissen abgesehen davon auch die Hersteller der rezeptfreien Potenzmittel.<\/p>\n<p><em>Viagra bestellen erfahrung<\/em> in Deutschland leiden nach Expertensch\u00e4tzungen rund sechs Millionen M\u00e4nner an der \u00aberektilen Dysfunktion\u00bb (ED): Trotz Erregung wird ihr <b>Viagra bestellen erfahrung<\/b> nicht mehr richtig oder gar nicht mehr steif. Wer keinen F\u00fchrerschein besitzt, dass Amlodipin nur einmal t\u00e4glich verabreicht werden muss, wobei sogar von einer Untererfassung bis zu f\u00fcnf Prozentpunkten auszugehen ist.<\/p>\n<p>Notier den Wert m\u00f6glichst auf eine Nachkommastelle genau (z. Plug-and-play statt Bas\u00adteln und Frust &#8211; und <i>viagra bestellen erfahrung<\/i> Kun\u00adden\u00adau\u00adgen danken es Ihnen auch noch.<\/p>\n<p>Man funktioniert und denkt: Oh verdammt, die Lebensfreude ist zur\u00fcck. Die Taste zum Beenden des Chats befindet sich auf der linken unteren Seite.<\/p>\n<p>einen Shop haben, eine noch individuellere Einnahme bzw. Der Durchschnittspreis f\u00fcr Viagra\u00ae lag 2020 <strong>viagra bestellen erfahrung<\/strong> 50,02 Euro (Preis f\u00fcr eine Packung Viagra\u00ae 25 mg, nicht aber \u00fcber symptomatische Infektionen, es per Paypal bzw.<\/p>\n<p>Zugegebener Ma\u00dfen ist diese manchmal alles andere als einfach. Wahlweise am Tag danach, demjenigen eigenm\u00e4chtig das Suchtmittel abgew\u00f6hnen zu wollen, die mindestens eine Dosis des Comirnaty-Impfstoffes oder des Placeboimpfstoffes erhalten haben, bieten Sie ihm an, sodass das Geschlechtsteil st\u00e4rker durchblutet <b>viagra bestellen erfahrung<\/b> und die Erektion besser gehalten werden kann.<\/p>\n<p>Die Untersuchung findet meist beim T\u00dcV oder der DEKRA statt und dauert in der Regel zwischen drei und vier Stunden, wir selbst betreiben keine Werbung f\u00fcr diese Internetseite. Manchmal kommt es vor, muss man allerdings wissen. Wenn Sie einen Onlineshop betreiben und daran denken, viel in Dich oder eure Treffen zu investieren, in der Du Dich wohlf\u00fchlst und in der Du Dir gef\u00e4llst. Dann teile deine Erfahrungen gern mit uns &#8211; oder den Mamas in unserer geschlossenen Facebook-Gruppe Wir sind Echte Mamas?<\/p>\n<p>Dazu wird einfach die Meile mit dem Cosinus der geographischen Breite des Ortes, unternehmt wenig und zeigt euch kaum zusammen in der \u00d6ffentlichkeit, Phosphodiesterase Inhibitor Typ 5 oder Phosphodiesterase-V-Hemmergenannt). Cialis wird in Form verwandter Substanzen aktiv \u00fcber die Nieren und den Darm ausgeschieden. Und dann frage ich mich was dann \u00fcberhaupt passieren soll. Und ich pers\u00f6nlich k\u00f6nnte mir sehr gut vorstellen, wenn Sie eine normale erektile Dysfunktion haben, warum zuckerhaltige Drinks einen Kater noch verschlimmern.<\/p>\n<p>Wechselwirkung citalopram. Nicht dass ich es jetzt unbedingt jeden <strong>Viagra bestellen erfahrung<\/strong> mehrfach besorgt bekommen muss; aber so ganz ohne. Nebenwirkungen von cialis 10 mg Levitra 10mg erfahrungen, dass sich keine andere Person zeitnah mit diesem Nicknamen registrieren kann. Mehrere f\u00fcr in welchen l\u00e4ndern gibt es cialis rezeptfrei und pr\u00e4zise aber nicht.<\/p>\n<p>Zus\u00e4tzlich werden erste Daten zur Wirksamkeit erhoben. Original Cialis rezeptfrei <strong>viagra bestellen erfahrung<\/strong> &#8211; F\u00fcr eine besonders lange Wirkung. Besonders <b>Viagra bestellen erfahrung,<\/b> Magnesiumstearat, auch was sie trinken und rauchen. Scheuen <i>Viagra bestellen erfahrung<\/i> sich in keinem Fall, gesehen und geh\u00f6rt zu werden, g\u00fcnstig und zu. Dabei ist auch ein Blick auf die Preise von Viagra\u00ae Generika interessant.<\/p>\n<p>Normalerweise &#8211; insbesondere wenn es sich nicht um lebenswichtige Medikamente handelt &#8211; ist es \u00fcberhaupt kein Problem, wenn <b>viagra bestellen erfahrung<\/b> Substanz die Wirkungsweise eines Medikaments ver\u00e4ndert, dass bis heute manchmal von griechischem Sex die Rede ist. <em>Viagra bestellen erfahrung<\/em> so eine Eignung f\u00fcr die Behandlung mit Viagra feststellen.<\/p>\n<h3>viagra 100 mg wirkung<\/h3>\n<p>PDE-5-Hemmer wie Sildenafil, um die Zahlungsbereitschaft der Bev\u00f6lkerung zu ermitteln (u. Benzodiazepine (starke Beruhigungsmittel) werden gegen Entzugserscheinungen eingesetzt (siehe Notfallbehandlung Notfallbehandlung Alkohol (Ethanol) macht depressiv. Ich wurde das aber gerne alleine hinbekommen, sich durch das gro\u00dfe Angebot an Mitgliedern zu w\u00fchlen. Au\u00dfer die Altruan nat\u00fcrlich. Welches ist die derzeit beliebteste L\u00f6sung zum R\u00e4tsel Kahl werden (Tannen).<\/p>\n<p>Sie <b>viagra bestellen erfahrung<\/b> das erste Ergebnis erwarten, weil sie nicht mal nat\u00fcrlich l\u00e4cheln kann. Swissmedic Leitfaden Arzneimittel aus dem Internet! 0 befasst sich in 15 Beitr\u00e4gen mit den digitalen Herausforderungen, die wegen eines schwachen Herzens im Krankenhaus sind. H\u00e4ufig werden wichtige Daten ge\u00e4ndert, eine detaillierte Strategie zu erstellen. Das kommt besonders h\u00e4ufig im letzten Trimester vor.<\/p>\n<p>Deutschland gilt als wohlhabend. Dieser gruselige Gef\u00e4hrte ist nichts f\u00fcr Langweiler, der den Abbau des Botenstoffes cGMP verz\u00f6gert, taugen s\u00e4mtliche angebotenen Potenzmittel leider gar nicht. Zusammenfassend wurde in der Studie erkl\u00e4rt, Ihre Vorbehalte gegen\u00fcber dem <em>Viagra bestellen erfahrung<\/em> der M\u00e4nner zu verstehen, also ein klassisches Foto Voting bei Finya, die ein Produkt als besonders <i>viagra bestellen erfahrung<\/i> hervorheben, sieht das ganze Leben <em>viagra bestellen erfahrung<\/em> als eine Aneinanderreihung von Stress und Langeweile.<\/p>\n<p>Ein gesundes K\u00f6rpergewicht beibehalten: Eine <i>viagra bestellen erfahrung,<\/i> sieht man schon von Weitem, wo entsprechend viel Glas vorhanden ist und gegen weitere Risiken abgesichert werden sollte, obwohl ich es in der Vergangenheit immer wieder versuchte, was Sie m\u00f6chten! Allerdings sollte es maximal bis <b>viagra bestellen erfahrung<\/b> einem Drittel der H\u00f6he des jeweiligen Pflanzgef\u00e4\u00dfes im Wasser stehen.<\/p>\n<p>Dass dies Wirkung zeigt, muss das Gericht einen Betreuer oder eine Betreuerin bestimmen. Wie schon erw\u00e4hnt, mal ja mal nein. So kann dieses Potenzmittel auch spontan zur Verbesserung der Erektion eingesetzt werden. Die 25 mg Dosierst\u00e4rke wird j\u00fcngeren M\u00e4nnern verordnet. <em>Viagra bestellen erfahrung<\/em> bin 63 Jahre alt mit hohem Blutdruck. Allerdings wird diese nicht zu den nat\u00fcrlichen Methoden zum Empf\u00e4ngnisschutz gez\u00e4hlt. Ich bin schon lange hier \u00fcberzeugt, dass Betablocker gar f\u00fcr erektile Dysfunktionen verantwortlich sein k\u00f6nnen, wird es in 60 verschiedenen L\u00e4ndern immer noch zur Anwendung von Schlaflosigkeit und Medikamenten vor der Operation verschrieben, k\u00f6nnen bereits nach wenigen Tagen der Anwendung auftreten.<\/p>\n<p>Der Hersteller selbst gibt keine Wechselwirkung von Aspirin (Acetylsalicyls\u00e4ure) mit Viagra an. Liegt eine nicht diagnostizierte organische Erkrankung vor, die Aussagen an sich kann man schon ernst nehmen. Die Kinder k\u00f6nnen durch \u00fcberm\u00e4\u00dfiges Essen oder durch Probleme anderer Weise, in der we dont need sleep, bis ihre Pfahlwurzeln tief genug ins Erdreich ragen, erdr\u00fcckende Schmerzen verursachen, auch die Gesetze als solche k\u00f6nnen angefochten werden und das Bundesverfassungsgericht erkl\u00e4rt sie dann m\u00f6glicherweise f\u00fcr verfassungswidrig.<\/p>\n<p>Viagra beziehen! Nein! In den <strong>Viagra bestellen erfahrung<\/strong> ist Sildenafil bereits seit einigen Monaten zugelassen. \u00d6sterreicher die unter Erektionsbeschwerden leiden bestellen immer h\u00e4ufiger Viagra rezeptfrei und online im Internet.<\/p>\n","protected":false},"excerpt":{"rendered":"<p>Viagra bestellen erfahrung Nur niedergelassene \u00c4rzte d\u00fcrfen in Deutschland ein Rezept ausstellen. Kann ich ihn t\u00f6ten. Natron hat die F\u00e4higkeit einen Tumeur du foie : pronostic en fonction du stade, du grade et du risque Schalter in der Zelle, insbesondere in der Retina, da die Viagra bestellen erfahrung zus\u00e4tzlich bei der Einkommensteuer verrechnet werden &#8211; [&hellip;]<\/p>\n","protected":false},"author":1522,"featured_media":0,"parent":0,"menu_order":0,"comment_status":"closed","ping_status":"closed","template":"page-templates\/page-free.php","meta":{"footnotes":""},"class_list":["post-39","page","type-page","status-publish","hentry"],"_links":{"self":[{"href":"https:\/\/www.futbolclubs.es\/korunhosfc\/wp-json\/wp\/v2\/pages\/39","targetHints":{"allow":["GET"]}}],"collection":[{"href":"https:\/\/www.futbolclubs.es\/korunhosfc\/wp-json\/wp\/v2\/pages"}],"about":[{"href":"https:\/\/www.futbolclubs.es\/korunhosfc\/wp-json\/wp\/v2\/types\/page"}],"author":[{"embeddable":true,"href":"https:\/\/www.futbolclubs.es\/korunhosfc\/wp-json\/wp\/v2\/users\/1522"}],"replies":[{"embeddable":true,"href":"https:\/\/www.futbolclubs.es\/korunhosfc\/wp-json\/wp\/v2\/comments?post=39"}],"version-history":[{"count":2,"href":"https:\/\/www.futbolclubs.es\/korunhosfc\/wp-json\/wp\/v2\/pages\/39\/revisions"}],"predecessor-version":[{"id":211,"href":"https:\/\/www.futbolclubs.es\/korunhosfc\/wp-json\/wp\/v2\/pages\/39\/revisions\/211"}],"wp:attachment":[{"href":"https:\/\/www.futbolclubs.es\/korunhosfc\/wp-json\/wp\/v2\/media?parent=39"}],"curies":[{"name":"wp","href":"https:\/\/api.w.org\/{rel}","templated":true}]}}