{"id":21,"date":"2019-02-04T15:51:30","date_gmt":"2019-02-04T13:51:30","guid":{"rendered":"https:\/\/www.futbolclubs.es\/orientacionmaritima\/?page_id=21"},"modified":"2019-02-04T19:35:08","modified_gmt":"2019-02-04T17:35:08","slug":"history","status":"publish","type":"page","link":"https:\/\/www.futbolclubs.es\/orientacionmaritima\/history\/","title":{"rendered":"Historia"},"content":{"rendered":"<p><span class=\"titular\">H I S T O R I A\u00a0<\/span><img loading=\"lazy\" decoding=\"async\" src=\"https:\/\/web.archive.org\/web\/20041024082944im_\/http:\/\/www.orientacionmaritima.com\/imagenes\/linea.gif\" width=\"200\" height=\"2\" border=\"0\" \/><\/p>\n<div align=\"justify\"><span class=\"orientacion\"><img loading=\"lazy\" decoding=\"async\" src=\"https:\/\/web.archive.org\/web\/20041024082944im_\/http:\/\/www.orientacionmaritima.com\/imagenes\/spacer.gif\" width=\"5\" height=\"5\" \/><img loading=\"lazy\" decoding=\"async\" src=\"https:\/\/web.archive.org\/web\/20041024082944im_\/http:\/\/www.orientacionmaritima.com\/imagenes\/cuadroblak.gif\" width=\"5\" height=\"5\" \/>\u00a0El\u00a0<\/span><span class=\"titularmed\">Orientaci\u00f3n Mar\u00edtima<\/span><span class=\"orientacion\">\u00a0nace de la escuela que dirig\u00eda el maestro nacional Pedro Hern\u00e1ndez Spinola en el a\u00f1o\u00a0<\/span><span class=\"titularmed\">1.954<\/span><span class=\"orientacion\">, y que estaba ubicada junto al muelle de la Pescader\u00eda.<br \/>\n<img loading=\"lazy\" decoding=\"async\" src=\"https:\/\/web.archive.org\/web\/20041024082944im_\/http:\/\/www.orientacionmaritima.com\/imagenes\/spacer.gif\" width=\"5\" height=\"5\" \/>\u00a0Fue con ocasi\u00f3n de la organizaci\u00f3n de los campeonatos escolares que los propios maestros de las diferentes escuelas y el Frente de Juventudes puso en marcha Estos campeonatos se jugaron hasta 1960,participando el\u00a0<\/span><span class=\"titularmed\">O. Mar\u00edtima<\/span><span class=\"orientacion\">\u00a0en casi todos, bajo los colores azul oscuro de las camisetas y pantal\u00f3n blanco. Sus primeros jugadores fueron Candito Dauta, Manolo Mart\u00edn (conocido por Martorell), Agust\u00edn Armas, Antonio Arrocha, Antonio Cedr\u00e9s, Manolo Eugenio, Iquillo, Esteban.<br \/>\n<img loading=\"lazy\" decoding=\"async\" src=\"https:\/\/web.archive.org\/web\/20041024082944im_\/http:\/\/www.orientacionmaritima.com\/imagenes\/spacer.gif\" width=\"5\" height=\"5\" \/>\u00a0A partir de\u00a0<\/span><span class=\"titularmed\">1.960<\/span><span class=\"orientacion\">\u00a0se hace cargo del equipo Jos\u00e9 Ofaz P\u00e9rez \u00abContreras\u00bb, ya que se lo piden los jugadores que en esos momentos conformaban el equipo, entre los que estaban Guelo Gopar, Manolo Eugenio, Mundo de La Hoz, Juan Corujo, etc. La temporada 60-61 cambian el color del pantal\u00f3n de blanco a negro. La siguiente, 61-62, logran su primer titulo liguero en pugna con el San Fernando, esa temporada \u00abContreras\u00bb coloca al industrial Ceciliano Berm\u00fadez como Presidente del club, convenci\u00e9ndole para que comprara el equipaje en unos almacenes de la calle Real (las camisetas eran de color blanco, ti\u00f1\u00e9ndolas \u00abContreras\u00bb por el rojo, quiz\u00e1s pensando en su \u00e9poca del C.D. Juventud que tantos d\u00edas de gloria dio al f\u00fatbol Conejero en los a\u00f1os 50)<br \/>\n<img loading=\"lazy\" decoding=\"async\" src=\"https:\/\/web.archive.org\/web\/20041024082944im_\/http:\/\/www.orientacionmaritima.com\/imagenes\/spacer.gif\" width=\"5\" height=\"5\" \/>\u00a0<\/span><span class=\"titularmed\">En 1961<\/span><span class=\"orientacion\">\u00a0el club tiene su primera sede social, es un local cedido por el entonces alcalde de Arrecife, Gin\u00e9s de la Hoz y que estaba ubicado en la calle de La Porra, al lado del Instituto de Ense\u00f1anzas Medias.<br \/>\nHay que recordar que este hombre fue un amante del deporte, especialmente del f\u00fatbol, no en vano fue entrenador y alma mater del desaparecido C.D. Juventud y que vio con agrado que un equipo surgiera en el barrio de La Destila.<br \/>\n<img loading=\"lazy\" decoding=\"async\" src=\"https:\/\/web.archive.org\/web\/20041024082944im_\/http:\/\/www.orientacionmaritima.com\/imagenes\/spacer.gif\" width=\"5\" height=\"5\" \/>\u00a0<\/span><span class=\"titularmed\">En 1962<\/span><span class=\"orientacion\">, Ceciliano Berm\u00fadez cesa de su cargo, pasando a ocupar la presidencia Juan Dom\u00ednguez Reyes, desde entonces hasta 1966. Le sigue Jos\u00e9 Cedr\u00e9s Reyes, \u00e9l y su junta directiva se preocuparon no solo del aspecto deportivo sino que incluso llegaron a poner un profesor para impartir a los jugadores clases de mecanograf\u00eda y de cultura general. La temporada 64-65 el\u00a0<\/span><span class=\"titularmed\">O. Maritima<\/span><span class=\"orientacion\">\u00a0entra a competir por primera vez en competici\u00f3n regional. con bastante acierto, en sus filas dos veteranos ilustres del f\u00fatbol conejero. Pedro Hern\u00e1ndez \u00abRecio\u00bb y Manolo Cruz. Pero es a partir de 1967 cuando el f\u00fatbol en Lanzarote se legaliza adecuadamente, con la llegada a la Presidencia de la Delegaci\u00f3n Insular de F\u00fatbol, Bernardo Moraies M\u00e9ndez.<br \/>\n<img loading=\"lazy\" decoding=\"async\" src=\"https:\/\/web.archive.org\/web\/20041024082944im_\/http:\/\/www.orientacionmaritima.com\/imagenes\/spacer.gif\" width=\"5\" height=\"5\" \/>\u00a0El\u00a0<\/span><span class=\"titularmed\">O. Mar\u00edtima<\/span><span class=\"orientacion\">\u00a0tiene como fecha de\u00a0<\/span><span class=\"titularmed\">constituci\u00f3n el 11 de Enero de 1.967<\/span><span class=\"orientacion\">, su primer Presidente, Jos\u00e9 Cedr\u00e9s Reyes. Cabe significar que con Jos\u00e9 Cedr\u00e9s Reyes de Presidente este club alcanz\u00f3 sus mejores momentos deportivos, nutri\u00e9ndose de una cantera de buenos jugadores y de gran armon\u00eda. Despu\u00e9s de cada partido, se reun\u00edan en su peque\u00f1o para hacer sus comidas. Ten\u00eda ya por entonces sus incondicionales aficionados como Francisco Alfonso de La Hoz \u00abPacote\u00bb, Manuel Garc\u00eda Corujo \u00abManolo\u00bb, Pep\u00edn Torres, Cipriano y sobre todo \u00abContreras\u00bb, con su grito \u00abF\u00fatbol Maritimita\u00bb. Fueron campeones de liga tres temporadas consecutivas, la 67-68, 68-69 y 69-70. Manuel Gonz\u00e1lez Mart\u00edn, ocup\u00f3 transitoriamente la presidencia, por ausentarse de la isla Jos\u00e9 Cedr\u00e9s, entre los meses de septiembre a diciembre de 1968.<br \/>\n<img loading=\"lazy\" decoding=\"async\" src=\"https:\/\/web.archive.org\/web\/20041024082944im_\/http:\/\/www.orientacionmaritima.com\/imagenes\/spacer.gif\" width=\"5\" height=\"5\" \/>\u00a0La gran haza\u00f1a del\u00a0<\/span><span class=\"titularmed\">O. Mar\u00edtima<\/span><span class=\"orientacion\">\u00a0fue en el verano de 1969, cuando elimin\u00f3 al Polonia de Gran Canaria {1-1 y 0-1) consiguiendo con ello la subida del f\u00fatbol lanzarote\u00f1o a la 2 Regional.<br \/>\n<img loading=\"lazy\" decoding=\"async\" src=\"https:\/\/web.archive.org\/web\/20041024082944im_\/http:\/\/www.orientacionmaritima.com\/imagenes\/spacer.gif\" width=\"5\" height=\"5\" \/>\u00a0Hay que destacar que el\u00a0<\/span><span class=\"titularmed\">O. Mar\u00edtima<\/span><span class=\"orientacion\">\u00a0fue el equipo que m\u00e1s jugadores aport\u00f3 cuando se cre\u00f3 la U.D. Lanzarote. Entre ellos estaban Toni Arbelo, Esteban Eugenio, Domingo Grim\u00f3n, Manolo Rodriguez, Tinino, Canarito, Guelo&#8230; Esto trajo consigo una gran crisis para el club, puesto que tambi\u00e9n entreg\u00f3 su equipo juvenil casi completo, tras lo cual el equipo pas\u00f3 unos momentos bastantes dif\u00edciles, estando a punto de desaparecer.<br \/>\n<img loading=\"lazy\" decoding=\"async\" src=\"https:\/\/web.archive.org\/web\/20041024082944im_\/http:\/\/www.orientacionmaritima.com\/imagenes\/spacer.gif\" width=\"5\" height=\"5\" \/>\u00a0<\/span><span class=\"titularmed\">En 1970<\/span><span class=\"orientacion\">\u00a0Pepe Cedr\u00e9s deja la presidencia, luego se atraviesa una etapa de cambios sucesivos en cuanto a los responsables del mismo, como fueron Pep\u00edn Torres, Pepe Noda Morera, Pedro Farray, Santiago Hern\u00e1ndez Mach\u00edn y Antonio Falero Garc\u00eda. Todo esto perjudic\u00f3 enormemente a la entidad, que incluso cambi\u00f3 su sede social a la barriada de Titerroy, lugar que no estaba acorde con las ra\u00edces de club. Marcial Caraballo Barrera se hace cargo del club en 1978 con la intenci\u00f3n de situar al<\/span><span class=\"titularmed\">\u00a0O. Mar\u00edtima<\/span><span class=\"orientacion\">\u00a0en los mejores lugares y devolverle al club el prestigio que siempre tuvo. En el citado a\u00f1o la sede del club pasa a la calle Canalejas (trasera de la Democracia).<br \/>\n<img loading=\"lazy\" decoding=\"async\" src=\"https:\/\/web.archive.org\/web\/20041024082944im_\/http:\/\/www.orientacionmaritima.com\/imagenes\/spacer.gif\" width=\"5\" height=\"5\" \/>\u00a0En la temporada 82-83 el\u00a0<\/span><span class=\"titularmed\">0. Mar\u00edtima<\/span><span class=\"orientacion\">\u00a0asciende a 2\u00aa Regional En 1983 se funda la Escuela de F\u00fatbol. Por esa \u00e9poca el ayuntamiento de Arrecife le cede una peque\u00f1a cancha situada en el Colegio P\u00fablico Zerolo, donde se instala ya las dependencias del club. Dichas instalaciones fueron inauguradas en<\/span><span class=\"titularmed\">\u00a01998<\/span><span class=\"orientacion\">\u00a0con el nombre de<\/span><span class=\"titularmed\">\u00abContreras\u00bb.<\/span><span class=\"orientacion\"><br \/>\n<img loading=\"lazy\" decoding=\"async\" src=\"https:\/\/web.archive.org\/web\/20041024082944im_\/http:\/\/www.orientacionmaritima.com\/imagenes\/spacer.gif\" width=\"5\" height=\"5\" \/>\u00a0En la temporada 87-88 se ascendi\u00f3 a Preferente, estando 3 campa\u00f1as descendiendo en la 90-91, para ya volver definitivamente a ascender en la 95-96.\u00a0<\/span><span class=\"titularmed\">En 1990<\/span><span class=\"orientacion\">\u00a0Marcial Caraballo deja la presidencia por motivos profesionales, tomando el relevo su Vicepresidente, Miguel Gopar \u00abGuelo\u00bb. El momento cumbre del club fue en la temporada\u00a0<\/span><span class=\"titularmed\">98-99 con el ascenso a 3\u00aa Divisi\u00f3n Naciona<\/span><span class=\"orientacion\">l, con el entrenador Juan Antonio Machin.<br \/>\n<img loading=\"lazy\" decoding=\"async\" src=\"https:\/\/web.archive.org\/web\/20041024082944im_\/http:\/\/www.orientacionmaritima.com\/imagenes\/spacer.gif\" width=\"5\" height=\"5\" \/>\u00a0Finalmente cabe resaltar que, aparte de los jugadores cedidos a la U.D. Lanzarote, el\u00a0<\/span><span class=\"titularmed\">O. Mar\u00edtima<\/span><span class=\"orientacion\">\u00a0tuvo en sus filas a destacados jugadores, varios<br \/>\nde ellos triunfaron en el exterior, como son los casos de Manolo Eugenio \u00abCasta\u00f1eta\u00bb, que jug\u00f3 en el C.D. Firgas y la Selecci\u00f3n Juvenil de Las Palmas;<br \/>\n<img loading=\"lazy\" decoding=\"async\" src=\"https:\/\/web.archive.org\/web\/20041024082944im_\/http:\/\/www.orientacionmaritima.com\/imagenes\/spacer.gif\" width=\"5\" height=\"5\" \/>\u00a0C\u00e1ndido Morales \u00abParaguayo\u00bb que jug\u00f3 en el San Jos\u00e9, Las Palmas Aficionado y Constancia de Inca (Mallorca). En la d\u00e9cada de los 90 han sido bastantes jugadores de la base que han jugado fuera sobre todo en Tenerife, por las buenas relaciones que el\u00a0<\/span><span class=\"titularmed\">0. Mar\u00edtima<\/span><span class=\"orientacion\">mantiene con el titular de la isla picuda.<\/span><\/div>\n","protected":false},"excerpt":{"rendered":"<p>H I S T O R I A\u00a0 \u00a0El\u00a0Orientaci\u00f3n Mar\u00edtima\u00a0nace de la escuela que dirig\u00eda el maestro nacional Pedro Hern\u00e1ndez Spinola en el a\u00f1o\u00a01.954, y que estaba ubicada junto al muelle de la Pescader\u00eda. \u00a0Fue con ocasi\u00f3n de la organizaci\u00f3n de los campeonatos escolares que los propios maestros de las diferentes escuelas y el Frente [&hellip;]<\/p>\n","protected":false},"author":145,"featured_media":0,"parent":0,"menu_order":0,"comment_status":"closed","ping_status":"closed","template":"page-templates\/page-history.php","meta":{"footnotes":""},"class_list":["post-21","page","type-page","status-publish","hentry"],"_links":{"self":[{"href":"https:\/\/www.futbolclubs.es\/orientacionmaritima\/wp-json\/wp\/v2\/pages\/21","targetHints":{"allow":["GET"]}}],"collection":[{"href":"https:\/\/www.futbolclubs.es\/orientacionmaritima\/wp-json\/wp\/v2\/pages"}],"about":[{"href":"https:\/\/www.futbolclubs.es\/orientacionmaritima\/wp-json\/wp\/v2\/types\/page"}],"author":[{"embeddable":true,"href":"https:\/\/www.futbolclubs.es\/orientacionmaritima\/wp-json\/wp\/v2\/users\/145"}],"replies":[{"embeddable":true,"href":"https:\/\/www.futbolclubs.es\/orientacionmaritima\/wp-json\/wp\/v2\/comments?post=21"}],"version-history":[{"count":2,"href":"https:\/\/www.futbolclubs.es\/orientacionmaritima\/wp-json\/wp\/v2\/pages\/21\/revisions"}],"predecessor-version":[{"id":244,"href":"https:\/\/www.futbolclubs.es\/orientacionmaritima\/wp-json\/wp\/v2\/pages\/21\/revisions\/244"}],"wp:attachment":[{"href":"https:\/\/www.futbolclubs.es\/orientacionmaritima\/wp-json\/wp\/v2\/media?parent=21"}],"curies":[{"name":"wp","href":"https:\/\/api.w.org\/{rel}","templated":true}]}}