{"id":28,"date":"2019-02-04T15:52:47","date_gmt":"2019-02-04T13:52:47","guid":{"rendered":"https:\/\/www.futbolclubs.es\/orientacionmaritima\/?page_id=28"},"modified":"2019-02-04T15:52:47","modified_gmt":"2019-02-04T13:52:47","slug":"the-club-1","status":"publish","type":"page","link":"https:\/\/www.futbolclubs.es\/orientacionmaritima\/the-club-1\/","title":{"rendered":"Saludo del presidente"},"content":{"rendered":"<p><img loading=\"lazy\" decoding=\"async\" src=\"https:\/\/web.archive.org\/web\/20041010162821im_\/http:\/\/www.orientacionmaritima.com\/imagenes\/spacer.gif\" width=\"5\" height=\"5\" \/><img loading=\"lazy\" decoding=\"async\" src=\"https:\/\/web.archive.org\/web\/20041010162821im_\/http:\/\/www.orientacionmaritima.com\/imagenes\/cuadroblak.gif\" width=\"5\" height=\"5\" \/>\u00a0A lo largo de la historia del\u00a0<span class=\"titularmed\">Club Deportivo Orientaci\u00f3n Mar\u00edtima<\/span>, han sido much\u00edsimas las personas que con su participaci\u00f3n han ido creando la identidad de este hist\u00f3rico club. Desde los alumnos de la escuela de Don Pedro Hern\u00e1ndez, all\u00e1 por el a\u00f1o 1.954, que jugaban a la pelota en la zona de La Pescader\u00eda, hasta los jugadores de las diferentes categor\u00edas que practican este deporte en las modernas instalaciones del club en el barrio de Las Salinas, la historia viva del C.D.O. Mar\u00edtima se ha escrito a trav\u00e9s de la aportaci\u00f3n de todas esas personas. Que sirvan estas palabras de presentaci\u00f3n para recordar a cada una ellas.<\/p>\n<p><img loading=\"lazy\" decoding=\"async\" src=\"https:\/\/web.archive.org\/web\/20041010162821im_\/http:\/\/www.orientacionmaritima.com\/imagenes\/spacer.gif\" width=\"5\" height=\"5\" \/>\u00a0Con el transcurrir de los a\u00f1os, el\u00a0<span class=\"titularmed\">C.D.O. Mar\u00edtima<\/span>\u00a0ha ido creciendo y en la actualidad cuenta con una totalidad de 17 equipos federados, adem\u00e1s de la Escuela de F\u00fatbol, que cuenta con unos 200 ni\u00f1os entre los cuatro y siete a\u00f1os, lo que hace que este club est\u00e9 trabajando aproximadamente con unos 530 jugadores. Es obvio que tal cantidad de equipos y personas requieren de un gran esfuerzo de dedicaci\u00f3n diaria lo que supone contar con los recursos materiales, econ\u00f3micos y humanos necesarios para afrontar con \u00e9xito cada temporada.<\/p>\n<p><img loading=\"lazy\" decoding=\"async\" src=\"https:\/\/web.archive.org\/web\/20041010162821im_\/http:\/\/www.orientacionmaritima.com\/imagenes\/spacer.gif\" width=\"5\" height=\"5\" \/>\u00a0El\u00a0<span class=\"titularmed\">C.D.O. Mar\u00edtima<\/span>, a medida que ha ido creciendo, ha ido adapt\u00e1ndose a los cambios que en nuestra sociedad han ido produci\u00e9ndose. De ah\u00ed, que en la era de la tecnolog\u00eda hemos querido aprovechar los avances que en materia de informaci\u00f3n se est\u00e1n incorporando a las actividades diarias de cualquier pr\u00e1ctica profesional. Esta nueva iniciativa de contar con una web que sirva de enlace entre todas aquellas personas amantes del f\u00fatbol y que nos posibilite estar en continuo contacto har\u00e1 que el esfuerzo de dedicaci\u00f3n sea m\u00e1s llevadero y la ilusi\u00f3n por seguir creciendo como club sea a\u00fan mayor. Que esta nueva herramienta que ponemos a disposici\u00f3n de toda la sociedad sirva para mantener la comunicaci\u00f3n necesaria entre todos nosotros, sin olvidarnos de la m\u00e1xima fundamental que esta entidad ha mantenido desde sus inicios: Educar. Educar en los valores que nos engrandecen como personas. Desde el C.D.O. Mar\u00edtima afrontamos esta nueva empresa con la responsabilidad que dicha actividad conlleva, pero sobre todo con la ilusi\u00f3n de seguir desarrollando nuestra labor en pro de la formaci\u00f3n integral de las personas.<\/p>\n<p><img loading=\"lazy\" decoding=\"async\" src=\"https:\/\/web.archive.org\/web\/20041010162821im_\/http:\/\/www.orientacionmaritima.com\/imagenes\/spacer.gif\" width=\"5\" height=\"5\" \/>\u00a0Que los recursos tecnol\u00f3gicos nos traigan el avance que nos posibilite una mayor eficacia en las tareas de divulgaci\u00f3n de la informaci\u00f3n al mismo tiempo que nosotros sigamos esforz\u00e1ndonos en seguir transmitiendo la ilusi\u00f3n que se inici\u00f3 en aquellos escolares que jugaban al f\u00fatbol con una pelota de trapo en el llano junto a la Pescader\u00eda, hace ya cincuenta a\u00f1os.<\/p>\n<p>Un cordial saludo,<\/p>\n","protected":false},"excerpt":{"rendered":"<p>\u00a0A lo largo de la historia del\u00a0Club Deportivo Orientaci\u00f3n Mar\u00edtima, han sido much\u00edsimas las personas que con su participaci\u00f3n han ido creando la identidad de este hist\u00f3rico club. Desde los alumnos de la escuela de Don Pedro Hern\u00e1ndez, all\u00e1 por el a\u00f1o 1.954, que jugaban a la pelota en la zona de La Pescader\u00eda, hasta [&hellip;]<\/p>\n","protected":false},"author":145,"featured_media":0,"parent":0,"menu_order":0,"comment_status":"closed","ping_status":"closed","template":"page-templates\/page-free.php","meta":{"footnotes":""},"class_list":["post-28","page","type-page","status-publish","hentry"],"_links":{"self":[{"href":"https:\/\/www.futbolclubs.es\/orientacionmaritima\/wp-json\/wp\/v2\/pages\/28","targetHints":{"allow":["GET"]}}],"collection":[{"href":"https:\/\/www.futbolclubs.es\/orientacionmaritima\/wp-json\/wp\/v2\/pages"}],"about":[{"href":"https:\/\/www.futbolclubs.es\/orientacionmaritima\/wp-json\/wp\/v2\/types\/page"}],"author":[{"embeddable":true,"href":"https:\/\/www.futbolclubs.es\/orientacionmaritima\/wp-json\/wp\/v2\/users\/145"}],"replies":[{"embeddable":true,"href":"https:\/\/www.futbolclubs.es\/orientacionmaritima\/wp-json\/wp\/v2\/comments?post=28"}],"version-history":[{"count":1,"href":"https:\/\/www.futbolclubs.es\/orientacionmaritima\/wp-json\/wp\/v2\/pages\/28\/revisions"}],"predecessor-version":[{"id":241,"href":"https:\/\/www.futbolclubs.es\/orientacionmaritima\/wp-json\/wp\/v2\/pages\/28\/revisions\/241"}],"wp:attachment":[{"href":"https:\/\/www.futbolclubs.es\/orientacionmaritima\/wp-json\/wp\/v2\/media?parent=28"}],"curies":[{"name":"wp","href":"https:\/\/api.w.org\/{rel}","templated":true}]}}