{"id":21,"date":"2020-08-08T19:53:48","date_gmt":"2020-08-08T17:53:48","guid":{"rendered":"https:\/\/www.futbolclubs.es\/rayopozohondo\/?page_id=21"},"modified":"2020-08-20T22:52:04","modified_gmt":"2020-08-20T20:52:04","slug":"history","status":"publish","type":"page","link":"https:\/\/www.futbolclubs.es\/rayopozohondo\/history\/","title":{"rendered":"Historia Rayo Pozohondo"},"content":{"rendered":"<p>En primer lugar desde el Club quisi\u00e9ramos dar las gracias a Juan \u00abEl Pela\u00bb por ceder y autorizar publicar las fotos hist\u00f3ricas del Rayo Pozohondo en nuestra p\u00e1gina web.<\/p>\n<p>Aqu\u00ed dejamos una colecci\u00f3n de varias fotos antiguas del Rayo Pozohondo, poco a poco iremos publicando m\u00e1s, especialmente de f\u00fatbol ya que es en la disciplina en donde ha competido este club , pero iremos dejando pinceladas de los equipos que han ido representando al pueblo en diversas ocasiones en campeonatos de f\u00fatbol sala y tan buenos resultados nos han aportado defendiendo los colores y el nombre del pueblo all\u00e1 donde han ido.<\/p>\n","protected":false},"excerpt":{"rendered":"<p>En primer lugar desde el Club quisi\u00e9ramos dar las gracias a Juan \u00abEl Pela\u00bb por ceder y autorizar publicar las fotos hist\u00f3ricas del Rayo Pozohondo en nuestra p\u00e1gina web. Aqu\u00ed dejamos una colecci\u00f3n de varias fotos antiguas del Rayo Pozohondo, poco a poco iremos publicando m\u00e1s, especialmente de f\u00fatbol ya que es en la disciplina [&hellip;]<\/p>\n","protected":false},"author":1506,"featured_media":0,"parent":0,"menu_order":0,"comment_status":"closed","ping_status":"closed","template":"page-templates\/page-history.php","meta":{"footnotes":""},"class_list":["post-21","page","type-page","status-publish","hentry"],"_links":{"self":[{"href":"https:\/\/www.futbolclubs.es\/rayopozohondo\/wp-json\/wp\/v2\/pages\/21","targetHints":{"allow":["GET"]}}],"collection":[{"href":"https:\/\/www.futbolclubs.es\/rayopozohondo\/wp-json\/wp\/v2\/pages"}],"about":[{"href":"https:\/\/www.futbolclubs.es\/rayopozohondo\/wp-json\/wp\/v2\/types\/page"}],"author":[{"embeddable":true,"href":"https:\/\/www.futbolclubs.es\/rayopozohondo\/wp-json\/wp\/v2\/users\/1506"}],"replies":[{"embeddable":true,"href":"https:\/\/www.futbolclubs.es\/rayopozohondo\/wp-json\/wp\/v2\/comments?post=21"}],"version-history":[{"count":7,"href":"https:\/\/www.futbolclubs.es\/rayopozohondo\/wp-json\/wp\/v2\/pages\/21\/revisions"}],"predecessor-version":[{"id":111,"href":"https:\/\/www.futbolclubs.es\/rayopozohondo\/wp-json\/wp\/v2\/pages\/21\/revisions\/111"}],"wp:attachment":[{"href":"https:\/\/www.futbolclubs.es\/rayopozohondo\/wp-json\/wp\/v2\/media?parent=21"}],"curies":[{"name":"wp","href":"https:\/\/api.w.org\/{rel}","templated":true}]}}