{"id":48,"date":"2018-06-21T20:37:48","date_gmt":"2018-06-21T19:37:48","guid":{"rendered":"https:\/\/www.futbolclubs.es\/?page_id=2169"},"modified":"2020-09-01T11:33:35","modified_gmt":"2020-09-01T09:33:35","slug":"politica-de-privacidad-club","status":"publish","type":"page","link":"https:\/\/www.futbolclubs.es\/rayopozohondo\/politica-de-privacidad-club\/","title":{"rendered":"Pol\u00edtica de Privacidad del Club"},"content":{"rendered":"<p style=\"text-align: left\"><b>\u00daltima actualizaci\u00f3n: 12\/07\/2019<\/b><\/p>\n<p style=\"text-align: left\"><span style=\"font-weight: 400\">Esta Pol\u00edtica de privacidad define y le informa de la manera en que Rayo Pozohondo U.D. utiliza y protege la informaci\u00f3n que usted nos transmite, si la hubiera, cuando utiliza este sitio accesible desde la siguiente URL: <\/span><a href=\"http:\/\/www.futbolclubs.es\"><span style=\"font-weight: 400\">www.futbolclubs.es<\/span><\/a><span style=\"font-weight: 400\"> (en adelante, el \u00absitio\u00bb), as\u00ed como el servicio ofrecido por F\u00fatbolClubs.es (cuyas condiciones de uso se definen en las <\/span><a href=\"http:\/\/www.futbolclubs.es\/condiciones-generales-de-uso-del-servicio\/\"><span style=\"font-weight: 400\">Condiciones Generales de Uso del Servicio<\/span><\/a><span style=\"font-weight: 400\">).<\/span><\/p>\n<p style=\"text-align: left\"><span style=\"font-weight: 400\">Tenga en cuenta que esta pol\u00edtica de privacidad puede ser modificada o complementada en cualquier momento por F\u00fatbolClubs.es, con la finalidad de cumplir con cualquier desarrollo legislativo, normativo, jurisprudencial o tecnol\u00f3gico. En tal caso, la fecha de su actualizaci\u00f3n se identificar\u00e1 claramente al comienzo de esta pol\u00edtica. Estas modificaciones comprometen al Usuario tan pronto como se publican en l\u00ednea. Por lo tanto, es apropiado que el Usuario consulte regularmente esta pol\u00edtica de confidencialidad y uso de cookies para obtener informaci\u00f3n sobre cualquier cambio.<\/span><\/p>\n<p style=\"text-align: left\"><span style=\"font-weight: 400\">El objetivo de nuestra pol\u00edtica de privacidad es proteger la calidad y la integridad de sus datos personales as\u00ed como informarle de sus derechos en relaci\u00f3n a la compartici\u00f3n de sus datos personales en nuestro sitio.<\/span><\/p>\n<p style=\"text-align: left\"><b>I. DATOS PERSONALES<\/b><\/p>\n<p style=\"text-align: left\"><span style=\"font-weight: 400\">En general, puede visitar el sitio web www.futbolclubs.es sin revelar ninguna informaci\u00f3n personal sobre usted. En ese caso, no est\u00e1 obligado de ninguna manera a transmitir esta informaci\u00f3n a F\u00fatbolClubs.es.<\/span><\/p>\n<p style=\"text-align: left\"><span style=\"font-weight: 400\">Sin embargo, si desea acceder al servicio ofrecido por F\u00fatbolClubs.es, es decir, poder crear, configurar, alimentar y compartir un sitio web para su club de baloncesto (definido en los T\u00e9rminos de servicio), se le pedir\u00e1 que proporcione informaci\u00f3n b\u00e1sica sobre el club para el que se suscribe al servicio, as\u00ed como su nombre, apellidos, direcci\u00f3n de correo electr\u00f3nico, direcci\u00f3n postal y n\u00famero de tel\u00e9fono (en adelante, su \u00abInformaci\u00f3n personal\u00bb). Al proporcionar esta informaci\u00f3n, acepta expresamente que F\u00fatbolClubs.es la procesar\u00e1 para los fines que se indican en el apartado I.2. \u201cFinalidad del tratamiento de los datos\u201d.<\/span><\/p>\n<p style=\"text-align: left\"><span style=\"font-weight: 400\">De conformidad con la <\/span><a href=\"https:\/\/www.boe.es\/buscar\/doc.php?id=BOE-A-2018-16673\"><span style=\"font-weight: 400\">Ley Org\u00e1nica 3\/2018, de 5 de diciembre, de Protecci\u00f3n de Datos Personales y garant\u00eda de los derechos digitales<\/span><\/a><span style=\"font-weight: 400\">, F\u00fatbolClubs.es le informa de lo siguiente:<\/span><\/p>\n<p style=\"text-align: left\"><b>I.1. IDENTIDAD DEL PROPIETARIO DEL SITIO<\/b><\/p>\n<p>El responsable del tratamiento de datos es el equipo o el Club Rayo Pozohondo U.D.. El Club explota el servicio\u00a0F\u00fatbolClubs.es formado por la sociedad\u00a0<i>Alley Oop<\/i>, <span style=\"font-weight: 400\">registrado en la \u00abBanque Carrefour des Entreprises\u201d<\/span> con el n\u00famero BE \u2013 0544.776.645 y con sede social en Rue du Travail 109, B-5000 Namur, Belgique (T\u00e9l. : + 32 498 624 614).<\/p>\n<p>El Club es el responsable de la edici\u00f3n del contenido de este Sitio, quien ha sido previamente adherido a las\u00a0<a href=\"https:\/\/www.futbolclubs.es\/condiciones-generales-de-uso-del-sitio-del-club\/\">Condiciones Generales de Uso del Servicio<\/a> as\u00ed como a la\u00a0<a href=\"https:\/\/www.futbolclubs.es\/politica-de-privacidad\/\">Pol\u00edtica de Privacidad<\/a> de <i>F\u00fatbolClubs.es<\/i>, que detallan las condiciones de acceso y uso del servicio F\u00fatbolClubs.es.<\/p>\n<p style=\"text-align: left\"><span style=\"font-weight: 400\">El controlador es Alley Oop SPRL, registrado en la \u00abBanque Carrefour des Entreprises\u201d con el n\u00famero BE &#8211; 0544.776.645 y con sede en Rue du Travail 109, B-5000 Namur, B\u00e9lgica. Tel. : + 32 (0) 498 624 614.<\/span><\/p>\n<p style=\"text-align: left\"><b>I.2. FINALIDAD DEL TRATAMIENTO DE LOS DATOS<\/b><\/p>\n<p style=\"text-align: left\"><span style=\"font-weight: 400\">F\u00fatbolClubs.es puede procesar su informaci\u00f3n personal para proporcionarle el servicio al que se ha suscrito de la manera m\u00e1s eficiente posible:<\/span><\/p>\n<ol style=\"text-align: left\">\n<li style=\"font-weight: 400\"><span style=\"font-weight: 400\">Para permitirle conectarse al \u00e1rea de administraci\u00f3n de su sitio y posibilitar la recuperaci\u00f3n de su informaci\u00f3n de inicio de sesi\u00f3n.<\/span><\/li>\n<li style=\"font-weight: 400\"><span style=\"font-weight: 400\">Para que podamos contactarle si es necesario (soporte reactivo y proactivo).<\/span><\/li>\n<li style=\"font-weight: 400\"><span style=\"font-weight: 400\">Para permitirnos preparar facturas con los datos requeridos.<\/span><\/li>\n<li style=\"font-weight: 400\"><span style=\"font-weight: 400\">Para mantenerlo informado sobre las noticias y la evoluci\u00f3n de la plataforma por correo electr\u00f3nico, a trav\u00e9s de un \u00abBolet\u00edn para el usuario\u00bb o, m\u00e1s excepcionalmente, por tel\u00e9fono.<\/span><\/li>\n<\/ol>\n<p style=\"text-align: left\"><b>I.3. DESTINATARIOS<\/b><\/p>\n<p style=\"text-align: left\"><span style=\"font-weight: 400\">Solo F\u00fatbolClubs.es es el destinatario de su informaci\u00f3n personal. Estos datos personales, ya sea de forma individual o agregada, nunca se transmiten a un tercero, a pesar de los subcontratistas a los que F\u00fatbolClubs.es utiliza (encontrar\u00e1 m\u00e1s informaci\u00f3n sobre ellos en el apartado I.7). Ni F\u00fatbolClubs.es, ni ninguno de sus subcontratistas, vende los datos personales de los visitantes y Usuarios de su Sitio y Servicio.<\/span><\/p>\n<p style=\"text-align: left\"><b>I.4. DURACI\u00d3N DE LA CONSERVACI\u00d3N DE LOS DATOS<\/b><\/p>\n<p style=\"text-align: left\"><span style=\"font-weight: 400\">F\u00fatbolClubs.es guarda su informaci\u00f3n personal solo durante el tiempo correspondiente al prop\u00f3sito de la recopilaci\u00f3n, tal como se indica en el anterior apartado I.2.<\/span><\/p>\n<p style=\"text-align: left\"><span style=\"font-weight: 400\">Si el servicio no se utiliza durante un per\u00edodo de 24 meses, se borrar\u00e1n su sitio y su informaci\u00f3n personal.<\/span><\/p>\n<p style=\"text-align: left\"><b>I.5. DERECHOS DE LAS PERSONAS AFECTADAS<\/b><\/p>\n<p style=\"text-align: left\"><span style=\"font-weight: 400\">Con respecto a su informaci\u00f3n personal, usted tiene los siguientes derechos:<\/span><\/p>\n<p style=\"text-align: left\"><b>Derecho de acceso y comunicaci\u00f3n de los datos<\/b><span style=\"font-weight: 400\">: usted tiene la facultad de acceder a la informaci\u00f3n personal que le concierne.<\/span><\/p>\n<p style=\"text-align: left\"><span style=\"font-weight: 400\">Sin embargo, debido a la obligaci\u00f3n de seguridad y confidencialidad en el procesamiento de datos personales que corresponde a F\u00fatbolClubs.es, se le informa de que su solicitud se procesar\u00e1 siempre que proporcione evidencia de que usted es la persona que se ha suscrito al servicio. En particular, se le pedir\u00e1 que proporcione su apellido, nombre y direcci\u00f3n de correo electr\u00f3nico, as\u00ed como la realizaci\u00f3n de una operaci\u00f3n desde el \u00e1rea de administraci\u00f3n de su sitio.<\/span><\/p>\n<p style=\"text-align: left\"><span style=\"font-weight: 400\">F\u00fatbolClubs.es le informa que tendr\u00e1 derecho, si es necesario, a oponerse a las solicitudes claramente abusivas (por su n\u00famero, su naturaleza repetitiva o sistem\u00e1tica).<\/span><\/p>\n<p style=\"text-align: left\"><b>Derecho a rectificar los datos<\/b><span style=\"font-weight: 400\">: bajo este derecho, la ley le permite solicitar la rectificaci\u00f3n, actualizaci\u00f3n, bloqueo o eliminaci\u00f3n de los datos que le conciernen que pueden ser inexactos, incorrectos, incompletos u obsoletos.<\/span><\/p>\n<p style=\"text-align: left\"><span style=\"font-weight: 400\">Tenga en cuenta que usaremos la informaci\u00f3n personal que nos haya facilitado para proporcionarle el servicio al que se ha suscrito. La eliminaci\u00f3n de estos datos dar\u00e1 lugar autom\u00e1ticamente a la terminaci\u00f3n del servicio (y cualquier contrato de suscripci\u00f3n), sin ninguna compensaci\u00f3n en caso de terminaci\u00f3n antes de la fecha de finalizaci\u00f3n de la suscripci\u00f3n.<\/span><\/p>\n<p style=\"text-align: left\"><span style=\"font-weight: 400\">Adem\u00e1s, puede establecer pautas generales y espec\u00edficas sobre el destino de los datos personales en caso de defunci\u00f3n. En esta situaci\u00f3n, los herederos de una persona fallecida pueden exigir considerar la muerte de su familiar y\/o realizar las actualizaciones necesarias.<\/span><\/p>\n<p style=\"text-align: left\"><b>Derecho de oposici\u00f3n<\/b><span style=\"font-weight: 400\">: el ejercicio de este derecho solo ser\u00e1 posible en una de las siguientes situaciones:<\/span><\/p>\n<ul style=\"text-align: left\">\n<li style=\"font-weight: 400\"><span style=\"font-weight: 400\">Cuando el ejercicio de este derecho tenga una base leg\u00edtima; o<\/span><\/li>\n<li style=\"font-weight: 400\"><span style=\"font-weight: 400\">Cuando el ejercicio de este derecho est\u00e9 destinado a evitar que los datos recopilados se utilicen con fines de prospecci\u00f3n comercial.<\/span><\/li>\n<\/ul>\n<p style=\"text-align: left\"><span style=\"font-weight: 400\">Usted puede ejercer sus derechos escribi\u00e9ndonos a la direcci\u00f3n postal mencionada anteriormente o por correo electr\u00f3nico a info@www.futbolclubs.es.<\/span><\/p>\n<p style=\"text-align: left\"><b>I.6. RETRASO EN LAS RESPUESTAS<\/b><\/p>\n<p style=\"text-align: left\"><span style=\"font-weight: 400\">F\u00fatbolClubs.es se compromete a responder a su solicitud de acceso, rectificaci\u00f3n, oposici\u00f3n o cualquier otra solicitud de informaci\u00f3n adicional dentro de un per\u00edodo de tiempo razonable, que no puede exceder un mes desde la recepci\u00f3n de su solicitud.<\/span><\/p>\n<p style=\"text-align: left\"><b>I.7. PROVEEDORES DE SERVICIOS AUTORIZADOS Y TRASLADO A OTRO PA\u00cdS DE LA UE.<\/b><\/p>\n<p style=\"text-align: left\"><span style=\"font-weight: 400\">F\u00fatbolClubs.es le informa sobre los proveedores de servicios autorizados que utiliza. Estos proveedores pueden estar ubicados fuera de la Uni\u00f3n Europea y tener los datos recopilados por los formularios en el sitio.<\/span><\/p>\n<p style=\"text-align: left\"><span style=\"font-weight: 400\">F\u00fatbolClubs.es ha asegurado previamente la implementaci\u00f3n por parte de sus proveedores de garant\u00edas adecuadas y el cumplimiento de estrictas condiciones de confidencialidad, uso y protecci\u00f3n de datos. En particular, la vigilancia se centr\u00f3 en la existencia de una base legal para cualquier transferencia de datos a un tercer pa\u00eds.<\/span><\/p>\n<p style=\"text-align: left\"><span style=\"font-weight: 400\">En particular, estos proveedores habilitados son:<\/span><\/p>\n<ul style=\"text-align: left\">\n<li style=\"font-weight: 400\"><span style=\"font-weight: 400\">Infomaniak, el proveedor de la infraestructura que aloja los sitios de F\u00fatbolClubs y los datos almacenados en ellos, cuya pol\u00edtica de protecci\u00f3n de datos personales se puede encontrar <\/span><a href=\"https:\/\/www.infomaniak.com\/es\/ccgg\/politica-de-confidencialidad\"><span style=\"font-weight: 400\">aqu\u00ed<\/span><\/a><span style=\"font-weight: 400\">.<\/span><\/li>\n<li style=\"font-weight: 400\"><a href=\"https:\/\/mailchimp.com\/\"><span style=\"font-weight: 400\">MailChimp<\/span><\/a><span style=\"font-weight: 400\">, la herramienta utilizada para editar y enviar el \u00abBolet\u00edn para el usuario\u00bb, cuya pol\u00edtica de privacidad se puede encontrar <\/span><a href=\"https:\/\/mailchimp.com\/legal\/privacy\/\"><span style=\"font-weight: 400\">aqu\u00ed<\/span><\/a><span style=\"font-weight: 400\">.<\/span><\/li>\n<\/ul>\n<p style=\"text-align: left\"><b>I.8. DENUNCIA ANTE LA AUTORIDAD COMPETENTE.<\/b><\/p>\n<p style=\"text-align: left\"><span style=\"font-weight: 400\">Si considera que F\u00fatbolClubs.es no cumple con sus obligaciones con respecto a su Informaci\u00f3n personal, puede dirigir una queja o una solicitud a la autoridad competente, como la <\/span><a href=\"https:\/\/www.aepd.es\/agencia\/en-que-podemos-ayudarte.html\"><span style=\"font-weight: 400\">Autoridad de Protecci\u00f3n de Datos (Art\u00edculo 77 RGPD)<\/span><\/a><span style=\"font-weight: 400\">.<\/span><\/p>\n<p style=\"text-align: left\"><b>II. POL\u00cdTICA DE COOKIES<\/b><\/p>\n<p style=\"text-align: left\"><span style=\"font-weight: 400\">Nuestra pol\u00edtica de cookies le permite comprender mejor las disposiciones que implementamos en t\u00e9rminos de navegaci\u00f3n en nuestro sitio web. Le informa en particular sobre todas las cookies en nuestro sitio web, su prop\u00f3sito (parte II.1 y II.2) y le brinda el procedimiento a seguir para configurarlas (parte II.3).<\/span><\/p>\n<p style=\"text-align: left\"><b>II.1. INFORMACI\u00d3N GENERAL SOBRE LAS COOKIES EN EL SITIO WEB F\u00daTBOLCLUBS.ES<\/b><\/p>\n<p style=\"text-align: left\"><span style=\"font-weight: 400\">Las \u00abcookies\u00bb son peque\u00f1os archivos de texto de tama\u00f1o limitado que nos permiten reconocer su computadora, tablet o dispositivo m\u00f3vil para personalizar los servicios que ofrecemos.<\/span><\/p>\n<p style=\"text-align: left\"><span style=\"font-weight: 400\">La informaci\u00f3n recopilada a trav\u00e9s de cookies no le identifica de ninguna manera por su nombre. Se utilizan exclusivamente para nuestras propias necesidades con el fin de mejorar la interactividad y el rendimiento de nuestro sitio web y para enviarle contenidos adaptados a sus centros de inter\u00e9s. Esta informaci\u00f3n nunca es comunicada a terceros, excepto cuando F\u00fatbolClubs.es haya obtenido su consentimiento previo o cuando la ley requiera la divulgaci\u00f3n de esta informaci\u00f3n, por orden de un tribunal o cualquier autoridad.<\/span><\/p>\n<p style=\"text-align: left\"><span style=\"font-weight: 400\">Para informarle mejor sobre las cookies, a continuaci\u00f3n encontrar\u00e1 los diferentes tipos de cookies que se pueden usar en el sitio web F\u00fatbolClubs.es, su nombre, prop\u00f3sito y per\u00edodo de retenci\u00f3n.<\/span><\/p>\n<p style=\"text-align: left\"><b>II.2. TIPOS DE COOKIES UTILIZADAS<\/b><\/p>\n<p style=\"text-align: left\"><span style=\"font-weight: 400\">Las cookies se pueden dividir en diferentes categor\u00edas seg\u00fan su origen, su vida \u00fatil y su uso.<\/span><\/p>\n<p style=\"text-align: left\"><b>A.) Seg\u00fan su origen:<\/b><\/p>\n<p style=\"text-align: left\"><b>Cookies de F\u00fatbolClubs.es<\/b><span style=\"font-weight: 400\">: estas cookies son depositadas por nuestros sitios en su dispositivo para satisfacer las necesidades de navegaci\u00f3n, optimizaci\u00f3n y personalizaci\u00f3n de los servicios en el sitio www.futbolclubs.es y los sitios de clubes creados con el servicio F\u00fatbolClubs.es.<\/span><\/p>\n<p style=\"text-align: left\"><b>Cookies de terceros<\/b><span style=\"font-weight: 400\">: estas son cookies archivadas por terceros, socios o comerciales, para identificar sus intereses y posiblemente personalizar los anuncios que se le env\u00edan dentro y fuera de nuestros sitios. Se pueden eliminar cuando navega por nuestros sitios o cuando hace clic en los anuncios de nuestros sitios.<\/span><\/p>\n<p style=\"text-align: left\"><b>B.) Seg\u00fan su vida \u00fatil:<\/b><\/p>\n<p style=\"text-align: left\"><b>Cookies de sesi\u00f3n<\/b><span style=\"font-weight: 400\">: las cookies de sesi\u00f3n son cookies temporales cuya duraci\u00f3n est\u00e1 limitada a una sesi\u00f3n de navegaci\u00f3n. Su objetivo es simplificar sus interacciones con nuestros sitios durante la duraci\u00f3n de su sesi\u00f3n de navegaci\u00f3n y se eliminan cuando cierra su navegador.<\/span><\/p>\n<p style=\"text-align: left\"><b>Cookies permanentes<\/b><span style=\"font-weight: 400\">: las cookies permanentes son cookies que permanecen en su computadora, dispositivo m\u00f3vil o tableta incluso despu\u00e9s de que se cierre su navegador. Permanecen en su dispositivo durante un per\u00edodo de tiempo fijo o hasta que decida eliminarlos. Estas cookies nos permiten reconocerle y conservar sus preferencias de navegaci\u00f3n de una sesi\u00f3n a otra.<\/span><\/p>\n<p style=\"text-align: left\"><b>C.) Seg\u00fan su uso:<\/b><\/p>\n<p style=\"text-align: left\"><b>Cookies de operaci\u00f3n<\/b><span style=\"font-weight: 400\">: las cookies de operaci\u00f3n se utilizan para el correcto funcionamiento de los sitios. Cumplen con los requisitos t\u00e9cnicos y son necesarios para una conexi\u00f3n f\u00e1cil y segura a los sitios.<\/span><\/p>\n<p style=\"text-align: left\"><span style=\"font-weight: 400\">En esta categor\u00eda, encontramos cookies para el an\u00e1lisis de audiencia y rendimiento. Nos proporcionan informaci\u00f3n sobre c\u00f3mo los visitantes usan nuestros sitios y c\u00f3mo se desempe\u00f1an. Nos permiten identificar posibles fallos de funcionamiento de nuestros sitios. Gracias a ellos, tenemos la posibilidad de mantener nuestros sitios y ofrecer una experiencia de navegaci\u00f3n cada vez m\u00e1s agradable a nuestros usuarios.<\/span><\/p>\n<p style=\"text-align: left\"><span style=\"font-weight: 400\">Las cookies de operaci\u00f3n son esenciales y no pueden ser desactivadas.<\/span><\/p>\n<p style=\"text-align: left\"><b>Cookies de conducta<\/b><span style=\"font-weight: 400\">: Las cookies incluidas en esta categor\u00eda nos permiten proporcionar anuncios relevantes relacionados con los intereses de nuestros usuarios. Su objetivo es mejorar y personalizar su experiencia de navegaci\u00f3n.<\/span><\/p>\n<p style=\"text-align: left\"><span style=\"font-weight: 400\">Para saber m\u00e1s sobre la pol\u00edtica de cookies de nuestros socios que usan este tipo de cookies, lo invitamos a hacer clic en los siguientes enlaces:<\/span><\/p>\n<ul style=\"text-align: left\">\n<li style=\"font-weight: 400\"><a href=\"https:\/\/policies.google.com\/technologies\/cookies?hl=fr\"><span style=\"font-weight: 400\">Google (Uso de cookies)<\/span><\/a><\/li>\n<li style=\"font-weight: 400\"><a href=\"https:\/\/support.google.com\/adsense\/answer\/7549925?hl=fr\"><span style=\"font-weight: 400\">AdSense (Uso de cookies)<\/span><\/a><\/li>\n<li style=\"font-weight: 400\"><a href=\"https:\/\/policies.google.com\/privacy?hl=fr#infocollect\"><span style=\"font-weight: 400\">Google (Pol\u00edtica de privacidad)<\/span><\/a><\/li>\n<\/ul>\n<p style=\"text-align: left\"><b>Cookies sociales<\/b><span style=\"font-weight: 400\">: esta categor\u00eda incluye cookies que nos permiten ofrecer a nuestros usuarios la posibilidad de compartir y comentar el contenido de nuestros sitios a trav\u00e9s de las redes sociales.<\/span><\/p>\n<p style=\"text-align: left\"><span style=\"font-weight: 400\">Las cookies de redes sociales compartidas son emitidas y gestionadas por el editor de la red social correspondiente. Estas cookies le permiten compartir f\u00e1cilmente parte del contenido publicado en el sitio de F\u00fatbolClubs.es, incluso a trav\u00e9s de un \u00abbot\u00f3n\u00bb para compartir aplicaciones de acuerdo con la red social correspondiente.<\/span><\/p>\n<p style=\"text-align: left\"><span style=\"font-weight: 400\">Hay varios tipos de cookies para compartir en las redes sociales disponibles en el sitio web F\u00fatbolClubs.es:<\/span><\/p>\n<ul style=\"text-align: left\">\n<li style=\"font-weight: 400\"><span style=\"font-weight: 400\">Facebook: <\/span><a href=\"https:\/\/www.facebook.com\/policies\/cookies\/\"><span style=\"font-weight: 400\">informaci\u00f3n sobre la pol\u00edtica de cookies<\/span><\/a><span style=\"font-weight: 400\">.<\/span><\/li>\n<li style=\"font-weight: 400\"><span style=\"font-weight: 400\">Instagram: <\/span><a href=\"https:\/\/help.instagram.com\/1896641480634370\"><span style=\"font-weight: 400\">informaci\u00f3n sobre la pol\u00edtica de cookies<\/span><\/a><span style=\"font-weight: 400\">.<\/span><\/li>\n<li style=\"font-weight: 400\"><span style=\"font-weight: 400\">Twitter: <\/span><a href=\"https:\/\/help.twitter.com\/es\/rules-and-policies\/twitter-cookies\"><span style=\"font-weight: 400\">informaci\u00f3n sobre la pol\u00edtica de cookies<\/span><\/a><span style=\"font-weight: 400\">.<\/span><\/li>\n<li style=\"font-weight: 400\"><span style=\"font-weight: 400\">YouTube: <\/span><a href=\"https:\/\/support.google.com\/youtube\/answer\/32050?co=GENIE.Platform%3DDesktop&amp;hl=es\"><span style=\"font-weight: 400\">informaci\u00f3n sobre la pol\u00edtica de cookies<\/span><\/a><span style=\"font-weight: 400\">.<\/span><\/li>\n<\/ul>\n<p style=\"text-align: left\"><b>II.3. C\u00d3MO MODIFICAR LA CONFIGURACI\u00d3N DE LAS COOKIES EN SU NAVEGADOR<\/b><\/p>\n<p style=\"text-align: left\"><span style=\"font-weight: 400\">Los usuarios pueden configurar su navegador seg\u00fan sus preferencias, de manera que se deshabilite o bloquee la recepci\u00f3n de todas o algunas de las cookies.<\/span><\/p>\n<p style=\"text-align: left\"><span style=\"font-weight: 400\">La forma de configurar los diferentes navegadores las puede consultar en:\u00a0<\/span><\/p>\n<ul style=\"text-align: left\">\n<li style=\"font-weight: 400\"><span style=\"font-weight: 400\">Mozilla Firefox: <\/span><a href=\"https:\/\/support.mozilla.org\/es\/kb\/cookies-informacion-que-los-sitios-web-guardan-en-?redirectlocale=en-US&amp;redirectslug=Cookies\"><span style=\"font-weight: 400\">Informaci\u00f3n sobre cookies en Firefox<\/span><\/a><span style=\"font-weight: 400\">.<\/span><\/li>\n<li style=\"font-weight: 400\"><span style=\"font-weight: 400\">Google Chrome: <\/span><a href=\"https:\/\/support.google.com\/chrome\/answer\/95647?hl=es\"><span style=\"font-weight: 400\">Informaci\u00f3n sobre cookies en Chrome<\/span><\/a><span style=\"font-weight: 400\">.<\/span><\/li>\n<li style=\"font-weight: 400\"><span style=\"font-weight: 400\">Microsoft Edge: <\/span><a href=\"https:\/\/support.microsoft.com\/es-es\/hub\/4338813\/windows-help?os=windows-10\"><span style=\"font-weight: 400\">Informaci\u00f3n sobre cookies en Microsoft Edge<\/span><\/a><span style=\"font-weight: 400\">.<\/span><\/li>\n<li style=\"font-weight: 400\"><span style=\"font-weight: 400\">Safari: <\/span><a href=\"https:\/\/support.apple.com\/es-es\/guide\/safari\/sfri11471\/mac\"><span style=\"font-weight: 400\">Informaci\u00f3n sobre cookies en Safari<\/span><\/a><span style=\"font-weight: 400\">.<\/span><\/li>\n<\/ul>\n<p style=\"text-align: left\"><span style=\"font-weight: 400\">ATENCI\u00d3N: Llamamos su atenci\u00f3n sobre el hecho de que el rechazo del dep\u00f3sito de cookies en su terminal puede alterar su experiencia de usuario, as\u00ed como su acceso a ciertos servicios o funcionalidades de este sitio web. Si corresponde, F\u00fatbolClubs.es declina cualquier responsabilidad relacionada con las consecuencias de la degradaci\u00f3n de las condiciones de navegaci\u00f3n que se producen debido a su elecci\u00f3n de rechazar, eliminar o bloquear las cookies necesarias para el funcionamiento del sitio. Estas consecuencias no pueden constituir un da\u00f1o y usted no puede reclamar ninguna compensaci\u00f3n por este hecho.<\/span><\/p>\n<p style=\"text-align: left\"><span style=\"font-weight: 400\">Para cualquier consulta o solicitud adicional de informaci\u00f3n sobre las cookies de esta pol\u00edtica, cont\u00e1ctenos a trav\u00e9s de nuestro formulario de contacto o por correo electr\u00f3nico a info@www.futbolclubs.es.<\/span><\/p>\n","protected":false},"excerpt":{"rendered":"<p>\u00daltima actualizaci\u00f3n: 12\/07\/2019 Esta Pol\u00edtica de privacidad define y le informa de la manera en que utiliza y protege la informaci\u00f3n que usted nos transmite, si la hubiera, cuando utiliza este sitio accesible desde la siguiente URL: www.futbolclubs.es (en adelante, el \u00absitio\u00bb), as\u00ed como el servicio ofrecido por F\u00fatbolClubs.es (cuyas condiciones de uso se definen [&hellip;]<\/p>\n","protected":false},"author":89,"featured_media":0,"parent":0,"menu_order":0,"comment_status":"closed","ping_status":"closed","template":"","meta":{"footnotes":""},"class_list":["post-48","page","type-page","status-publish","hentry"],"_links":{"self":[{"href":"https:\/\/www.futbolclubs.es\/rayopozohondo\/wp-json\/wp\/v2\/pages\/48","targetHints":{"allow":["GET"]}}],"collection":[{"href":"https:\/\/www.futbolclubs.es\/rayopozohondo\/wp-json\/wp\/v2\/pages"}],"about":[{"href":"https:\/\/www.futbolclubs.es\/rayopozohondo\/wp-json\/wp\/v2\/types\/page"}],"author":[{"embeddable":true,"href":"https:\/\/www.futbolclubs.es\/rayopozohondo\/wp-json\/wp\/v2\/users\/89"}],"replies":[{"embeddable":true,"href":"https:\/\/www.futbolclubs.es\/rayopozohondo\/wp-json\/wp\/v2\/comments?post=48"}],"version-history":[{"count":1,"href":"https:\/\/www.futbolclubs.es\/rayopozohondo\/wp-json\/wp\/v2\/pages\/48\/revisions"}],"predecessor-version":[{"id":112,"href":"https:\/\/www.futbolclubs.es\/rayopozohondo\/wp-json\/wp\/v2\/pages\/48\/revisions\/112"}],"wp:attachment":[{"href":"https:\/\/www.futbolclubs.es\/rayopozohondo\/wp-json\/wp\/v2\/media?parent=48"}],"curies":[{"name":"wp","href":"https:\/\/api.w.org\/{rel}","templated":true}]}}