{"id":3,"date":"2016-11-16T12:48:18","date_gmt":"2016-11-16T10:48:18","guid":{"rendered":"https:\/\/www.futbolclubs.es\/scchelsea\/?page_id=3"},"modified":"2023-09-23T20:30:08","modified_gmt":"2023-09-23T18:30:08","slug":"history-2","status":"publish","type":"page","link":"https:\/\/www.futbolclubs.es\/scchelsea\/history-2\/","title":{"rendered":"Historia"},"content":{"rendered":"<p>El <b>Chelsea Football Club<\/b> (<a title=\"Alfabeto Fon\u00e9tico Internacional\" href=\"https:\/\/es.wikipedia.org\/wiki\/Alfabeto_Fon%C3%A9tico_Internacional\">AFI: \u02c8t\u0283\u025b\u026bsi\u02d0<\/a>), conocido simplemente como <b>Chelsea<\/b>, es un <a title=\"Club de f\u00fatbol\" href=\"https:\/\/es.wikipedia.org\/wiki\/Club_de_f%C3%BAtbol\">club de f\u00fatbol<\/a> profesional de <a title=\"Inglaterra\" href=\"https:\/\/es.wikipedia.org\/wiki\/Inglaterra\">Inglaterra<\/a> con sede en el distrito de <a title=\"Fulham\" href=\"https:\/\/es.wikipedia.org\/wiki\/Fulham\">Fulham<\/a> (<a title=\"Londres\" href=\"https:\/\/es.wikipedia.org\/wiki\/Londres\">Londres<\/a>), que disputa actualmente la <a title=\"Premier League\" href=\"https:\/\/es.wikipedia.org\/wiki\/Premier_League\">Premier League<\/a>, m\u00e1xima competici\u00f3n <a title=\"F\u00fatbol\" href=\"https:\/\/es.wikipedia.org\/wiki\/F%C3%BAtbol\">futbol\u00edstica<\/a> de ese pa\u00eds. Fundado el <a title=\"10 de marzo\" href=\"https:\/\/es.wikipedia.org\/wiki\/10_de_marzo\">10 de marzo<\/a> de <a title=\"1905\" href=\"https:\/\/es.wikipedia.org\/wiki\/1905\">1905<\/a>, el club se mantuvo la mayor parte de su historia en la m\u00e1xima categor\u00eda del f\u00fatbol brit\u00e1nico. Su estadio es el <a title=\"Stamford Bridge (estadio)\" href=\"https:\/\/es.wikipedia.org\/wiki\/Stamford_Bridge_(estadio)\">Stamford Bridge<\/a>, el cual tiene una capacidad para 41\u00a0837\u00a0espectadores, y en el que ha disputado sus encuentros como local desde su fundaci\u00f3n.<\/p>\n<p>Como uno de los clubes m\u00e1s laureados del <a class=\"mw-redirect\" title=\"Futbol de Inglaterra\" href=\"https:\/\/es.wikipedia.org\/wiki\/Futbol_de_Inglaterra\">f\u00fatbol ingl\u00e9s<\/a>, el Chelsea tuvo su primer momento de \u00e9xito en <a title=\"1955\" href=\"https:\/\/es.wikipedia.org\/wiki\/1955\">1955<\/a>, cuando gan\u00f3 su primer campeonato de liga, y posteriormente consigui\u00f3 otras importantes competiciones de copa durante los a\u00f1os <a title=\"1965\" href=\"https:\/\/es.wikipedia.org\/wiki\/1965\">1965<\/a> y <a title=\"1990\" href=\"https:\/\/es.wikipedia.org\/wiki\/1990\">1990<\/a>. El club ha tenido su mayor y m\u00e1s importante per\u00edodo de \u00e9xito en las \u00faltimas dos d\u00e9cadas, ganando un total de 21 trofeos oficiales desde <a title=\"1997\" href=\"https:\/\/es.wikipedia.org\/wiki\/1997\">1997<\/a>.<sup id=\"cite_ref-Trophy_Cabinet_4-0\" class=\"reference\"><a href=\"https:\/\/es.wikipedia.org\/wiki\/Chelsea_Football_Club#cite_note-Trophy_Cabinet-4\">4<\/a><\/sup> A nivel nacional, gan\u00f3 cinco <a title=\"Premier League\" href=\"https:\/\/es.wikipedia.org\/wiki\/Premier_League\">campeonatos de liga<\/a>, siete <a title=\"FA Cup\" href=\"https:\/\/es.wikipedia.org\/wiki\/FA_Cup\">FA Cups<\/a>, cinco <a class=\"mw-redirect\" title=\"Football League Cup\" href=\"https:\/\/es.wikipedia.org\/wiki\/Football_League_Cup\">Football League Cups<\/a> y cuatro <a title=\"Community Shield\" href=\"https:\/\/es.wikipedia.org\/wiki\/Community_Shield\">Community Shields<\/a>, mientras que en el \u00e1mbito europeo ha obtenido una <a title=\"Liga de Campeones de la UEFA\" href=\"https:\/\/es.wikipedia.org\/wiki\/Liga_de_Campeones_de_la_UEFA\">Liga de Campeones de la UEFA<\/a> como su mayor logro, una <a class=\"mw-redirect\" title=\"Liga Europea de la UEFA\" href=\"https:\/\/es.wikipedia.org\/wiki\/Liga_Europea_de_la_UEFA\">Liga Europea de la UEFA<\/a>, dos <a class=\"mw-redirect\" title=\"Recopa de Europa\" href=\"https:\/\/es.wikipedia.org\/wiki\/Recopa_de_Europa\">Recopas de Europa<\/a> y una <a title=\"Supercopa de Europa\" href=\"https:\/\/es.wikipedia.org\/wiki\/Supercopa_de_Europa\">Supercopa de Europa<\/a>. El Chelsea es el \u00fanico club de Londres en ganar la mencionada Liga de Campeones, y uno de los cuatro clubes de Europa \u2015y el \u00fanico del Reino Unido\u2015 en ganar las cuatro competiciones internacionales organizadas por la <a title=\"UEFA\" href=\"https:\/\/es.wikipedia.org\/wiki\/UEFA\">UEFA<\/a>.<sup id=\"cite_ref-Trophy_Cabinet_4-1\" class=\"reference\"><a href=\"https:\/\/es.wikipedia.org\/wiki\/Chelsea_Football_Club#cite_note-Trophy_Cabinet-4\">4<\/a><\/sup> <sup id=\"cite_ref-5\" class=\"reference\"><a href=\"https:\/\/es.wikipedia.org\/wiki\/Chelsea_Football_Club#cite_note-5\">5<\/a><\/sup><\/p>\n<p>El color tradicional del equipo es el azul real para la camiseta y pantalones, mientras que el blanco es usado en las medias. El escudo del club ha cambiado en varias ocasiones por cuestiones de estilo o para modernizar su imagen. El escudo actual, compuesto por un le\u00f3n rampante sosteniendo un bast\u00f3n, tuvo su versi\u00f3n original en los <a title=\"A\u00f1os 1950\" href=\"https:\/\/es.wikipedia.org\/wiki\/A%C3%B1os_1950\">a\u00f1os 1950<\/a>, siendo modificado por \u00faltima vez en 2005.<sup id=\"cite_ref-nuevo_escudo_6-0\" class=\"reference\"><a href=\"https:\/\/es.wikipedia.org\/wiki\/Chelsea_Football_Club#cite_note-nuevo_escudo-6\">6<\/a><\/sup> El club disfruta de una gran base de aficionados, con los cuales posee el quinto mejor promedio de asistencia en el f\u00fatbol brit\u00e1nico.<sup id=\"cite_ref-asistencia_7-0\" class=\"reference\"><a href=\"https:\/\/es.wikipedia.org\/wiki\/Chelsea_Football_Club#cite_note-asistencia-7\">7<\/a><\/sup> Su asistencia promedio en la <a class=\"mw-redirect\" title=\"Premier League 2014\/15\" href=\"https:\/\/es.wikipedia.org\/wiki\/Premier_League_2014\/15\">temporada 2014-15<\/a> fue de 41\u00a0546 espectadores, el s\u00e9ptimo m\u00e1s grande de la <a title=\"Premier League\" href=\"https:\/\/es.wikipedia.org\/wiki\/Premier_League\">Premier League<\/a>.<sup id=\"cite_ref-14.2F15_attendances_8-0\" class=\"reference\"><a href=\"https:\/\/es.wikipedia.org\/wiki\/Chelsea_Football_Club#cite_note-14.2F15_attendances-8\">8<\/a><\/sup> Desde julio de 2003, el propietario del club es el magnate del <a title=\"Petr\u00f3leo\" href=\"https:\/\/es.wikipedia.org\/wiki\/Petr%C3%B3leo\">petr\u00f3leo<\/a> y multimillonario ruso <a title=\"Rom\u00e1n Abram\u00f3vich\" href=\"https:\/\/es.wikipedia.org\/wiki\/Rom%C3%A1n_Abram%C3%B3vich\">Rom\u00e1n Abram\u00f3vich<\/a>;<sup id=\"cite_ref-compra_9-0\" class=\"reference\"><a href=\"https:\/\/es.wikipedia.org\/wiki\/Chelsea_Football_Club#cite_note-compra-9\">9<\/a><\/sup> gracias a su fortuna, en mayo de 2015, el club fue calificado seg\u00fan la revista <i><a title=\"Forbes\" href=\"https:\/\/es.wikipedia.org\/wiki\/Forbes\">Forbes<\/a><\/i> como el sexto club m\u00e1s rico del mundo, con un valor de 898\u00a0millones de <a class=\"mw-redirect\" title=\"Libras esterlinas\" href=\"https:\/\/es.wikipedia.org\/wiki\/Libras_esterlinas\">libras esterlinas<\/a> (1370\u00a0millones de d\u00f3lares estadounidenses).<sup id=\"cite_ref-Forbes_List_10-0\" class=\"reference\"><a href=\"https:\/\/es.wikipedia.org\/wiki\/Chelsea_Football_Club#cite_note-Forbes_List-10\">10<\/a><\/sup> Su rival tradicional es el <a title=\"Fulham Football Club\" href=\"https:\/\/es.wikipedia.org\/wiki\/Fulham_Football_Club\">Fulham F.C.<\/a>, contra el cual se enfrenta en el <a title=\"Derbi del Oeste de Londres\" href=\"https:\/\/es.wikipedia.org\/wiki\/Derbi_del_Oeste_de_Londres\">derbi del Oeste de Londres<\/a>.<sup id=\"cite_ref-11\" class=\"reference\"><a href=\"https:\/\/es.wikipedia.org\/wiki\/Chelsea_Football_Club#cite_note-11\">11<\/a><\/sup> . Tambi\u00e9n mantiene rivalidad con el <a title=\"Arsenal Football Club\" href=\"https:\/\/es.wikipedia.org\/wiki\/Arsenal_Football_Club\">Arsenal<\/a> con el que se enfrenta en el <a title=\"Gran Derbi de Londres\" href=\"https:\/\/es.wikipedia.org\/wiki\/Gran_Derbi_de_Londres\">Gran Derbi de Londres<\/a> y con el <a title=\"Tottenham Hotspur Football Club\" href=\"https:\/\/es.wikipedia.org\/wiki\/Tottenham_Hotspur_Football_Club\">Tottenham Hotspur<\/a> y <a title=\"Queens Park Rangers Football Club\" href=\"https:\/\/es.wikipedia.org\/wiki\/Queens_Park_Rangers_Football_Club\">QPR<\/a>.<\/p>\n<p>Fuente:\u00a0<a href=\"https:\/\/es.wikipedia.org\/wiki\/Chelsea_Football_Club\">https:\/\/es.wikipedia.org\/wiki\/Chelsea_Football_Club<\/a><\/p>\n","protected":false},"excerpt":{"rendered":"<p>El Chelsea Football Club (AFI: \u02c8t\u0283\u025b\u026bsi\u02d0), conocido simplemente como Chelsea, es un club de f\u00fatbol profesional de Inglaterra con sede en el distrito de Fulham (Londres), que disputa actualmente la Premier League, m\u00e1xima competici\u00f3n futbol\u00edstica de ese pa\u00eds. Fundado el 10 de marzo de 1905, el club se mantuvo la mayor parte de su historia [&hellip;]<\/p>\n","protected":false},"author":9,"featured_media":0,"parent":0,"menu_order":0,"comment_status":"closed","ping_status":"closed","template":"page-templates\/page-history.php","meta":{"footnotes":""},"class_list":["post-3","page","type-page","status-publish","hentry"],"_links":{"self":[{"href":"https:\/\/www.futbolclubs.es\/scchelsea\/wp-json\/wp\/v2\/pages\/3","targetHints":{"allow":["GET"]}}],"collection":[{"href":"https:\/\/www.futbolclubs.es\/scchelsea\/wp-json\/wp\/v2\/pages"}],"about":[{"href":"https:\/\/www.futbolclubs.es\/scchelsea\/wp-json\/wp\/v2\/types\/page"}],"author":[{"embeddable":true,"href":"https:\/\/www.futbolclubs.es\/scchelsea\/wp-json\/wp\/v2\/users\/9"}],"replies":[{"embeddable":true,"href":"https:\/\/www.futbolclubs.es\/scchelsea\/wp-json\/wp\/v2\/comments?post=3"}],"version-history":[{"count":7,"href":"https:\/\/www.futbolclubs.es\/scchelsea\/wp-json\/wp\/v2\/pages\/3\/revisions"}],"predecessor-version":[{"id":578,"href":"https:\/\/www.futbolclubs.es\/scchelsea\/wp-json\/wp\/v2\/pages\/3\/revisions\/578"}],"wp:attachment":[{"href":"https:\/\/www.futbolclubs.es\/scchelsea\/wp-json\/wp\/v2\/media?parent=3"}],"curies":[{"name":"wp","href":"https:\/\/api.w.org\/{rel}","templated":true}]}}