{"id":21,"date":"2020-02-09T15:52:49","date_gmt":"2020-02-09T13:52:49","guid":{"rendered":"https:\/\/www.futbolclubs.es\/sportingdelutxana\/?page_id=21"},"modified":"2020-02-12T16:33:37","modified_gmt":"2020-02-12T14:33:37","slug":"history","status":"publish","type":"page","link":"https:\/\/www.futbolclubs.es\/sportingdelutxana\/history\/","title":{"rendered":"Historia"},"content":{"rendered":"<p>En 1919\u00a0fue fundado un club de f\u00fatbol de nombre\u00a0Giralda, antecesor directo del Sporting, en el barrio de Luchana (Barakaldo).<\/p>\n<p>En la actualidad est\u00e1 olvidada la raz\u00f3n u origen de dicho nombre, Giralda, de chocante sabor andaluz. Cuatro a\u00f1os m\u00e1s tarde, en 1923, aparece ya el\u00a0Sporting Club de Luchana, como equipo adscrito oficialmente a la Federaci\u00f3n Vizca\u00edna de F\u00fatbol. Sobre la denominaci\u00f3n de Sporting, parece que esta fue motivada por influencia inglesa. No en vano, exist\u00edan muchos ingleses en Luchana por la \u00e9poca, trabajadores en su mayor\u00eda de la empresa\u00a0Orconera Iron Ore, dedicada a la explotaci\u00f3n de mineral de hierro.<\/p>\n<p>El club compiti\u00f3 en competiciones locales de la Federaci\u00f3n Vizca\u00edna. Tras la Guerra Civil Espa\u00f1ola\u00a0\u00a0fue rebautizado como\u00a0Club Luchana\u00a0debido a que la legislaci\u00f3n vigente prohib\u00eda que los clubes de f\u00fatbol portaran\u00a0nombres extranjeros\u00a0como era el caso del t\u00e9rmino Sporting. Sin embargo, aunque prohibido oficialmente, el nombre de Sporting perdur\u00f3 entre la afici\u00f3n y una vez derogada esa ley en la d\u00e9cada de los a\u00f1os 70, el club recuper\u00f3 su antiguo nombre de Sporting Club de Luchana. Con posterioridad modific\u00f3 el nombre al actual,\u00a0Sporting Club de Lutxana, cambiando el nombre del barrio a su versi\u00f3n en lengua vasca.<\/p>\n<p>Durante todos estos a\u00f1os destaca la d\u00e9cada entre 1946-47 y 1953-54, cuando el entonces llamado Luchana, obtuvo sus mejores resultados en competiciones locales ganando el Trofeo de Hierro o la Copa Vizcaya.<\/p>\n<p>Sin embargo, el mayor hito del club se alcanz\u00f3 en 1969 cuando el Luchana logr\u00f3 ascender a la Tercera divisi\u00f3n espa\u00f1ola, debutando de esta manera en categor\u00eda nacional. Su paso por Tercera fue ef\u00edmero, ya que solo aguant\u00f3 una temporada en dicha categor\u00eda, descendiendo como \u00faltimo clasificado con 5 victorias y 16 puntos. Su paso por tercera, sin embargo, le permiti\u00f3 enfrentarse en la categor\u00eda con equipos hist\u00f3ricos como el Racing de Santander o el Deportivo Alav\u00e9s, ya que por aquel entonces no exist\u00eda la Segunda divisi\u00f3n B\u00a0y la Tercera divisi\u00f3n ten\u00eda mayor nivel que en la actualidad.<\/p>\n","protected":false},"excerpt":{"rendered":"<p>En 1919\u00a0fue fundado un club de f\u00fatbol de nombre\u00a0Giralda, antecesor directo del Sporting, en el barrio de Luchana (Barakaldo). En la actualidad est\u00e1 olvidada la raz\u00f3n u origen de dicho nombre, Giralda, de chocante sabor andaluz. Cuatro a\u00f1os m\u00e1s tarde, en 1923, aparece ya el\u00a0Sporting Club de Luchana, como equipo adscrito oficialmente a la Federaci\u00f3n [&hellip;]<\/p>\n","protected":false},"author":10,"featured_media":0,"parent":0,"menu_order":0,"comment_status":"closed","ping_status":"closed","template":"page-templates\/page-history.php","meta":{"footnotes":""},"class_list":["post-21","page","type-page","status-publish","hentry"],"_links":{"self":[{"href":"https:\/\/www.futbolclubs.es\/sportingdelutxana\/wp-json\/wp\/v2\/pages\/21","targetHints":{"allow":["GET"]}}],"collection":[{"href":"https:\/\/www.futbolclubs.es\/sportingdelutxana\/wp-json\/wp\/v2\/pages"}],"about":[{"href":"https:\/\/www.futbolclubs.es\/sportingdelutxana\/wp-json\/wp\/v2\/types\/page"}],"author":[{"embeddable":true,"href":"https:\/\/www.futbolclubs.es\/sportingdelutxana\/wp-json\/wp\/v2\/users\/10"}],"replies":[{"embeddable":true,"href":"https:\/\/www.futbolclubs.es\/sportingdelutxana\/wp-json\/wp\/v2\/comments?post=21"}],"version-history":[{"count":10,"href":"https:\/\/www.futbolclubs.es\/sportingdelutxana\/wp-json\/wp\/v2\/pages\/21\/revisions"}],"predecessor-version":[{"id":356,"href":"https:\/\/www.futbolclubs.es\/sportingdelutxana\/wp-json\/wp\/v2\/pages\/21\/revisions\/356"}],"wp:attachment":[{"href":"https:\/\/www.futbolclubs.es\/sportingdelutxana\/wp-json\/wp\/v2\/media?parent=21"}],"curies":[{"name":"wp","href":"https:\/\/api.w.org\/{rel}","templated":true}]}}