{"id":24,"date":"2020-02-19T14:10:16","date_gmt":"2020-02-19T12:10:16","guid":{"rendered":"https:\/\/www.futbolclubs.es\/sportingdelutxana\/?page_id=24"},"modified":"2020-09-20T16:46:43","modified_gmt":"2020-09-20T14:46:43","slug":"coaches","status":"publish","type":"page","link":"https:\/\/www.futbolclubs.es\/sportingdelutxana\/coaches\/","title":{"rendered":"Estructura Deportiva"},"content":{"rendered":"<h3>ORGANIZACION.<\/h3>\n<p><strong>COORDINACI\u00d3N<\/strong><\/p>\n<ul>\n<li>Jon Ander Arana (General)<\/li>\n<li>Iratzeder Kuartango Sant\u00edn (Adjunto)<\/li>\n<\/ul>\n<p><strong>RESPONSABLE DE SALUD<\/strong><\/p>\n<ul>\n<li>Asier Enjamio Sanchez<\/li>\n<li>Joseba Mendieta Abascal<\/li>\n<li>Felix Mesonero Yuste<\/li>\n<li>Francisco Mart\u00ednez Montalban<\/li>\n<li>Alberto Pascual de Miguel<\/li>\n<\/ul>\n<p><strong>FISIOTERAPEUTA<\/strong><\/p>\n<ul>\n<li>Juan Carlos Martelo<\/li>\n<\/ul>\n<p><strong>\u00c1REA DE PORTEROS<\/strong><\/p>\n<ul>\n<li>Ivan Rendo (Deporte Federado)<\/li>\n<li>Iker Irure Fernandez (Deporte Escolar)<\/li>\n<\/ul>\n","protected":false},"excerpt":{"rendered":"<p>ORGANIZACION. COORDINACI\u00d3N Jon Ander Arana (General) Iratzeder Kuartango Sant\u00edn (Adjunto) RESPONSABLE DE SALUD Asier Enjamio Sanchez Joseba Mendieta Abascal Felix Mesonero Yuste Francisco Mart\u00ednez Montalban Alberto Pascual de Miguel FISIOTERAPEUTA Juan Carlos Martelo \u00c1REA DE PORTEROS Ivan Rendo (Deporte Federado) Iker Irure Fernandez (Deporte Escolar)<\/p>\n","protected":false},"author":10,"featured_media":0,"parent":0,"menu_order":0,"comment_status":"closed","ping_status":"closed","template":"","meta":{"footnotes":""},"class_list":["post-24","page","type-page","status-publish","hentry"],"_links":{"self":[{"href":"https:\/\/www.futbolclubs.es\/sportingdelutxana\/wp-json\/wp\/v2\/pages\/24","targetHints":{"allow":["GET"]}}],"collection":[{"href":"https:\/\/www.futbolclubs.es\/sportingdelutxana\/wp-json\/wp\/v2\/pages"}],"about":[{"href":"https:\/\/www.futbolclubs.es\/sportingdelutxana\/wp-json\/wp\/v2\/types\/page"}],"author":[{"embeddable":true,"href":"https:\/\/www.futbolclubs.es\/sportingdelutxana\/wp-json\/wp\/v2\/users\/10"}],"replies":[{"embeddable":true,"href":"https:\/\/www.futbolclubs.es\/sportingdelutxana\/wp-json\/wp\/v2\/comments?post=24"}],"version-history":[{"count":20,"href":"https:\/\/www.futbolclubs.es\/sportingdelutxana\/wp-json\/wp\/v2\/pages\/24\/revisions"}],"predecessor-version":[{"id":1404,"href":"https:\/\/www.futbolclubs.es\/sportingdelutxana\/wp-json\/wp\/v2\/pages\/24\/revisions\/1404"}],"wp:attachment":[{"href":"https:\/\/www.futbolclubs.es\/sportingdelutxana\/wp-json\/wp\/v2\/media?parent=24"}],"curies":[{"name":"wp","href":"https:\/\/api.w.org\/{rel}","templated":true}]}}