{"id":27,"date":"2020-02-09T14:26:38","date_gmt":"2020-02-09T12:26:38","guid":{"rendered":"https:\/\/www.futbolclubs.es\/sportingdelutxana\/?page_id=27"},"modified":"2020-02-19T14:12:58","modified_gmt":"2020-02-19T12:12:58","slug":"sport-centers","status":"publish","type":"page","link":"https:\/\/www.futbolclubs.es\/sportingdelutxana\/sport-centers\/","title":{"rendered":"Instalaciones"},"content":{"rendered":"<p>El Club cuenta con las siguientes instalaciones para la pr\u00e1ctica deportiva:<\/p>\n<ul>\n<li>Un campo de f\u00fatbol 11 de hierba artificial de 91&#215;55 metros, tiene dos gradas, y capacidad para 1.0995 espectadores.<\/li>\n<li>Un campo de f\u00fatbol 7 de hierba artificial con unas dimensiones de 60&#215;40 metros con capacidad para 338 espectadores.<\/li>\n<li>Un edifico donde est\u00e1n las oficinas del Club y salas para realizar reuniones o charlas.<\/li>\n<\/ul>\n<p>Adem\u00e1s, dispone de 8 vestuarios completos (4 del campo f\u00fatbol 11 y 4 del f\u00fatbol 7) y 3 vestuarios peque\u00f1os para entrenadores (2 del campo f\u00fatbol 11 y 1 del campo f\u00fatbol 7). A su vez, el Club dispone de un gran cuarto de material en el acceso al campo de f\u00fatbol 7, donde se almacenan todo el material deportivo.<\/p>\n","protected":false},"excerpt":{"rendered":"<p>El Club cuenta con las siguientes instalaciones para la pr\u00e1ctica deportiva: Un campo de f\u00fatbol 11 de hierba artificial de 91&#215;55 metros, tiene dos gradas, y capacidad para 1.0995 espectadores. Un campo de f\u00fatbol 7 de hierba artificial con unas dimensiones de 60&#215;40 metros con capacidad para 338 espectadores. Un edifico donde est\u00e1n las oficinas [&hellip;]<\/p>\n","protected":false},"author":10,"featured_media":0,"parent":0,"menu_order":0,"comment_status":"closed","ping_status":"closed","template":"page-templates\/page-sport-centers.php","meta":{"footnotes":""},"class_list":["post-27","page","type-page","status-publish","hentry"],"_links":{"self":[{"href":"https:\/\/www.futbolclubs.es\/sportingdelutxana\/wp-json\/wp\/v2\/pages\/27","targetHints":{"allow":["GET"]}}],"collection":[{"href":"https:\/\/www.futbolclubs.es\/sportingdelutxana\/wp-json\/wp\/v2\/pages"}],"about":[{"href":"https:\/\/www.futbolclubs.es\/sportingdelutxana\/wp-json\/wp\/v2\/types\/page"}],"author":[{"embeddable":true,"href":"https:\/\/www.futbolclubs.es\/sportingdelutxana\/wp-json\/wp\/v2\/users\/10"}],"replies":[{"embeddable":true,"href":"https:\/\/www.futbolclubs.es\/sportingdelutxana\/wp-json\/wp\/v2\/comments?post=27"}],"version-history":[{"count":4,"href":"https:\/\/www.futbolclubs.es\/sportingdelutxana\/wp-json\/wp\/v2\/pages\/27\/revisions"}],"predecessor-version":[{"id":652,"href":"https:\/\/www.futbolclubs.es\/sportingdelutxana\/wp-json\/wp\/v2\/pages\/27\/revisions\/652"}],"wp:attachment":[{"href":"https:\/\/www.futbolclubs.es\/sportingdelutxana\/wp-json\/wp\/v2\/media?parent=27"}],"curies":[{"name":"wp","href":"https:\/\/api.w.org\/{rel}","templated":true}]}}