{"id":28,"date":"2020-02-10T21:09:26","date_gmt":"2020-02-10T19:09:26","guid":{"rendered":"https:\/\/www.futbolclubs.es\/sportingdelutxana\/?page_id=28"},"modified":"2020-02-12T16:49:50","modified_gmt":"2020-02-12T14:49:50","slug":"the-club-1","status":"publish","type":"page","link":"https:\/\/www.futbolclubs.es\/sportingdelutxana\/the-club-1\/","title":{"rendered":"Mutualidad"},"content":{"rendered":"<p>Todos los jugadores tienen derecho a atenci\u00f3n sanitaria en caso de lesi\u00f3n o golpe. A continuaci\u00f3n, en esta secci\u00f3n os facilitamos los medios para que la atenci\u00f3n sea lo m\u00e1s r\u00e1pida y eficaz posible.<\/p>\n<p>&nbsp;<\/p>\n<h3><strong>Jugadores federados<\/strong><\/h3>\n<p><strong>Cl\u00ednica Virgen Blanca &#8211; MUTUA<\/strong><\/p>\n<p>Los jugadores federados est\u00e1n cubierto por la Mutua. En caso de lesi\u00f3n deber\u00e1 acudir directamente a la Virgen Blanca y avisar al entrenador. Una vez hecha la consulta, deber\u00e1 de avisar entrenador para remitir al Club y enviar un fax.<\/p>\n<ul>\n<li>De lunes a domingo 24h abierto<\/li>\n<li><span class=\"section-info-text\"><span class=\"widget-pane-link\" role=\"text\"><a href=\"http:\/\/Maestro Mendiri Kalea, 2, 48006 Bilbao, BI\">Maestro Mendiri Kalea, 2, 48006 Bilbao, Bizkaia<\/a>.\u00a0<\/span><\/span><\/li>\n<li>Tlf:\u00a0944 12 70 11<\/li>\n<\/ul>\n<p>&nbsp;<\/p>\n<h3><strong>Jugadores escolares\u00a0<\/strong><\/h3>\n<p><strong>M\u00e9dicos Fundaci\u00f3n Athletic Club<\/strong><\/p>\n<p>Por pertenecer a un clun convenido con el Athletic Club, los jugadores escolares en caso de lesi\u00f3n tendr\u00e1n derecho a acudir a los medicos de la Fundaci\u00f3n Athletic Club. En caso de lesi\u00f3n o de golpe, deber\u00e1 avisar al entrenador para que remita el mensaje al Club, que concertar\u00e1 una cita lo antes posible. Est\u00e1 situado en Portugalete, en frente de la Escuela de Ingiener\u00eda.<\/p>\n<p>&nbsp;<\/p>\n<p>&nbsp;<\/p>\n<p>&nbsp;<\/p>\n<p>&nbsp;<\/p>\n","protected":false},"excerpt":{"rendered":"<p>Todos los jugadores tienen derecho a atenci\u00f3n sanitaria en caso de lesi\u00f3n o golpe. A continuaci\u00f3n, en esta secci\u00f3n os facilitamos los medios para que la atenci\u00f3n sea lo m\u00e1s r\u00e1pida y eficaz posible. &nbsp; Jugadores federados Cl\u00ednica Virgen Blanca &#8211; MUTUA Los jugadores federados est\u00e1n cubierto por la Mutua. En caso de lesi\u00f3n deber\u00e1 [&hellip;]<\/p>\n","protected":false},"author":10,"featured_media":0,"parent":0,"menu_order":0,"comment_status":"closed","ping_status":"closed","template":"page-templates\/page-free.php","meta":{"footnotes":""},"class_list":["post-28","page","type-page","status-publish","hentry"],"_links":{"self":[{"href":"https:\/\/www.futbolclubs.es\/sportingdelutxana\/wp-json\/wp\/v2\/pages\/28","targetHints":{"allow":["GET"]}}],"collection":[{"href":"https:\/\/www.futbolclubs.es\/sportingdelutxana\/wp-json\/wp\/v2\/pages"}],"about":[{"href":"https:\/\/www.futbolclubs.es\/sportingdelutxana\/wp-json\/wp\/v2\/types\/page"}],"author":[{"embeddable":true,"href":"https:\/\/www.futbolclubs.es\/sportingdelutxana\/wp-json\/wp\/v2\/users\/10"}],"replies":[{"embeddable":true,"href":"https:\/\/www.futbolclubs.es\/sportingdelutxana\/wp-json\/wp\/v2\/comments?post=28"}],"version-history":[{"count":5,"href":"https:\/\/www.futbolclubs.es\/sportingdelutxana\/wp-json\/wp\/v2\/pages\/28\/revisions"}],"predecessor-version":[{"id":360,"href":"https:\/\/www.futbolclubs.es\/sportingdelutxana\/wp-json\/wp\/v2\/pages\/28\/revisions\/360"}],"wp:attachment":[{"href":"https:\/\/www.futbolclubs.es\/sportingdelutxana\/wp-json\/wp\/v2\/media?parent=28"}],"curies":[{"name":"wp","href":"https:\/\/api.w.org\/{rel}","templated":true}]}}