{"id":36,"date":"2020-10-08T23:20:38","date_gmt":"2020-10-08T21:20:38","guid":{"rendered":"https:\/\/www.futbolclubs.es\/sportingdelutxana\/?page_id=36"},"modified":"2020-11-11T00:16:03","modified_gmt":"2020-11-10T22:16:03","slug":"links","status":"publish","type":"page","link":"https:\/\/www.futbolclubs.es\/sportingdelutxana\/links\/","title":{"rendered":"Revista"},"content":{"rendered":"<p>Desde el Sporting de Lutxana queremos presentaros una de las novedades para la temporada 20\/21: REVISTA OFICIAL DEL SPORTING DE LUTXANA.<\/p>\n<p>El objetivo principal de esta revista es poder llegar a todas las personas la informaci\u00f3n de primera mano del Club. Hemos comenzado una temporada at\u00edpica en la que desde el Club a\u00f1oramos el ambiente de las familias, socios&#8230; en Serra\u00f1lta. Pero no queremos dejaros atr\u00e1s y queremos que viv\u00e1is esta temporada junto a todos nosotros.<\/p>\n<p>AUPA SPORTING!<\/p>\n<p>Descarga la revista en el siguiente link:<\/p>\n<p><a href=\"https:\/\/sportingdelutxana.es\/wp-content\/uploads\/sites\/306\/2020\/11\/BATZEN-GAITUENA-02-NOVIEMBRE-2020-1_compressed.pdf\" target=\"\">BATZEN GAITUENA 02, NOVIEMBRE 2020 (1) Compressed<\/a><\/p>\n","protected":false},"excerpt":{"rendered":"<p>Desde el Sporting de Lutxana queremos presentaros una de las novedades para la temporada 20\/21: REVISTA OFICIAL DEL SPORTING DE LUTXANA. El objetivo principal de esta revista es poder llegar a todas las personas la informaci\u00f3n de primera mano del Club. Hemos comenzado una temporada at\u00edpica en la que desde el Club a\u00f1oramos el ambiente [&hellip;]<\/p>\n","protected":false},"author":10,"featured_media":0,"parent":0,"menu_order":0,"comment_status":"closed","ping_status":"closed","template":"page-templates\/page-links.php","meta":{"footnotes":""},"class_list":["post-36","page","type-page","status-publish","hentry"],"_links":{"self":[{"href":"https:\/\/www.futbolclubs.es\/sportingdelutxana\/wp-json\/wp\/v2\/pages\/36","targetHints":{"allow":["GET"]}}],"collection":[{"href":"https:\/\/www.futbolclubs.es\/sportingdelutxana\/wp-json\/wp\/v2\/pages"}],"about":[{"href":"https:\/\/www.futbolclubs.es\/sportingdelutxana\/wp-json\/wp\/v2\/types\/page"}],"author":[{"embeddable":true,"href":"https:\/\/www.futbolclubs.es\/sportingdelutxana\/wp-json\/wp\/v2\/users\/10"}],"replies":[{"embeddable":true,"href":"https:\/\/www.futbolclubs.es\/sportingdelutxana\/wp-json\/wp\/v2\/comments?post=36"}],"version-history":[{"count":5,"href":"https:\/\/www.futbolclubs.es\/sportingdelutxana\/wp-json\/wp\/v2\/pages\/36\/revisions"}],"predecessor-version":[{"id":1662,"href":"https:\/\/www.futbolclubs.es\/sportingdelutxana\/wp-json\/wp\/v2\/pages\/36\/revisions\/1662"}],"wp:attachment":[{"href":"https:\/\/www.futbolclubs.es\/sportingdelutxana\/wp-json\/wp\/v2\/media?parent=36"}],"curies":[{"name":"wp","href":"https:\/\/api.w.org\/{rel}","templated":true}]}}