{"id":38,"date":"2020-02-28T10:22:25","date_gmt":"2020-02-28T08:22:25","guid":{"rendered":"https:\/\/www.futbolclubs.es\/sportingdelutxana\/?page_id=38"},"modified":"2020-09-20T16:49:44","modified_gmt":"2020-09-20T14:49:44","slug":"infos-1","status":"publish","type":"page","link":"https:\/\/www.futbolclubs.es\/sportingdelutxana\/infos-1\/","title":{"rendered":"Informaci\u00f3n General"},"content":{"rendered":"<h3>CUOTA ANUAL<\/h3>\n<p>Informaci\u00f3n sobre el pago de cuotas.<\/p>\n<p>Todos los jugadores de base de nuestro club, deber\u00e1n estar al corriente de pago de la CUOTA ANUAL. Recordamos que si no se abonan las cuotas correspondientes a la temporada en vigor en las fechas establecidas el jugador\/a no podr\u00e1 ejercitar la pr\u00e1ctica deportiva en la entidad y el club podr\u00e1 retirar la ficha reserv\u00e1ndose el derecho de admisi\u00f3n.<\/p>\n<ol>\n<li><strong>\u00a0QUE INCLUYE LA CUOTA ANUAL<\/strong>\n<ul>\n<li>2 Carnets de socio anual.<\/li>\n<li>Entrenadores titulados.<\/li>\n<li>2 \u00f3 3 d\u00edas de entrenamiento a la semana m\u00e1s partido.<\/li>\n<li>Material deportivo adecuado\u00a0 para la practica de la actividad.<\/li>\n<li>Ropa de juego.<\/li>\n<li>Actividades complementarias.<\/li>\n<li>Aula de estudio los d\u00edas\u00a0 de entrenamiento con cuidador (<em>a partir de 9\/2020<\/em>).<\/li>\n<li>Hermanos gratis.<\/li>\n<\/ul>\n<\/li>\n<li><strong>\u00a0PRECIOS Y FORMAS DE PAGO<\/strong>\n<ul>\n<li>200 \u20ac por temporada.<\/li>\n<li>Se puede fraccionar el pago en 2 veces.<\/li>\n<li>\u00a0El pago se abonar\u00e1 mediante Domiciliaci\u00f3n bancaria. Para ello es necesario rellenar el formulario correspondiente.<\/li>\n<li>Plazos y Fechas de pago:\n<ul>\n<li>PAGO UNICO.\n<ul>\n<li>200\u20ac durante la primera quincena de Julio.<\/li>\n<\/ul>\n<\/li>\n<li>PAGO FRACCIONADO.\n<ul>\n<li>1\u00ba Pago. 100\u20ac durante la primera quincena de Julio.<\/li>\n<li>2\u00ba Pago. 100\u20ac durante la primera quincena de Octubre.<\/li>\n<\/ul>\n<\/li>\n<\/ul>\n<\/li>\n<\/ul>\n<\/li>\n<\/ol>\n","protected":false},"excerpt":{"rendered":"<p>CUOTA ANUAL Informaci\u00f3n sobre el pago de cuotas. Todos los jugadores de base de nuestro club, deber\u00e1n estar al corriente de pago de la CUOTA ANUAL. Recordamos que si no se abonan las cuotas correspondientes a la temporada en vigor en las fechas establecidas el jugador\/a no podr\u00e1 ejercitar la pr\u00e1ctica deportiva en la entidad [&hellip;]<\/p>\n","protected":false},"author":10,"featured_media":0,"parent":0,"menu_order":0,"comment_status":"closed","ping_status":"closed","template":"page-templates\/page-free.php","meta":{"footnotes":""},"class_list":["post-38","page","type-page","status-publish","hentry"],"_links":{"self":[{"href":"https:\/\/www.futbolclubs.es\/sportingdelutxana\/wp-json\/wp\/v2\/pages\/38","targetHints":{"allow":["GET"]}}],"collection":[{"href":"https:\/\/www.futbolclubs.es\/sportingdelutxana\/wp-json\/wp\/v2\/pages"}],"about":[{"href":"https:\/\/www.futbolclubs.es\/sportingdelutxana\/wp-json\/wp\/v2\/types\/page"}],"author":[{"embeddable":true,"href":"https:\/\/www.futbolclubs.es\/sportingdelutxana\/wp-json\/wp\/v2\/users\/10"}],"replies":[{"embeddable":true,"href":"https:\/\/www.futbolclubs.es\/sportingdelutxana\/wp-json\/wp\/v2\/comments?post=38"}],"version-history":[{"count":2,"href":"https:\/\/www.futbolclubs.es\/sportingdelutxana\/wp-json\/wp\/v2\/pages\/38\/revisions"}],"predecessor-version":[{"id":1405,"href":"https:\/\/www.futbolclubs.es\/sportingdelutxana\/wp-json\/wp\/v2\/pages\/38\/revisions\/1405"}],"wp:attachment":[{"href":"https:\/\/www.futbolclubs.es\/sportingdelutxana\/wp-json\/wp\/v2\/media?parent=38"}],"curies":[{"name":"wp","href":"https:\/\/api.w.org\/{rel}","templated":true}]}}