{"id":21,"date":"2019-10-02T01:44:01","date_gmt":"2019-10-01T23:44:01","guid":{"rendered":"https:\/\/www.futbolclubs.es\/udcebarca\/?page_id=21"},"modified":"2019-10-03T19:56:15","modified_gmt":"2019-10-03T17:56:15","slug":"history","status":"publish","type":"page","link":"https:\/\/www.futbolclubs.es\/udcebarca\/history\/","title":{"rendered":"Historia"},"content":{"rendered":"<p>La Uni\u00f3n Deportiva Cebarca nace un 25 de Febrero del a\u00f1o 1977, siendo primer presidente Don Bernardino Breijo Freire.<\/p>\n<p>El Cebarca es una entidad deportiva del ayuntamiento de Cerdido que debe su nombre fruto de la junci\u00f3n del nomre de sus tres parroquias, (CE)RDIDO, A (BAR)QUEIRA y (CA)S\u00c1S. Actualmente disponemos de equipo senior y cadete, pero que a lo largo de su historia con equipos en distintas categor\u00edas base desde prebenjamines, hasta juveniles y equipo senior Femenino.<\/p>\n<p>El campo MUNICIPAL BERNARDINO\u00a0 BREIJO dispone de una capacidad para 2000 personas. Nuestro club es una entidad sin \u00e1nimo de lucro y no se cobran cuotas mensuales a sus integrantes, al mismo tiempo se pone a disposici\u00f3n de todas las categor\u00edas de forma gratuita la equipaci\u00f3n, lavado de ropa por parte de la entidad.<\/p>\n<p>&nbsp;<\/p>\n","protected":false},"excerpt":{"rendered":"<p>La Uni\u00f3n Deportiva Cebarca nace un 25 de Febrero del a\u00f1o 1977, siendo primer presidente Don Bernardino Breijo Freire. El Cebarca es una entidad deportiva del ayuntamiento de Cerdido que debe su nombre fruto de la junci\u00f3n del nomre de sus tres parroquias, (CE)RDIDO, A (BAR)QUEIRA y (CA)S\u00c1S. Actualmente disponemos de equipo senior y cadete, [&hellip;]<\/p>\n","protected":false},"author":1311,"featured_media":0,"parent":0,"menu_order":0,"comment_status":"closed","ping_status":"closed","template":"page-templates\/page-history.php","meta":{"footnotes":""},"class_list":["post-21","page","type-page","status-publish","hentry"],"_links":{"self":[{"href":"https:\/\/www.futbolclubs.es\/udcebarca\/wp-json\/wp\/v2\/pages\/21","targetHints":{"allow":["GET"]}}],"collection":[{"href":"https:\/\/www.futbolclubs.es\/udcebarca\/wp-json\/wp\/v2\/pages"}],"about":[{"href":"https:\/\/www.futbolclubs.es\/udcebarca\/wp-json\/wp\/v2\/types\/page"}],"author":[{"embeddable":true,"href":"https:\/\/www.futbolclubs.es\/udcebarca\/wp-json\/wp\/v2\/users\/1311"}],"replies":[{"embeddable":true,"href":"https:\/\/www.futbolclubs.es\/udcebarca\/wp-json\/wp\/v2\/comments?post=21"}],"version-history":[{"count":6,"href":"https:\/\/www.futbolclubs.es\/udcebarca\/wp-json\/wp\/v2\/pages\/21\/revisions"}],"predecessor-version":[{"id":170,"href":"https:\/\/www.futbolclubs.es\/udcebarca\/wp-json\/wp\/v2\/pages\/21\/revisions\/170"}],"wp:attachment":[{"href":"https:\/\/www.futbolclubs.es\/udcebarca\/wp-json\/wp\/v2\/media?parent=21"}],"curies":[{"name":"wp","href":"https:\/\/api.w.org\/{rel}","templated":true}]}}