{"id":21,"date":"2018-08-15T14:36:43","date_gmt":"2018-08-15T12:36:43","guid":{"rendered":"https:\/\/www.futbolclubs.es\/udtelde\/?page_id=21"},"modified":"2019-04-21T22:25:25","modified_gmt":"2019-04-21T20:25:25","slug":"history","status":"publish","type":"page","link":"https:\/\/www.futbolclubs.es\/udtelde\/history\/","title":{"rendered":"Historia"},"content":{"rendered":"<p style=\"text-align: center\"><span class=\"color_27\">HISTORIA DE\u00a0 LA UNION DEPORTIVA TELDE.<\/span><\/p>\n<p class=\"font_9\" style=\"text-align: center\"><span class=\"color_11\">Fundada en 1965, la Uni\u00f3n Deportiva Telde con casi 50 a\u00f1os de historia ha sido, y debe ser, una de las referencias deportivas en la isla de Gran Canaria y en el Archipi\u00e9lago Canario en el mundo del f\u00fatbol.<\/span><\/p>\n<p>Llevando el nombre de la Gran Ciudad, no solo por los rincones de Canarias, sino tambi\u00e9n de Espa\u00f1a, en su etapa de la Segunda Divisi\u00f3n B, del f\u00fatbol espa\u00f1ol.<\/p>\n<p>Desde aquel viejo campo de tierra, rodeado por ca\u00f1as, al de c\u00e9sped natural y al moderno c\u00e9sped artificial del Estadio Municipal Pablo Hern\u00e1ndez Morales, son muchos los d\u00edas de gloria que se han vivido en el conocido por todos, campo del Hornillo, sede de nuestro club.<\/p>\n<p>Grandes momentos, como el vivido en la fase de ascenso contra el Antequerano o contra el Betis Deportivo; los grandes encuentros por liderar la clasificaci\u00f3n de Tercera Divisi\u00f3n Canaria, y partidos de rivalidad en la isla de Gran Canaria, contra el Artesano, contra el Maspalomas y otros que han llenado de espectadores el estadio.<\/p>\n<p>Nuestra entidad siempre se ha caracterizado, no solo por el primer equipo del club, sino tambi\u00e9n, por tener una de las canteras de f\u00fatbol m\u00e1s importantes de las islas.<\/p>\n<p>En los \u00faltimos a\u00f1os, y debido a distintas circunstancias, la Uni\u00f3n Deportiva Telde no consigui\u00f3 los resultados necesarios m\u00ednimos para mantener la calidad en el desarrollo de su programaci\u00f3n deportiva, lo que propici\u00f3 que se perdieran distintas categor\u00edas del primer equipo y la cadena de f\u00fatbol base.<\/p>\n<p>La falta de cuidado con la cantera del club y una d\u00e9bil organizaci\u00f3n administrativa y econ\u00f3mica ha llevado a nuestro equipo a momentos de m\u00ednimos.<\/p>\n<p class=\"font_9\" style=\"text-align: center\"><span class=\"color_11\">Fue entonces, cuando un grupo de socios preocupados por el club, comenzaron una serie de reuniones para poner fin a esta decadencia.<\/span><\/p>\n<p>Tomando contacto con todos los miembros de la entidad, con junta directiva, con padres y madres de jugadores, con los socios y socias, planteando la constituci\u00f3n de una junta gestora que permitiera volver a llevar a la Uni\u00f3n Deportiva Telde al lugar que ha tenido en su historia como entidad deportiva.<\/p>\n<p>Durante el mes de julio de 2009, los miembros de la junta gestora realizan una diagnosis de la situaci\u00f3n del club, para tener un punto de partida y poder realizar las l\u00edneas generales de un proyecto a largo plazo para la entidad, que tras la asamblea general extraordinaria del 3 de agosto de 2009, se aprueba por unanimidad por los socios y socias de la Uni\u00f3n Deportiva Telde.<\/p>\n<p>Habi\u00e9ndose conseguido desde entonces el ascenso a la Tercera Divisi\u00f3n y a la Juvenil Divisi\u00f3n de Honor, manteniendo intactas las categor\u00edas de Juvenil, ascendido a preferente, y Cadete Preferente, adem\u00e1s de la consolidaci\u00f3n y fortalecimiento de equipos de la base, comienza un nuevo periodo, una nueva era en la Uni\u00f3n Deportiva Telde.<\/p>\n<p>La nueva Junta gestora del club, con su presidente D,ALFONSO LUIS MELERO a la cabeza, pretende consolidar el \u00e1rea de gesti\u00f3n de la entidad, haci\u00e9ndola m\u00e1s eficaz cada d\u00eda, establecer un punto de partida y un proyecto de futuro en el plano deportivo, teniendo como premisas fundamentales la promoci\u00f3n de valores y h\u00e1bitos saludables a trav\u00e9s de la pr\u00e1ctica deportiva y la formaci\u00f3n y, adem\u00e1s, conservar las categor\u00edas en las cuales milita actualmente la entidad.<\/p>\n<p>En esa l\u00ednea de trabajo, la imagen del club y su organizaci\u00f3n ser\u00e1n los verdaderos protagonistas y, por consiguiente, los m\u00e1s favorecidos, puesto que todo cuanto se haga ir\u00e1 en beneficio del fortalecimiento y la garant\u00eda de futuro del club Uni\u00f3n Deportiva Telde.<\/p>\n<p>Este es el proyecto que queremos para la Uni\u00f3n Deportiva Telde, equipo representativo de nuestra Gran Ciudad y que fuera, hist\u00f3ricamente, uno de los m\u00e1s importantes de Gran Canaria y del resto de las islas.<\/p>\n<p style=\"text-align: center\"><a href=\"https:\/\/es.wikipedia.org\/wiki\/Uni%C3%B3n_Deportiva_Telde\">https:\/\/es.wikipedia.org\/wiki\/Uni%C3%B3n_Deportiva_Telde<\/a><\/p>\n<p>UNA PAGINA M\u00c1S A LA HISTORIA DEL CLUB<br \/>\nEn m\u00e1s de 50 a\u00f1os de historia, la UD Telde ha\u00a0intentado estar siempre a la vanguardia en formaci\u00f3n,educaci\u00f3n, valores y competici\u00f3n como club de f\u00fatbol.<br \/>\nEn un momento en el que la sociedad se encuentra\u00a0inmersa en alcanzar la igualdad de sexo, la UD Telde\u00a0crey\u00f3 que era el momento de dar ese paso y acoger en\u00a0su organigrama a un equipo femenino.<br \/>\nLo que empez\u00f3 con dudas por el escaso n\u00famero\u00a0de chicas en su comienzo ha acabado siendo una\u00a0realidad y la Ud Telde presume este viernes de ELLAS.<br \/>\nLa presentaci\u00f3n tendr\u00e1 lugar este viernes 21 a las\u00a019:15 en el Pablo Hernandez frente al Union Viera B.<br \/>\nCon ellas, el club no solo escribe una pagina mas en\u00a0su historia, sino que aporta su grano de arena para\u00a0alcanzar la igualdad de g\u00e9nero en todos los \u00e1mbitos\u00a0de la vida, incluida la deportiva.<br \/>\nCon este equipo, laUd Telde quiere ofrecer a la\u00a0sociedad un club donde todos y todas tienen su lugar,\u00a0sin importar la raza, creencia, sexo o cultura.<br \/>\nEse mismo d\u00eda, a las 17:30 tendra lugar el entreno\u00a0semanal de los cadetes e infantiles que siguen\u00a0buscando jugadores para cerrar sus plantillas.<br \/>\nTodo\u00a0esto con la camapa\u00f1a de fidelizaci\u00f3n que ha iniciado\u00a0el club ofrrciendo a todos sus jugadores de los\u00a0equipos base cuotas gratis para esta temporada.<br \/>\nVen ma\u00f1ana viernes 21\/09\/2018 al Pablo Hernandez y\u00a0<a href=\"https:\/\/www.facebook.com\/hashtag\/quenotelocuenten?source=feed_text\">#quenotelocuenten<\/a><\/p>\n<p>&nbsp;<\/p>\n","protected":false},"excerpt":{"rendered":"<p>HISTORIA DE\u00a0 LA UNION DEPORTIVA TELDE. Fundada en 1965, la Uni\u00f3n Deportiva Telde con casi 50 a\u00f1os de historia ha sido, y debe ser, una de las referencias deportivas en la isla de Gran Canaria y en el Archipi\u00e9lago Canario en el mundo del f\u00fatbol. Llevando el nombre de la Gran Ciudad, no solo por [&hellip;]<\/p>\n","protected":false},"author":116,"featured_media":0,"parent":0,"menu_order":0,"comment_status":"closed","ping_status":"closed","template":"page-templates\/page-history.php","meta":{"footnotes":""},"class_list":["post-21","page","type-page","status-publish","hentry"],"_links":{"self":[{"href":"https:\/\/www.futbolclubs.es\/udtelde\/wp-json\/wp\/v2\/pages\/21","targetHints":{"allow":["GET"]}}],"collection":[{"href":"https:\/\/www.futbolclubs.es\/udtelde\/wp-json\/wp\/v2\/pages"}],"about":[{"href":"https:\/\/www.futbolclubs.es\/udtelde\/wp-json\/wp\/v2\/types\/page"}],"author":[{"embeddable":true,"href":"https:\/\/www.futbolclubs.es\/udtelde\/wp-json\/wp\/v2\/users\/116"}],"replies":[{"embeddable":true,"href":"https:\/\/www.futbolclubs.es\/udtelde\/wp-json\/wp\/v2\/comments?post=21"}],"version-history":[{"count":9,"href":"https:\/\/www.futbolclubs.es\/udtelde\/wp-json\/wp\/v2\/pages\/21\/revisions"}],"predecessor-version":[{"id":5180,"href":"https:\/\/www.futbolclubs.es\/udtelde\/wp-json\/wp\/v2\/pages\/21\/revisions\/5180"}],"wp:attachment":[{"href":"https:\/\/www.futbolclubs.es\/udtelde\/wp-json\/wp\/v2\/media?parent=21"}],"curies":[{"name":"wp","href":"https:\/\/api.w.org\/{rel}","templated":true}]}}