{"id":25,"date":"2018-08-22T18:00:26","date_gmt":"2018-08-22T16:00:26","guid":{"rendered":"https:\/\/www.futbolclubs.es\/udtelde\/?page_id=25"},"modified":"2018-08-22T18:00:26","modified_gmt":"2018-08-22T16:00:26","slug":"referees","status":"publish","type":"page","link":"https:\/\/www.futbolclubs.es\/udtelde\/referees\/","title":{"rendered":"Saludo"},"content":{"rendered":"<p>Llega el mes de agosto y desaparecemos todos de oficinas, empresas y lugares de trabajo. La gran mayor\u00eda busca el descanso anual en playas, monta\u00f1as y viajes maravillosos. El f\u00fatbol es diferente, termina la temporada y comienza otra, no da tiempo a pasar la p\u00e1gina, ya que cuando te das cuenta est\u00e1s inmerso en preparar la pretemporada, cuerpo t\u00e9cnico, fichas, que todo est\u00e9 a punto y en orden. Acabamos de asumir la presidencia de un gran club. U.D. TELDE, un gran club por el que han pasado grandes compa\u00f1eros y presidentes que han llevado esta marca a lo m\u00e1s alto.<br \/>\nGrandes entrenadores que han dejado toda su profesionalidad en estos banquillos, grandes jugadores que desde el primer minuto entendieron la camiseta que se pon\u00edan y el escudo que representaban . Para lo \u00faltimo quer\u00eda dejar esa afici\u00f3n que acud\u00eda en masa y que llenaba las gradas del Estadio Pablo Hern\u00e1ndez, sin ellos nada hubiera sido posible. Sabemos que sin viento es dif\u00edcil navegar pero \u00absomos costeros\u00bb y llevaremos este barco a buen puerto. Arriba Telde!!<\/p>\n","protected":false},"excerpt":{"rendered":"<p>Llega el mes de agosto y desaparecemos todos de oficinas, empresas y lugares de trabajo. La gran mayor\u00eda busca el descanso anual en playas, monta\u00f1as y viajes maravillosos. El f\u00fatbol es diferente, termina la temporada y comienza otra, no da tiempo a pasar la p\u00e1gina, ya que cuando te das cuenta est\u00e1s inmerso en preparar [&hellip;]<\/p>\n","protected":false},"author":116,"featured_media":0,"parent":0,"menu_order":0,"comment_status":"closed","ping_status":"closed","template":"page-templates\/page-referees.php","meta":{"footnotes":""},"class_list":["post-25","page","type-page","status-publish","hentry"],"_links":{"self":[{"href":"https:\/\/www.futbolclubs.es\/udtelde\/wp-json\/wp\/v2\/pages\/25","targetHints":{"allow":["GET"]}}],"collection":[{"href":"https:\/\/www.futbolclubs.es\/udtelde\/wp-json\/wp\/v2\/pages"}],"about":[{"href":"https:\/\/www.futbolclubs.es\/udtelde\/wp-json\/wp\/v2\/types\/page"}],"author":[{"embeddable":true,"href":"https:\/\/www.futbolclubs.es\/udtelde\/wp-json\/wp\/v2\/users\/116"}],"replies":[{"embeddable":true,"href":"https:\/\/www.futbolclubs.es\/udtelde\/wp-json\/wp\/v2\/comments?post=25"}],"version-history":[{"count":2,"href":"https:\/\/www.futbolclubs.es\/udtelde\/wp-json\/wp\/v2\/pages\/25\/revisions"}],"predecessor-version":[{"id":334,"href":"https:\/\/www.futbolclubs.es\/udtelde\/wp-json\/wp\/v2\/pages\/25\/revisions\/334"}],"wp:attachment":[{"href":"https:\/\/www.futbolclubs.es\/udtelde\/wp-json\/wp\/v2\/media?parent=25"}],"curies":[{"name":"wp","href":"https:\/\/api.w.org\/{rel}","templated":true}]}}