{"id":29,"date":"2018-08-16T16:43:38","date_gmt":"2018-08-16T14:43:38","guid":{"rendered":"https:\/\/www.futbolclubs.es\/udtelde\/?page_id=29"},"modified":"2018-08-16T16:43:38","modified_gmt":"2018-08-16T14:43:38","slug":"the-club-2","status":"publish","type":"page","link":"https:\/\/www.futbolclubs.es\/udtelde\/the-club-2\/","title":{"rendered":"Pellizco de Historia"},"content":{"rendered":"<p>Corr\u00eda el a\u00f1o 2006 y una nueva etapa, m\u00e1s tristes que las inmediatamente anteriores, se abr\u00eda para la UD Telde. Tras permanecer 25 a\u00f1os en Tercera Divisi\u00f3n y varia temporadas en Segunda B, el equipo teldense hab\u00eda descendido a Regional Preferente. Jos\u00e9 Fernando Su\u00e1rez Rodr\u00edguez, que milit\u00f3 durante varios a\u00f1os en la entidad, defendiendo la porter\u00eda del equipo hasta juveniles, se hart\u00f3 de escuchar las voces de descontento de una defraudada hinchada y decidi\u00f3 poner negro sobre blanco la historia de un club al que ama y del que espera se sepa a partir de las pr\u00f3ximas elecciones llevar a buen puerto o, por lo menos, mantenerlo en las aguas por donde navega ahora tras el varapalo de su ca\u00edda a los infiernos del f\u00fatbol regional de Canarias. En principio, Jos\u00e9 Fernando pensaba realizar la historia del equipillo para regal\u00e1rsela a un amigo, pero su paso y estancia en las hemerotecas, sus conversaciones con numerosos aficionados de todas la \u00e9pocas y su investigaci\u00f3n desde el privilegiado lugar donde se gana los garbanzos, la Sociedad La Fraternidad de Telde, han propiciado el nacimiento de una obra formidable que bien merece los honores de una edici\u00f3n, sobre todo ahora, momento en que la entidad vive un momento decisivo en su devenir, sean quienes sean los que rijan sus destinos a partir de las pr\u00f3ximas elecciones a junta directiva. Su\u00e1rez Rodr\u00edguez apela a su impulso primero, el de hacer una obra que reflejara la brillante historia de su equipo y as\u00ed complacer a un amigo, tan aficionado a la entidad como \u00e9l, pero no desde\u00f1a el ver su trabajo publicado, por lo que puede aportar a los que ya conocen superficialmente su historia y sobre todo por lo que puede suponer para nuevas generaciones de aficionados de la UD Telde. \u00abCon los datos que he podido recabar\u00bb, nos dice Jos\u00e9 Fernando, \u00abescribo que, all\u00e1 por los a\u00f1os treinta, en \u00e9poca de la Rep\u00fablica, se reunieron en la ciudad Juan Galindo Su\u00e1rez, que ten\u00eda una peleter\u00eda, el farmac\u00e9utico Juanito Hidalgo y algunas personas m\u00e1s con la intenci\u00f3n de formar un equipo que llevara el nombre de Telde. Ellos sab\u00edan que en el municipio hab\u00eda muy buenos jugadores de f\u00fatbol, casi todos jugando en otros t\u00e9rminos municipales o, simplemente, pasando el rato como aficionados dispersos. Reunieron a un grupo y jugaron en principio jugaban partidos no oficiales, hasta que en 1944 se fund\u00f3 oficialmente el equipo, denomin\u00e1ndose sucesivamente Telde, CD Telde y UD Telde. La primera alineaci\u00f3n que se recuerda fue la formada por Pepe Gonz\u00e1lez; Pancho Ortega, Nicol\u00e1s Meli\u00e1n, Pancho Meli\u00e1n; Laureano Betancor, Pedro Monz\u00f3n; Pepe Alem\u00e1n, Juan Franco, Paco Alem\u00e1n y Perico El Taco\u00bb. Tras hacer una relaci\u00f3n de los presidentes que el equipo teldense desde 1944-45, siendo el primero Federico Quintana L\u00f3pez, hasta la fundaci\u00f3n por la uni\u00f3n de varios clubes del municipio, de la UD Telde, en 1965, correspondiendo el honor a Juan Cruz Quintana, Jos\u00e9 Fernando Su\u00e1rez refleja en su obra la historia de la entidad, desde el primer ascenso a Segunda Regional, en la temporada 1965-1966, hasta nuestros d\u00edas. \u00abAquel primer ascenso\u00bb, se\u00f1ala Su\u00e1rez, \u00abfue emocionante, dado que el equipo hab\u00eda culminado una temporada excelente, perdiendo un solo partido contra el Escaleritas, por 2-1. La promoci\u00f3n de ascenso la disput\u00f3 contra el Guanarteme, en un partido de desempate, dado que en los enfrentamientos entre ambos conjuntos, el equipo capitalino se hab\u00eda impuesto al Telde, por 2-1, con gol sure\u00f1o de Juanillo y en la vuelta ganamos nosotros por 1-0, con gol del mismo jugador. En el desempate gan\u00f3 la UD Telde por 3-0, con goles de Nicol\u00e1s, Agust\u00edn y Chicho. Aquella hist\u00f3rica alineaci\u00f3n estaba formada por Crist\u00f3bal; \u00d1a\u00f1o, Celestino, Leonardo; Juan Diego, Sosa; Nicol\u00e1s, Chicho, Gonzalo C\u00e1ceres, Juan C\u00e1ceres y Agust\u00edn\u00bb. En esta maravilla en busca de edici\u00f3n que ha elaborado el ex jugador de la UD Telde Jos\u00e9 Fernando Su\u00e1rez Rodr\u00edguez, se recoge con fidelidad la historia de un club que parece volver por su fueros desde aquellos lejanos a\u00f1os treinta del pasado siglo hasta nuestros d\u00edas, jalon\u00e1ndose su recorrido con logros tan importantes como la obtenci\u00f3n de la Copa Federaci\u00f3n (1975-76), coincidiendo con la inauguraci\u00f3n de la iluminaci\u00f3n de El Hornillo, el campeonato del grupo canario de Tercera Divisi\u00f3n (1981-82) y el correspondiente ascenso a Segunda B y el retorno \u00faltimo a Tercera Divisi\u00f3n, donde permanece con afanes de superaci\u00f3n y con vocaci\u00f3n de reditar pasadas gestas deportivas. \u00abEn definitiva\u00bb, concluye Su\u00e1rez Rodr\u00edguez, \u00ablo que creo que he logrado con este trabajo es dar a conocer, con abundante material gr\u00e1fico, retazos hist\u00f3ricos, documentos oficiales, datos de las hemerotecas y una intensa labor de campo, hablando con miles de aficionados de diferentes \u00e9pocas, entre los que puedo citar a Jos\u00e9 Martel, Antonio Su\u00e1rez, Pedro Monz\u00f3n, Antonio Mayor, Juan C\u00e1ceres, Tito Galv\u00e1n, Carmelo Santana y tantos otros, la historia de esa ilusi\u00f3n que fue, y es, la UD Telde para muchos teldenses, algunos de los cuales ya no est\u00e1n entre nosotros. Para m\u00ed significar\u00eda una enorme alegr\u00eda ver este documento publicado, pero eso no depende ya de m\u00ed que, en principio, me puse a la tarea para regal\u00e1rselo a un amigo y miara t\u00fa por donde va la historia ya?\u00bb.<\/p>\n<div class=\"table-responsive col-lg-12 col-md-12 col-xs-12 col-sm-12 spaceTopText\">\n<table class=\"table table-striped\">\n<tbody>\n<tr>\n<td class=\"textTableTitle\">Jos\u00e9 Fernando Su\u00e1rez Rodr\u00edguez<\/td>\n<\/tr>\n<\/tbody>\n<\/table>\n<\/div>\n<p><a name=\"content\"><\/a><\/p>\n","protected":false},"excerpt":{"rendered":"<p>Corr\u00eda el a\u00f1o 2006 y una nueva etapa, m\u00e1s tristes que las inmediatamente anteriores, se abr\u00eda para la UD Telde. Tras permanecer 25 a\u00f1os en Tercera Divisi\u00f3n y varia temporadas en Segunda B, el equipo teldense hab\u00eda descendido a Regional Preferente. Jos\u00e9 Fernando Su\u00e1rez Rodr\u00edguez, que milit\u00f3 durante varios a\u00f1os en la entidad, defendiendo la [&hellip;]<\/p>\n","protected":false},"author":116,"featured_media":0,"parent":0,"menu_order":0,"comment_status":"closed","ping_status":"closed","template":"page-templates\/page-free.php","meta":{"footnotes":""},"class_list":["post-29","page","type-page","status-publish","hentry"],"_links":{"self":[{"href":"https:\/\/www.futbolclubs.es\/udtelde\/wp-json\/wp\/v2\/pages\/29","targetHints":{"allow":["GET"]}}],"collection":[{"href":"https:\/\/www.futbolclubs.es\/udtelde\/wp-json\/wp\/v2\/pages"}],"about":[{"href":"https:\/\/www.futbolclubs.es\/udtelde\/wp-json\/wp\/v2\/types\/page"}],"author":[{"embeddable":true,"href":"https:\/\/www.futbolclubs.es\/udtelde\/wp-json\/wp\/v2\/users\/116"}],"replies":[{"embeddable":true,"href":"https:\/\/www.futbolclubs.es\/udtelde\/wp-json\/wp\/v2\/comments?post=29"}],"version-history":[{"count":2,"href":"https:\/\/www.futbolclubs.es\/udtelde\/wp-json\/wp\/v2\/pages\/29\/revisions"}],"predecessor-version":[{"id":157,"href":"https:\/\/www.futbolclubs.es\/udtelde\/wp-json\/wp\/v2\/pages\/29\/revisions\/157"}],"wp:attachment":[{"href":"https:\/\/www.futbolclubs.es\/udtelde\/wp-json\/wp\/v2\/media?parent=29"}],"curies":[{"name":"wp","href":"https:\/\/api.w.org\/{rel}","templated":true}]}}