{"id":40,"date":"2018-08-16T17:20:50","date_gmt":"2018-08-16T15:20:50","guid":{"rendered":"https:\/\/www.futbolclubs.es\/udtelde\/?page_id=40"},"modified":"2018-08-16T17:20:50","modified_gmt":"2018-08-16T15:20:50","slug":"infos-3","status":"publish","type":"page","link":"https:\/\/www.futbolclubs.es\/udtelde\/infos-3\/","title":{"rendered":"Epoca Dorada"},"content":{"rendered":"<p><img loading=\"lazy\" decoding=\"async\" class=\"size-full wp-image-168 aligncenter\" src=\"https:\/\/www.futbolclubs.es\/udtelde\/wp-content\/uploads\/sites\/115\/2018\/08\/app040818001151-2741.jpg\" alt=\"\" width=\"273\" height=\"184\" \/><\/p>\n<p>Un amplio grupo de jugadores de la Uni\u00f3n deportiva Telde que en los primeros a\u00f1os de la d\u00e9cada de los 80 consiguieron los t\u00edtulos de campe\u00f3n y subcampe\u00f3n de la Tercera Divisi\u00f3n Canaria, y participaron tambi\u00e9n en varias eliminatorias de ascenso a la Segunda Divisi\u00f3n Nacional.<br \/>\nLas plantillas de los a\u00f1os dorados del club azul\u00f3n estaban compuestas, entre otros ,por Gustavo, Domingo, Artiles,Montoya , Orlando, Barrera , Francisco, Tino Falc\u00f3n, Tito, Diego, Juan Francisco ( El Guanche ), Carmelo, Pepe Arencibia, Haz\u00e1n, Miguel \u00c1ngel Morales, Gin\u00e9s , Tino Santana, Suso , Rafa, Dominguez ,Ricardo , Senlle, Bernardo, Paco Lesmes, Juanma, Miguel Quintana, Doblado, Y\u00e1nez.<br \/>\nEn aquel entonces era Antonio Manuel<br \/>\nPulido H\u00e9rnandez la persona que presid\u00eda esta instituci\u00f3n teldense que hace dos a\u00f1os, en 2015, celebr\u00f3 su medio aniversario de vida.El Banquillo de la UD Telde lo ocupaba Juan Trujillo Bord\u00f3n y su ayudante , el tambi\u00e9n exjugador Pedro Martel C\u00e1ceres.<\/p>\n","protected":false},"excerpt":{"rendered":"<p>Un amplio grupo de jugadores de la Uni\u00f3n deportiva Telde que en los primeros a\u00f1os de la d\u00e9cada de los 80 consiguieron los t\u00edtulos de campe\u00f3n y subcampe\u00f3n de la Tercera Divisi\u00f3n Canaria, y participaron tambi\u00e9n en varias eliminatorias de ascenso a la Segunda Divisi\u00f3n Nacional. Las plantillas de los a\u00f1os dorados del club azul\u00f3n [&hellip;]<\/p>\n","protected":false},"author":116,"featured_media":0,"parent":0,"menu_order":0,"comment_status":"closed","ping_status":"closed","template":"page-templates\/page-free.php","meta":{"footnotes":""},"class_list":["post-40","page","type-page","status-publish","hentry"],"_links":{"self":[{"href":"https:\/\/www.futbolclubs.es\/udtelde\/wp-json\/wp\/v2\/pages\/40","targetHints":{"allow":["GET"]}}],"collection":[{"href":"https:\/\/www.futbolclubs.es\/udtelde\/wp-json\/wp\/v2\/pages"}],"about":[{"href":"https:\/\/www.futbolclubs.es\/udtelde\/wp-json\/wp\/v2\/types\/page"}],"author":[{"embeddable":true,"href":"https:\/\/www.futbolclubs.es\/udtelde\/wp-json\/wp\/v2\/users\/116"}],"replies":[{"embeddable":true,"href":"https:\/\/www.futbolclubs.es\/udtelde\/wp-json\/wp\/v2\/comments?post=40"}],"version-history":[{"count":2,"href":"https:\/\/www.futbolclubs.es\/udtelde\/wp-json\/wp\/v2\/pages\/40\/revisions"}],"predecessor-version":[{"id":169,"href":"https:\/\/www.futbolclubs.es\/udtelde\/wp-json\/wp\/v2\/pages\/40\/revisions\/169"}],"wp:attachment":[{"href":"https:\/\/www.futbolclubs.es\/udtelde\/wp-json\/wp\/v2\/media?parent=40"}],"curies":[{"name":"wp","href":"https:\/\/api.w.org\/{rel}","templated":true}]}}