{"id":21,"date":"2019-10-11T14:45:13","date_gmt":"2019-10-11T12:45:13","guid":{"rendered":"https:\/\/www.futbolclubs.es\/ujcostaayala\/?page_id=21"},"modified":"2019-12-05T17:07:47","modified_gmt":"2019-12-05T15:07:47","slug":"history","status":"publish","type":"page","link":"https:\/\/www.futbolclubs.es\/ujcostaayala\/history\/","title":{"rendered":"Historia Costa Ayala"},"content":{"rendered":"<p>A finales del siglo XV<i>\u00a0<\/i>y comienzos del XVI llegar\u00e1 a la zona actualmente conocida como\u00a0<i>Casa Ayala<\/i>, Guill\u00e9n de Ayala, con apellido de origen vasco, al igual que el de muchos otros conquistadores.<\/p>\n<p>No consta que este personaje estuviera relacionado con la conquista de la isla, pero s\u00ed que lleg\u00f3 por aquellos primeros momentos y se hizo con un considerable lote de tierras en la desembocadura del\u00a0<i>Barranco de Tenoya<\/i>, que es posiblemente un antepasado del licenciado Gaspar de Ayala, Teniente de Gobernador de Canarias, padre del capit\u00e1n hom\u00f3nimo que fuera regidor y abuelo de Maria Ana o Mariana de Ayala que se casar\u00eda con el capit\u00e1n Agust\u00edn Ingl\u00e9s del Castillo.<\/p>\n<p>All\u00ed construy\u00f3 su hacienda, justo en la ladera del Barranco, en lo que hoy en d\u00eda se sigue conociendo como\u00a0<i>Casa Ayala<\/i>\u00a0y en su momento se conoci\u00f3 como la casa de Guill\u00e9n de Ayala. Plant\u00f3 los terrenos colindantes y sus posesiones llegaron al\u00a0<i>Llano del Mar<\/i>, lo que hoy es conocido como\u00a0<i>Costa Ayala<\/i>.<\/p>\n<p>Hay una referencia documental cuando, el 21 de abril de 1671, los herederos del Capit\u00e1n Bartolom\u00e9 de Muxica Lezcano y Ambrosia Serrate de Figueroa, vecinos que hab\u00edan sido de esta isla, dan su consentimiento para que se puedan vender sus posesiones, entre las que se encontraban:\u00a0<i>\u00ab\u2026 una suerte grande de tierras de labrad\u00edo en Tamarasaite, en la Cruz del Ovejero, otra suerte denominada Los Guirres, en el Cardonal de Tamarasaite que llaman Cuevas Blancas, lindaban con los Cercados de Guill\u00e9n de Ayala, a la pared a dar al Llano del Mar&#8230;\u00bb.<\/i><\/p>\n<p>Con posterioridad, en el testamento otorgado por Jos\u00e9 \u00c1lvarez Castro Godoy, Maestre Escuela y Dignidad de la Catedral, dice ser propietario por compra de la mitad de un cortijo de seis fanegas y seis celemines, denominado de\u00a0<i>Ayala<\/i>, en\u00a0<i>Tenoya<\/i>, con un d\u00eda y una noche del Heredamiento del Barranco Real y otro cuarto de agua con su nombre del dicho heredamiento; una suerte de tierra situada en medio del\u00a0<i>Cortijo de Ayala<\/i>\u00a0por compra; otra suerte de tierra con su derecho de agua del Heredamiento de Tenoya en el Cortijo de Ayala; y otra suerte de tierra labrad\u00eda en\u00a0<i>Casa de Ayala<\/i>.<\/p>\n<p>Pero tambi\u00e9n otros lugares en el actual\u00a0<i>Tamaraceite<\/i>, entre\u00a0<i>La Monta\u00f1eta<\/i>\u00a0y\u00a0<i>Lomo de Los Frailes<\/i>, recibieron desde siglos atr\u00e1s otro top\u00f3nimo gen\u00e9rico vinculado a este apellido, como lo prueba el testamento de Josefa Castillo Olivares, viuda del Maestre de Campo Antonio Trujillo Vergara, que el d\u00eda 13 de junio de 1704 dice tener 68 fanegas y 10 celemines de un\u00a0<i>\u00abCortijo labrad\u00edo con sus casas de campo denominado la Hoya de Ayala en Tamaraceite\u00bb<\/i>\u00a0que hab\u00eda comprado.<\/p>\n<p>&nbsp;<\/p>\n<p>&nbsp;<\/p>\n<p>&nbsp;<\/p>\n","protected":false},"excerpt":{"rendered":"<p>A finales del siglo XV\u00a0y comienzos del XVI llegar\u00e1 a la zona actualmente conocida como\u00a0Casa Ayala, Guill\u00e9n de Ayala, con apellido de origen vasco, al igual que el de muchos otros conquistadores. No consta que este personaje estuviera relacionado con la conquista de la isla, pero s\u00ed que lleg\u00f3 por aquellos primeros momentos y se [&hellip;]<\/p>\n","protected":false},"author":1340,"featured_media":0,"parent":0,"menu_order":0,"comment_status":"closed","ping_status":"closed","template":"page-templates\/page-history.php","meta":{"footnotes":""},"class_list":["post-21","page","type-page","status-publish","hentry"],"_links":{"self":[{"href":"https:\/\/www.futbolclubs.es\/ujcostaayala\/wp-json\/wp\/v2\/pages\/21","targetHints":{"allow":["GET"]}}],"collection":[{"href":"https:\/\/www.futbolclubs.es\/ujcostaayala\/wp-json\/wp\/v2\/pages"}],"about":[{"href":"https:\/\/www.futbolclubs.es\/ujcostaayala\/wp-json\/wp\/v2\/types\/page"}],"author":[{"embeddable":true,"href":"https:\/\/www.futbolclubs.es\/ujcostaayala\/wp-json\/wp\/v2\/users\/1340"}],"replies":[{"embeddable":true,"href":"https:\/\/www.futbolclubs.es\/ujcostaayala\/wp-json\/wp\/v2\/comments?post=21"}],"version-history":[{"count":5,"href":"https:\/\/www.futbolclubs.es\/ujcostaayala\/wp-json\/wp\/v2\/pages\/21\/revisions"}],"predecessor-version":[{"id":479,"href":"https:\/\/www.futbolclubs.es\/ujcostaayala\/wp-json\/wp\/v2\/pages\/21\/revisions\/479"}],"wp:attachment":[{"href":"https:\/\/www.futbolclubs.es\/ujcostaayala\/wp-json\/wp\/v2\/media?parent=21"}],"curies":[{"name":"wp","href":"https:\/\/api.w.org\/{rel}","templated":true}]}}