{"id":29,"date":"2019-12-05T17:06:49","date_gmt":"2019-12-05T15:06:49","guid":{"rendered":"https:\/\/www.futbolclubs.es\/ujcostaayala\/?page_id=29"},"modified":"2021-11-26T23:20:40","modified_gmt":"2021-11-26T21:20:40","slug":"the-club-2","status":"publish","type":"page","link":"https:\/\/www.futbolclubs.es\/ujcostaayala\/the-club-2\/","title":{"rendered":"Historia Club U.J.Costa Ayala"},"content":{"rendered":"<p>All\u00e1 por el a\u00f1o 1979, Jos\u00e9 Antonio Santana, Enersto Corujo, Julio Garcia, Francisco Mendoza, Juan Santana, Miguel Gonzalez, Matias Santana, Manuel Santana, Andres Matias Ruiz, Juan Montesdeoca, este grupo de vecinos de Costa Ayala y de sus barrios colindantes, Ca\u00f1ada Honda, Casa Ayala, Tinocas, Ladera Alta y Los giles, se unieron para refundar el Costa Ayala, por aquel entonces el club \u00fanicamente dispon\u00eda de un equipo en la categor\u00eda regional el cual estaba formado \u00fanicamente por jugadores de la zona y con el paso del tiempo fue creciendo y con ello la llegada de jugadores tanto de la capital como del norte de la isla y se produjo la creaci\u00f3n de equipos en las diferentes categor\u00edas\u00a0 existentes por aquel entonces.<\/p>\n<p>En dicho a\u00f1o el club pas\u00f3 de llamarse Costa Ayala a Uni\u00f3n Juventud Costa Ayala.<\/p>\n<p>El tiempo transcurr\u00eda con total normalidad dentro del UJ Costa Ayala, hasta en 1992 el club sufri\u00f3 un duro golpe, debido al cierre inesperado de su propio campo. Esto provoc\u00f3 que el que solo pudiese mantener a su Regional, ya que los entrenamientos del equipo se produc\u00eda sobre asfalto, exactamente en el actual parking anexo al actual Campo de Costa Ayala, hasta que en el a\u00f1o 2000, tras el cierre del antiguo matadero, los propios entrenamientos se produjeron en un peque\u00f1o trozo de matadero, dejando en el olvido el duro asfalto .As\u00ed mismo, los partidos eran disputados en el campo de San Andr\u00e9s y en el Juan Guedes.<\/p>\n<p>En el a\u00f1o 2003, acabar\u00eda el calvario para el club con la inauguraci\u00f3n de un nuevo campo de futbol de c\u00e9sped artificial, en el cual posiblemente se hayan escrito las mejores p\u00e1ginas en la historia. Con la apertura del nuevo campo, el club consigue restaurar todos sus equipos en las categor\u00edas. Incluso un equipo en la categor\u00eda femenino, en el a\u00f1o 2005.<\/p>\n<p>En la temporada 2009-2010 el femenino consegu\u00eda el ascenso a 1\u00aa Nacional.<\/p>\n<p>En la temporada 2013-2014 ascenso del benjam\u00edn a preferente.<\/p>\n<p>En la temporada 2014-2015 se produjo el ascenso m\u00e1s importante en la historia del club, el primer ascenso a la Regional Preferente.<\/p>\n<p>En la temporada 2015-2016 ascenso del alev\u00edn a preferente.<\/p>\n<p>Y la temporada pasada 2018-2019, el regional se proclam\u00f3 Campe\u00f3n por primera vez en la historia del Grupo I de la Primera Regional y por consecuencia se volvi\u00f3 a conseguir un nuevo ascenso a Regional Preferente<\/p>\n<p>Cabe destacar que durante toda su historia el Costa Ayala ha surtido de algunos jugadores a la UD Las Palmas, como el propio Javier Campos que jugo en 1\u00aa Divisi\u00f3n, Miguel \u201cMigueli\u201d Santana para las Palmas atl\u00e9tico, adem\u00e1s de las categor\u00edas inferiores como Alberto Auyanet, Giovanni Castellano, Carlos Cabrera, Rub\u00e9n Torres (Actual jugador del Real Madrid) , as\u00ed como para las selecci\u00f3n canaria como la actual jugadora del infantil Cristina, H\u00e9ctor Ruiz o Zaira (actual jugadora del C.D. Femarguin ) medina que incluso fue campeona de Espa\u00f1a en 2008 con la selecci\u00f3n canaria sub 18.<\/p>\n<p>Respecto a las dificultades que presenta:<\/p>\n<p>El club dispone actualmente con escasez de jugadores en algunos de sus equipos, para ello el club implanto una nueva medida al reducir sus cuotas para as\u00ed de este modo conseguir captar jugadores.<\/p>\n<p>Como la gran mayor\u00eda de los equipos el club tiene problemas para poder salir adelante econ\u00f3micamente, adem\u00e1s mantener un equipo en la regional preferente no es nada f\u00e1cil sin unos buenos ingresos, ya que incluso tiene que viajar, todo esto no ser\u00eda posible sin la \u00a0ayuda que ofrecen sus patrocinadores, Mabecan, Luz Natural, Sportium, Granier, S.A.T. Botija, Transporte de veh\u00edculos Luna y Ciudad Alta( Centro de fisioterapia y audiolog\u00eda).<\/p>\n","protected":false},"excerpt":{"rendered":"<p>All\u00e1 por el a\u00f1o 1979, Jos\u00e9 Antonio Santana, Enersto Corujo, Julio Garcia, Francisco Mendoza, Juan Santana, Miguel Gonzalez, Matias Santana, Manuel Santana, Andres Matias Ruiz, Juan Montesdeoca, este grupo de vecinos de Costa Ayala y de sus barrios colindantes, Ca\u00f1ada Honda, Casa Ayala, Tinocas, Ladera Alta y Los giles, se unieron para refundar el Costa [&hellip;]<\/p>\n","protected":false},"author":1340,"featured_media":0,"parent":0,"menu_order":0,"comment_status":"closed","ping_status":"closed","template":"page-templates\/page-free.php","meta":{"footnotes":""},"class_list":["post-29","page","type-page","status-publish","hentry"],"_links":{"self":[{"href":"https:\/\/www.futbolclubs.es\/ujcostaayala\/wp-json\/wp\/v2\/pages\/29","targetHints":{"allow":["GET"]}}],"collection":[{"href":"https:\/\/www.futbolclubs.es\/ujcostaayala\/wp-json\/wp\/v2\/pages"}],"about":[{"href":"https:\/\/www.futbolclubs.es\/ujcostaayala\/wp-json\/wp\/v2\/types\/page"}],"author":[{"embeddable":true,"href":"https:\/\/www.futbolclubs.es\/ujcostaayala\/wp-json\/wp\/v2\/users\/1340"}],"replies":[{"embeddable":true,"href":"https:\/\/www.futbolclubs.es\/ujcostaayala\/wp-json\/wp\/v2\/comments?post=29"}],"version-history":[{"count":5,"href":"https:\/\/www.futbolclubs.es\/ujcostaayala\/wp-json\/wp\/v2\/pages\/29\/revisions"}],"predecessor-version":[{"id":2086,"href":"https:\/\/www.futbolclubs.es\/ujcostaayala\/wp-json\/wp\/v2\/pages\/29\/revisions\/2086"}],"wp:attachment":[{"href":"https:\/\/www.futbolclubs.es\/ujcostaayala\/wp-json\/wp\/v2\/media?parent=29"}],"curies":[{"name":"wp","href":"https:\/\/api.w.org\/{rel}","templated":true}]}}